{"id":1783,"date":"2017-03-27T15:53:50","date_gmt":"2017-03-27T15:53:50","guid":{"rendered":"http:\/\/www.teenlifting.com.hr\/?page_id=1783\/"},"modified":"2018-02-04T18:10:25","modified_gmt":"2018-02-04T18:10:25","slug":"franchise","status":"publish","type":"page","link":"https:\/\/teenlifting.co.za\/de\/franchise\/","title":{"rendered":"Franchise"},"content":{"rendered":"<div class=\"section-full-width section-light-bg\" style=\"background-color:#f7f7f7;\" id=\"franchiseteenlifting\u00ae\"><div class=\"section-boxed\" style=\"color:#373737;\"><h2 class=\"section-title\" style=\"color:#252525;\">Franchise TEENLIFTING\u00ae <\/h2><\/p>\n<h3 style=\"text-align: left;\"><a href=\"http:\/\/www.teenlifting.com.hr\/de\/kontakt\/\" target=\"_blank\" rel=\"noopener\">Der Franchise-Vertrag zu TEENLIFTING\u00ae <\/a> kann in der Republik Kroatien oder im Ausland gekauft werden<\/h3>\n<p style=\"text-align: left;\">Franchise erm\u00f6glicht dem K\u00e4ufer schnelleres Wachstum und Gesch\u00e4ftserweiterung bei niedrigerer Anfangsinvestition. F\u00fcr Anf\u00e4nger bietet Franchise den Nutzen des gesamten Wissens, der Erfahrung und der Marke des Konzessionsausstellers. F\u00fcr jedes erfolgreiche Unternehmen bedeutet Franchise h\u00f6heres Wachstumspotential. Franchise bietet dem K\u00e4ufer auch mehr Sicherheit, definierte Kosten, optimale Unterst\u00fctzung und ein eingespieltes System, das alle \u201eKinderkrankheiten\u201c bereits \u00fcberstanden hat. TEENLIFTING\u00ae ist eine hervorragende Investitionschance mit einer getesteten, optimalen Dienstleistung und schneller Investitionsr\u00fcckkehr.<\/p>\n<h3 style=\"text-align: left;\"><\/h3>\n<p>&nbsp;<\/p>\n<div class=\"services-wrapper services-icon cols-wrapper cols-5\"><div class=\"services-title-box col\"><h2>Was beeinhaltet franchise?<\/h2><p>Die Anzahl der Franchise- Nehmer ist begrenzt, wodurch das Franchise-Produkt selbst an Exklusivit\u00e4t und Einzigartigkeit gewinnt. Neben Markennutzrecht und der markengesch\u00fctzten Methode beinhaltet Franchise:<\/p><\/div><div class=\"services-box col\"><div class=\"img-container\"><img decoding=\"async\" src=\"https:\/\/www.teenlifting.com.hr\/content\/uploads\/2016\/09\/znanje-01-4.png\" alt=\"BERUFSERFAHRUNG UND UNTERST\u00dcTZUNG\"\/><\/div><div class=\"services-content\"><div class=\"sc-wraper\"><h3>BERUFSERFAHRUNG UND UNTERST\u00dcTZUNG<\/h3><p>\u00dcbertragung der Berufserfahrung<\/p><\/div><\/div><\/div><div class=\"services-box col\"><div class=\"img-container\"><img decoding=\"async\" src=\"https:\/\/www.teenlifting.com.hr\/content\/uploads\/2016\/09\/trening-01-4.png\" alt=\"TRAINING UND GESCH\u00c4FTSF\u00dcHRUNG\"\/><\/div><div class=\"services-content\"><div class=\"sc-wraper\"><h3>TRAINING UND GESCH\u00c4FTSF\u00dcHRUNG<\/h3><p>Training des Personals und anf\u00e4ngliche Gesch\u00e4ftsf\u00fchrung<\/p><\/div><\/div><\/div><div class=\"services-box col\"><div class=\"img-container\"><img decoding=\"async\" src=\"https:\/\/www.teenlifting.com.hr\/content\/uploads\/2016\/09\/marketing-01-3.png\" alt=\"UNTERST\u00dcTZUNG IM BEREICH MARKETING\"\/><\/div><div class=\"services-content\"><div class=\"sc-wraper\"><h3>UNTERST\u00dcTZUNG IM BEREICH MARKETING<\/h3><p>Pr\u00e4zises Web- und Marketingmaterial.<\/p><\/div><\/div><\/div><div class=\"services-box col nomargin\"><div class=\"img-container\"><img decoding=\"async\" src=\"https:\/\/www.teenlifting.com.hr\/content\/uploads\/2016\/09\/tehnologija-01-3.png\" alt=\"TEHNISCHE UNTERST\u00dcTZUNG\"\/><\/div><div class=\"services-content\"><div class=\"sc-wraper\"><h3>TEHNISCHE UNTERST\u00dcTZUNG<\/h3><p>Stimulatoren TEENLIFTING\u00ae und TEENLIFTING\u00ae Elektroden<\/p><\/div><\/div><\/div><div class=\"clear\"><\/div><\/div>\n<p>\n<\/div><\/div>\n<div class=\"section-full-width section-light2 parallax-scroll\" style=\"background-color:#ffffff; min-height:450px;\" id=\"teenlifting\"><div style=\"background-image:url(https:\/\/www.teenlifting.com.hr\/content\/uploads\/2016\/03\/teenlifting-centar-2.jpg); opacity:0.5; filter: alpha(opacity=50);\" class=\"full-bg-image\" ><\/div><div class=\"section-boxed\" style=\"color:#777777;\"><h2 class=\"section-title\" style=\"color:#252525;\">TEENLIFTING<\/h2><\/p>\n<h3 style=\"text-align: center;\">Eines der Hauptvorteile, dass wir den Franchisenehmern bieten, sind mehr Effizienz und Zeiteinsparung, sowohl f\u00fcr ihn, als auch f\u00fcr den Kunden, weil er gleichzeitig TEENLIFTING und die Mehrheuit der sonst angebotenen Dienste ausf\u00fchren kann.<\/h3>\n<p>\n<\/div><\/div>\n<div class=\"section-full-width section-light-bg\" style=\"background-color:#f7f7f7;\" id=\"franchisenehmerk\u00f6nnenwerden\"><div class=\"section-boxed\" style=\"color:#373737;\"><h2 class=\"section-title\" style=\"color:#252525;\">Franchisenehmer k\u00f6nnen werden:<\/h2><div class=\"services-wrapper services-boxed-photo cols-wrapper cols-3\"><div class=\"services-box col services-no-image\"><div class=\"services-content\"><div class=\"sc-wraper\"><h3>1. Kosmetiksalons<\/h3><p>Durch Einf\u00fchrung der TEENLIFTING Platysma Stimulation erweitern Sie Ihr Sortiment im Bereich der Gesichtsbehandlung und bieten Ihren Kunden eine einzigartige Behandlung mit hervorragenden Ergebnissen, was zu einer gr\u00f6\u00dferen Kundenanzahl und mehr Gesch\u00e4ftserweiterung f\u00fchrt.<\/p><\/div><\/div><\/div><div class=\"services-box col services-no-image\"><div class=\"services-content\"><div class=\"sc-wraper\"><h3>2. Zahnarztpraxen<\/h3><p>Mit TEENLIFTING Platysma bieten Sie Ihren Kunden ein einzigartiges Treatment zur St\u00e4rkung der Gesichtsknochen und der Kiefergelenkmusklen mit einer angenehmen Verj\u00fcngerungsmethode f\u00fcr Gesicht, Hals, Doppelkinn, Wangen und Mund.<\/p><\/div><\/div><\/div><div class=\"services-box col nomargin services-no-image\"><div class=\"services-content\"><div class=\"sc-wraper\"><h3>3. Wellnes- und Spa-Zentren<\/h3><p>Machen Sie Ihre Kunden noch zufriedener und j\u00fcnger mit der angenehmen TEENLIFTING Platysma Behandlung zur Straffung und Verj\u00fcngung im Gesicht, am Hals, dem Kinn, den Wangen und dem Mund.<\/p><\/div><\/div><\/div><div class=\"clear\"><\/div><\/div>\n<div class=\"services-wrapper services-boxed-photo cols-wrapper cols-3\"><div class=\"services-box col services-no-image\"><div class=\"services-content\"><div class=\"sc-wraper\"><h3>4. Kliniken<\/h3><p>Die Aerzten haben Vorrang bei der Erteitlung von Franchiesen.\r\nHeben Sie Ihre Qualit\u00e4t und erweitern Sie ihr Sortiment mit den Diensten von TEENLIFTING Platysma \u2013 der einzigartigen Lifting- Methode durch Elektrostimulation des Platysma Muskels.<\/p><\/div><\/div><\/div><div class=\"services-box col services-no-image\"><div class=\"services-content\"><div class=\"sc-wraper\"><h3>5. Fitness-Zentren<\/h3><p>Durch die einzigartige Fittness- Methiode TEENLIFTING Platysma formen, straffen, festigen und verj\u00fcngen Sie das Gesicht, den Hals, das Kinn, die Wangen und den Mund Ihrer Kunden, erweitern Ihr Angebot und bieten mehr Dienste.<\/p><\/div><\/div><\/div><div class=\"services-box col nomargin services-no-image\"><div class=\"services-content\"><div class=\"sc-wraper\"><h3>6. Friseursalons<\/h3><p>Bieten Sie Ihren Kunden neben Haarpflege auchj die Behandlung TEENLIFTING Platysma an und bieten Sie dadurch das Lifting von Gesicht, Hals, Kinn, Wangen und Mund an.<\/p><\/div><\/div><\/div><div class=\"clear\"><\/div><\/div>\n<p>\n<\/div><\/div>\n<div class=\"section-full-width section-light-bg\" style=\"background-color:#ffffff;\" id=\"warumdiefranchiseteenlifting\u00aew\u00e4hlen\"><div class=\"section-boxed\" style=\"color:#373737;\"><h2 class=\"section-title\" style=\"color:#252525;\">Warum die Franchise TEENLIFTING\u00ae w\u00e4hlen?<\/h2><\/p>\n<p style=\"text-align: left;\">Methoden zur Doppelkinnstraffung auf dem Markt sind: Radiofrequenz des Doppelkinns, Laser Behandlung, chirurgischer Eingriff zur Behebung des Deppelkinns. <strong><u>TEENLIFTING\u00ae unterscheidet sich von den genannten Methoden<\/u><\/strong> weil diese Methode als einzige gleichzeitig auf den Muskel und die Haut wirkt und auf diese Weise die Gesundheit unterst\u00fctzt. Au\u00dferdem ist die Behandlung schmerzfrei. Auf dem weltweiten Markt ist diese Methode einzigartig, weil sie speziell geformte Elektroden nutzt, die Muskel und gro\u00dfe Muskelgruppen bearbeiten. Das wirkt schmerzfrei auf den Muskel und die Haut gleichzeitig und f\u00f6rdert die Gesundheit der Person.Die Behandlung wird mit einem Ger\u00e4t und Elektroden zur Elektrostimulation von Muskeln und Akkupunkturpunkten durchgef\u00fchrt. Mit der Elektrostimulation trainiert man den Platysma Muskel, so wie man bei Sit-ups die Bauchmuskeln trainiert. Neben der Straffung des Doppelkinns, strafft man mit dieser Behandlung auch die Haut und behebt die Hautreste an Kinn und Hals.Auch die nasolabialen Falten werden gegl\u00e4ttet und die Wangen angehoben und geformt. Die Anzahl der Franchisenehmer f\u00fcr TEENLIFTING ist in allen St\u00e4dten begrenzt, so dass es untereinander keine Konkurrenz gibt.<\/p>\n<p>\n<\/div><\/div>\n<div class=\"section-full-width section-light-bg\" style=\"background-color:#f7f7f7;\" id=\"werdensieeinteilderteenliftinggeschichte\"><div class=\"section-boxed\" style=\"color:#373737;\"><h2 class=\"section-title\" style=\"color:#252525;\">Werden Sie ein Teil der TEENLIFTING Geschichte!<\/h2><\/p>\n<h3>Falls Sie Interesse haben, schicken Sie uns eine Nachricht und wir melden uns so schnell wie m\u00f6glich bei Ihnen!<\/h3>\n\n<div class=\"wpcf7 no-js\" id=\"wpcf7-f1832-o1\" lang=\"hr\" dir=\"ltr\" data-wpcf7-id=\"1832\">\n<div class=\"screen-reader-response\"><p role=\"status\" aria-live=\"polite\" aria-atomic=\"true\"><\/p> <ul><\/ul><\/div>\n<form action=\"\/de\/wp-json\/wp\/v2\/pages\/1783#wpcf7-f1832-o1\" method=\"post\" class=\"wpcf7-form init\" aria-label=\"Kontakt obrazac\" novalidate=\"novalidate\" data-status=\"init\">\n<fieldset class=\"hidden-fields-container\"><input type=\"hidden\" name=\"_wpcf7\" value=\"1832\" \/><input type=\"hidden\" name=\"_wpcf7_version\" value=\"6.1.5\" \/><input type=\"hidden\" name=\"_wpcf7_locale\" value=\"hr\" \/><input type=\"hidden\" name=\"_wpcf7_unit_tag\" value=\"wpcf7-f1832-o1\" \/><input type=\"hidden\" name=\"_wpcf7_container_post\" value=\"0\" \/><input type=\"hidden\" name=\"_wpcf7_posted_data_hash\" value=\"\" \/>\n<\/fieldset>\n<p>Vor- und Nachname*<br \/>\n<span class=\"wpcf7-form-control-wrap\" data-name=\"your-name\"><input size=\"40\" maxlength=\"400\" class=\"wpcf7-form-control wpcf7-text wpcf7-validates-as-required\" aria-required=\"true\" aria-invalid=\"false\" value=\"\" type=\"text\" name=\"your-name\" \/><\/span>\n<\/p>\n<p>Name des Unternehmens*<br \/>\n<span class=\"wpcf7-form-control-wrap\" data-name=\"your-firm\"><input size=\"40\" maxlength=\"400\" class=\"wpcf7-form-control wpcf7-text wpcf7-validates-as-required\" aria-required=\"true\" aria-invalid=\"false\" value=\"\" type=\"text\" name=\"your-firm\" \/><\/span>\n<\/p>\n<p>Stadt*<br \/>\n<span class=\"wpcf7-form-control-wrap\" data-name=\"your-city\"><input size=\"40\" maxlength=\"400\" class=\"wpcf7-form-control wpcf7-text wpcf7-validates-as-required\" aria-required=\"true\" aria-invalid=\"false\" value=\"\" type=\"text\" name=\"your-city\" \/><\/span>\n<\/p>\n<p>Telefonnr*<br \/>\n<span class=\"wpcf7-form-control-wrap\" data-name=\"tel-255\"><input size=\"40\" maxlength=\"400\" class=\"wpcf7-form-control wpcf7-tel wpcf7-validates-as-required wpcf7-text wpcf7-validates-as-tel\" aria-required=\"true\" aria-invalid=\"false\" value=\"\" type=\"tel\" name=\"tel-255\" \/><\/span>\n<\/p>\n<p>Email*<br \/>\n<span class=\"wpcf7-form-control-wrap\" data-name=\"your-email\"><input size=\"40\" maxlength=\"400\" class=\"wpcf7-form-control wpcf7-email wpcf7-validates-as-required wpcf7-text wpcf7-validates-as-email\" aria-required=\"true\" aria-invalid=\"false\" value=\"\" type=\"email\" name=\"your-email\" \/><\/span>\n<\/p>\n<p><span class=\"wpcf7-form-control-wrap\" data-name=\"acceptance-552\"><span class=\"wpcf7-form-control wpcf7-acceptance\"><span class=\"wpcf7-list-item\"><label><input type=\"checkbox\" name=\"acceptance-552\" value=\"1\" aria-invalid=\"false\" \/><span class=\"wpcf7-list-item-label\">*Ich stimme den Nutzungsbedingungen zu. Mehr zu den <a href=\"https:\/\/teenlifting.com.hr\/de\/allgemeine-geschaeftsbedingungen\/\" target=\"_blank\">Nutzungsbedingungen<\/a>.<\/span><\/label><\/span><\/span><\/span>\n<\/p>\n<p><span class=\"wpcf7-form-control-wrap\" data-name=\"acceptance-560\"><span class=\"wpcf7-form-control wpcf7-acceptance optional\"><span class=\"wpcf7-list-item\"><label><input type=\"checkbox\" name=\"acceptance-560\" value=\"1\" checked=\"checked\" aria-invalid=\"false\" \/><span class=\"wpcf7-list-item-label\">Ich m\u00f6chte TEENLIFTING\u00ae-Benachrichtigungen erhalten.<\/span><\/label><\/span><\/span><\/span>\n<\/p>\n<p>*Pflichtfelder\n<\/p>\n<p><input class=\"wpcf7-form-control wpcf7-submit has-spinner\" type=\"submit\" value=\"Senden\" \/>\n<\/p><p style=\"display: none !important;\" class=\"akismet-fields-container\" data-prefix=\"_wpcf7_ak_\"><label>&#916;<textarea name=\"_wpcf7_ak_hp_textarea\" cols=\"45\" rows=\"8\" maxlength=\"100\"><\/textarea><\/label><input type=\"hidden\" id=\"ak_js_1\" name=\"_wpcf7_ak_js\" value=\"139\"\/><script>document.getElementById( \"ak_js_1\" ).setAttribute( \"value\", ( new Date() ).getTime() );<\/script><\/p><div class=\"wpcf7-response-output\" aria-hidden=\"true\"><\/div>\n<\/form>\n<\/div>\n\n<p>\n<\/div><\/div>\n","protected":false},"excerpt":{"rendered":"","protected":false},"author":3,"featured_media":0,"parent":0,"menu_order":5,"comment_status":"closed","ping_status":"closed","template":"template-full-custom.php","meta":{"om_disable_all_campaigns":false,"_monsterinsights_skip_tracking":false,"_monsterinsights_sitenote_active":false,"_monsterinsights_sitenote_note":"","_monsterinsights_sitenote_category":0,"_uf_show_specific_survey":0,"_uf_disable_surveys":false,"footnotes":""},"class_list":["post-1783","page","type-page","status-publish","hentry"],"aioseo_notices":[],"yoast_head":"<!-- This site is optimized with the Yoast SEO plugin v27.4 - https:\/\/yoast.com\/product\/yoast-seo-wordpress\/ -->\n<title>Franchise - Teenlifting<\/title>\n<meta name=\"robots\" content=\"index, follow, max-snippet:-1, max-image-preview:large, max-video-preview:-1\" \/>\n<link rel=\"canonical\" href=\"https:\/\/mail.teenlifting.co.za\/de\/franchise\/\" \/>\n<meta property=\"og:locale\" content=\"de_DE\" \/>\n<meta property=\"og:type\" content=\"article\" \/>\n<meta property=\"og:title\" content=\"Franchise - Teenlifting\" \/>\n<meta property=\"og:url\" content=\"https:\/\/mail.teenlifting.co.za\/de\/franchise\/\" \/>\n<meta property=\"og:site_name\" content=\"Teenlifting\" \/>\n<meta property=\"article:modified_time\" content=\"2018-02-04T18:10:25+00:00\" \/>\n<meta name=\"twitter:card\" content=\"summary_large_image\" \/>\n<meta name=\"twitter:label1\" content=\"Gesch\u00e4tzte Lesezeit\" \/>\n\t<meta name=\"twitter:data1\" content=\"4\u00a0Minuten\" \/>\n<script type=\"application\/ld+json\" class=\"yoast-schema-graph\">{\"@context\":\"https:\\\/\\\/schema.org\",\"@graph\":[{\"@type\":\"WebPage\",\"@id\":\"https:\\\/\\\/mail.teenlifting.co.za\\\/de\\\/franchise\\\/\",\"url\":\"https:\\\/\\\/mail.teenlifting.co.za\\\/de\\\/franchise\\\/\",\"name\":\"Franchise - Teenlifting\",\"isPartOf\":{\"@id\":\"https:\\\/\\\/mail.bell-stim.com\\\/en\\\/#website\"},\"datePublished\":\"2017-03-27T15:53:50+00:00\",\"dateModified\":\"2018-02-04T18:10:25+00:00\",\"breadcrumb\":{\"@id\":\"https:\\\/\\\/mail.teenlifting.co.za\\\/de\\\/franchise\\\/#breadcrumb\"},\"inLanguage\":\"de\",\"potentialAction\":[{\"@type\":\"ReadAction\",\"target\":[\"https:\\\/\\\/mail.teenlifting.co.za\\\/de\\\/franchise\\\/\"]}]},{\"@type\":\"BreadcrumbList\",\"@id\":\"https:\\\/\\\/mail.teenlifting.co.za\\\/de\\\/franchise\\\/#breadcrumb\",\"itemListElement\":[{\"@type\":\"ListItem\",\"position\":1,\"name\":\"Po\u010detna stranica\",\"item\":\"https:\\\/\\\/mail.bell-stim.com\\\/de\\\/\"},{\"@type\":\"ListItem\",\"position\":2,\"name\":\"Franchise\"}]},{\"@type\":\"WebSite\",\"@id\":\"https:\\\/\\\/mail.bell-stim.com\\\/en\\\/#website\",\"url\":\"https:\\\/\\\/mail.bell-stim.com\\\/en\\\/\",\"name\":\"Teenlifting\",\"description\":\"Aktiviraj, ne plastificiraj!\",\"potentialAction\":[{\"@type\":\"SearchAction\",\"target\":{\"@type\":\"EntryPoint\",\"urlTemplate\":\"https:\\\/\\\/mail.bell-stim.com\\\/en\\\/?s={search_term_string}\"},\"query-input\":{\"@type\":\"PropertyValueSpecification\",\"valueRequired\":true,\"valueName\":\"search_term_string\"}}],\"inLanguage\":\"de\"}]}<\/script>\n<!-- \/ Yoast SEO plugin. -->","yoast_head_json":{"title":"Franchise - Teenlifting","robots":{"index":"index","follow":"follow","max-snippet":"max-snippet:-1","max-image-preview":"max-image-preview:large","max-video-preview":"max-video-preview:-1"},"canonical":"https:\/\/mail.teenlifting.co.za\/de\/franchise\/","og_locale":"de_DE","og_type":"article","og_title":"Franchise - Teenlifting","og_url":"https:\/\/mail.teenlifting.co.za\/de\/franchise\/","og_site_name":"Teenlifting","article_modified_time":"2018-02-04T18:10:25+00:00","twitter_card":"summary_large_image","twitter_misc":{"Gesch\u00e4tzte Lesezeit":"4\u00a0Minuten"},"schema":{"@context":"https:\/\/schema.org","@graph":[{"@type":"WebPage","@id":"https:\/\/mail.teenlifting.co.za\/de\/franchise\/","url":"https:\/\/mail.teenlifting.co.za\/de\/franchise\/","name":"Franchise - Teenlifting","isPartOf":{"@id":"https:\/\/mail.bell-stim.com\/en\/#website"},"datePublished":"2017-03-27T15:53:50+00:00","dateModified":"2018-02-04T18:10:25+00:00","breadcrumb":{"@id":"https:\/\/mail.teenlifting.co.za\/de\/franchise\/#breadcrumb"},"inLanguage":"de","potentialAction":[{"@type":"ReadAction","target":["https:\/\/mail.teenlifting.co.za\/de\/franchise\/"]}]},{"@type":"BreadcrumbList","@id":"https:\/\/mail.teenlifting.co.za\/de\/franchise\/#breadcrumb","itemListElement":[{"@type":"ListItem","position":1,"name":"Po\u010detna stranica","item":"https:\/\/mail.bell-stim.com\/de\/"},{"@type":"ListItem","position":2,"name":"Franchise"}]},{"@type":"WebSite","@id":"https:\/\/mail.bell-stim.com\/en\/#website","url":"https:\/\/mail.bell-stim.com\/en\/","name":"Teenlifting","description":"Aktiviraj, ne plastificiraj!","potentialAction":[{"@type":"SearchAction","target":{"@type":"EntryPoint","urlTemplate":"https:\/\/mail.bell-stim.com\/en\/?s={search_term_string}"},"query-input":{"@type":"PropertyValueSpecification","valueRequired":true,"valueName":"search_term_string"}}],"inLanguage":"de"}]}},"_links":{"self":[{"href":"https:\/\/teenlifting.co.za\/de\/wp-json\/wp\/v2\/pages\/1783","targetHints":{"allow":["GET"]}}],"collection":[{"href":"https:\/\/teenlifting.co.za\/de\/wp-json\/wp\/v2\/pages"}],"about":[{"href":"https:\/\/teenlifting.co.za\/de\/wp-json\/wp\/v2\/types\/page"}],"author":[{"embeddable":true,"href":"https:\/\/teenlifting.co.za\/de\/wp-json\/wp\/v2\/users\/3"}],"replies":[{"embeddable":true,"href":"https:\/\/teenlifting.co.za\/de\/wp-json\/wp\/v2\/comments?post=1783"}],"version-history":[{"count":9,"href":"https:\/\/teenlifting.co.za\/de\/wp-json\/wp\/v2\/pages\/1783\/revisions"}],"predecessor-version":[{"id":1985,"href":"https:\/\/teenlifting.co.za\/de\/wp-json\/wp\/v2\/pages\/1783\/revisions\/1985"}],"wp:attachment":[{"href":"https:\/\/teenlifting.co.za\/de\/wp-json\/wp\/v2\/media?parent=1783"}],"curies":[{"name":"wp","href":"https:\/\/api.w.org\/{rel}","templated":true}]}}