{"id":48,"date":"2016-03-30T19:43:55","date_gmt":"2016-03-30T19:43:55","guid":{"rendered":"http:\/\/teenlifting.com.hr\/?page_id=48"},"modified":"2026-04-15T20:26:41","modified_gmt":"2026-04-15T20:26:41","slug":"contact","status":"publish","type":"page","link":"https:\/\/teenlifting.co.za\/en\/contact\/","title":{"rendered":"Contact"},"content":{"rendered":"<h2>FRANCHISE\u00a0TEENLIFTING<\/h2>\n<hr \/>\n<p>&nbsp;<\/p>\n<h3>CROATIA<\/h3>\n<div class=\"accordion-container\"><div class=\"accordion-title\">ZAGREB, WEST - TEENLIFTING center ZAGREB<span class=\"ac-indicator\"><\/span><\/div><div class=\"pane\"><strong>Phone:<\/strong> +385 98 239 329<br \/>\n<strong>Adress:<\/strong> Ne\u010dujamska ulica 3, Zagreb<br \/>\n<a href=\"https:\/\/www.facebook.com\/TEENLIFTING\" target=\"_blank\" rel=\"nofollow noopener noreferrer\">&gt; Facebook page<\/a><br \/>\n<div class=\"clear\"><\/div><\/div><div class=\"accordion-title\">ZAGREB, EAST - TEENLIFTING Donje Svetice<span class=\"ac-indicator\"><\/span><\/div><div class=\"pane\"><strong>Phone:<\/strong> +385 97 6504 993<br \/>\n<strong>Adress:<\/strong> Donje Svetice 46E<br \/>\n<a href=\"https:\/\/www.facebook.com\/teenliftingdonjesvetice\" target=\"_blank\" rel=\"nofollow noopener noreferrer\">&gt; Facebook page<\/a><br \/>\n<div class=\"clear\"><\/div><\/div><div class=\"accordion-title\">SPLIT - TEENLIFTING center Split<span class=\"ac-indicator\"><\/span><\/div><div class=\"pane\"><b>Phone:<\/b> +385 95 845 1151<br \/>\n<b>Address:<\/b> Osje\u010dka 5a, Split 21000<br \/>\n<a href=\"https:\/\/www.facebook.com\/Teenlifting-centar-Split-962139567172096\/?hc_ref=ARRWalM5PE5W1fwNmLil5BKJMYVRAJwQjRwbBmogtM-lkTL5oPa_wJ7gMlYtA6x2kI8&amp;fref=nf\" target=\"_blank\" rel=\"nofollow noopener noreferrer\">&gt; Facebook page<\/a><br \/>\n<div class=\"clear\"><\/div><\/div><div class=\"accordion-title\">VINKOVCI, OSIJEK - Beauty salon ESENCA<span class=\"ac-indicator\"><\/span><\/div><div class=\"pane\"><b>Phone:<\/b> +385 99 264 4344<br \/>\n<b>Address:<\/b> Glagolja\u0161ka 16, Vinkovci, 32100<br \/>\n<a href=\"https:\/\/www.facebook.com\/Esenca-Vinkovci-887442054677553\/\" target=\"_blank\" rel=\"nofollow noopener noreferrer\">&gt; Facebook page<\/a><br \/>\n<div class=\"clear\"><\/div><\/div><div class=\"accordion-title\">OPATIJA - Beauty salon KATEA<span class=\"ac-indicator\"><\/span><\/div><div class=\"pane\"><b>Phone:<\/b> +385 51 718448 \/ +385 91 5191675<br \/>\n<b>Address:<\/b> Ivana i Matka Ba\u0161tijana 24 , Matulji<br \/>\n<a href=\"https:\/\/www.facebook.com\/kateakozmetickisalon\/\" target=\"_blank\" rel=\"nofollow noopener noreferrer\">&gt; Facebook page<\/a><br \/>\n<a href=\"http:\/\/www.katea.hr\" target=\"_blank\" rel=\"nofollow noopener noreferrer\">&gt; Web page<\/a><br \/>\n<div class=\"clear\"><\/div><\/div><div class=\"accordion-title\">PULA - TEENLIFTING center Pula<span class=\"ac-indicator\"><\/span><\/div><div class=\"pane\"><b>Phone:<\/b> +385 99 401 3840<br \/>\n<b>Address:<\/b> Videlanka 3, 52100 Pula<br \/>\n<a href=\"https:\/\/www.facebook.com\/pg\/TeenliftingCentarPula\/about\/?ref=page_internal\" target=\"_blank\" rel=\"nofollow noopener noreferrer\">&gt; Facebook page<\/a><br \/>\n<div class=\"clear\"><\/div><\/div><div class=\"accordion-title\">\u0160IBENIK - Ella beauty salon<span class=\"ac-indicator\"><\/span><\/div><div class=\"pane\"><b>Phone:<\/b> +385 22 217 311<br \/>\n<b>Address:<\/b> Kralja Tomislava 21 \u0160ibenik<br \/>\n<div class=\"clear\"><\/div><\/div><br \/>\n<\/div>\n<h3>AUSTRIA<\/h3>\n<div class=\"accordion-container\"><div class=\"accordion-title\">VIENNA - Ophthalmologist in private practice Dr. Lejla Pasic-Muradic<span class=\"ac-indicator\"><\/span><\/div><div class=\"pane\"><b>Phone:<\/b> +43 1 92 064 41<br \/>\n<b>Adress:<\/b> Mariahilferstrasse 133\/9, 1150 Vienna, Austria<br \/>\n<a href=\"https:\/\/www.facebook.com\/augenarzt.westbahnhof\/\" target=\"_blank\" rel=\"nofollow noopener noreferrer\">&gt; Facebook page<\/a><br \/>\n<a href=\"http:\/\/www.augenarzt-westbahnhof.at\/\" target=\"_blank\" rel=\"nofollow noopener noreferrer\">&gt; Web page<\/a><br \/>\n<div class=\"clear\"><\/div><\/div><br \/>\n<\/div>\n<h3>SWITZERLAND<\/h3>\n<div class=\"accordion-container\"><div class=\"accordion-title\">SCHINDELLEGI, WOLLERAU - TEENLIFTING centar Schindellegi<span class=\"ac-indicator\"><\/span><\/div><div class=\"pane\"><b>Phone:<\/b> +41 78 671 08 77<br \/>\n<b>Address:<\/b> Schulhausstrasse 1, 8834 Schindellegi<br \/>\n<a href=\"https:\/\/www.facebook.com\/teenliftingschindellegi\/\" target=\"_blank\" rel=\"nofollow noopener noreferrer\">&gt; Facebook page<\/a><br \/>\n<a href=\"https:\/\/www.teenlifting.ch\" target=\"_blank\" rel=\"nofollow noopener noreferrer\">&gt; Web page<\/a><br \/>\n<div class=\"clear\"><\/div><\/div><br \/>\n<\/div>\n<h3>ENGLAND<\/h3>\n<div class=\"accordion-container\"><div class=\"accordion-title\">LONDON - TEENLIFTING Rejuvenation<span class=\"ac-indicator\"><\/span><\/div><div class=\"pane\"><b>Phone:<\/b> +447923438951<br \/>\n<b>Address:<\/b> London, W12<br \/>\n<a href=\"https:\/\/www.facebook.com\/rejuvenation.london\" target=\"_blank\" rel=\"nofollow noopener noreferrer\">&gt; Facebook page<\/a><br \/>\n<div class=\"clear\"><\/div><\/div><br \/>\n<\/div>\n<h3>SLOVENIA<\/h3>\n<div class=\"accordion-container\"><div class=\"accordion-title\">LJUBLJANA - TEENLIFTING center Ljubljana<span class=\"ac-indicator\"><\/span><\/div><div class=\"pane\"><b>Phone:<\/b> +386 41 293 991<br \/>\n<b>Address:<\/b> \u0160tihova ulica 23, Ljubljana 1000<br \/>\n<a href=\"https:\/\/www.facebook.com\/TeenliftingCenterLjubljana\/\" target=\"_blank\" rel=\"nofollow noopener noreferrer\">&gt; Facebook page<\/a><br \/>\n<div class=\"clear\"><\/div><\/div><div class=\"accordion-title\">CELJE, MARIBOR - TEENLIFTING Celje in Maribor<span class=\"ac-indicator\"><\/span><\/div><div class=\"pane\"><b>Phone:<\/b> +386 41 735 874<br \/>\n<b>Adress:<\/b> Arja Vas 102, 3301 Petrov\u010de (PC Arnovski gozd, \u017dalec)<br \/>\n<a href=\"https:\/\/www.facebook.com\/teenliftingceljeinmaribor\/\" target=\"_blank\" rel=\"nofollow noopener noreferrer\">&gt; Facebook page<\/a><br \/>\n<div class=\"clear\"><\/div><\/div><div class=\"accordion-title\">PORTORO\u017d - JANA NOVAK, s.p.<span class=\"ac-indicator\"><\/span><\/div><div class=\"pane\"><b>Phone:<\/b> +386 70 843 755<br \/>\n<b>Adress:<\/b> Lepa cesta 1, 6320 Portoro\u017e<br \/>\n<a href=\"https:\/\/www.facebook.com\/kozmetikajananovak\/\" target=\"_blank\" rel=\"nofollow noopener noreferrer\">&gt; Facebook page<\/a><br \/>\n<a href=\"http:\/\/www.kozmetikajana.si\/\" target=\"_blank\" rel=\"nofollow noopener noreferrer\">&gt; Web page<\/a><br \/>\n<div class=\"clear\"><\/div><\/div><br \/>\n<\/div>\n<h3>REPUBLIC OF SERBIA<\/h3>\n<div class=\"accordion-container\"><div class=\"accordion-title\">BEOGRAD - TEENLIFTING center Beograd<span class=\"ac-indicator\"><\/span><\/div><div class=\"pane\"><b>Phone:<\/b> +381 64 \/ 4478524<br \/>\n<b>Address:<\/b> Drin\u010di\u0107eva 32, Beograd 11000<br \/>\n<a href=\"https:\/\/www.facebook.com\/TeenliftingCentarBeograd\/\" target=\"_blank\" rel=\"nofollow noopener noreferrer\">&gt; Facebook page<\/a><br \/>\n<div class=\"clear\"><\/div><\/div><div class=\"accordion-title\">\u010cA\u010cAK - Regen Clinic - dr Milica Pejanovi\u0107<span class=\"ac-indicator\"><\/span><\/div><div class=\"pane\"><b>Phone:<\/b> +381 63 8101 331<br \/>\n<b>Address:<\/b> Svetozara Markovi\u0107a 41\/24, \u010ca\u010dak<br \/>\n<a href=\"https:\/\/www.instagram.com\/regenclinic_drpejanovic?igsh=b3E2dHN0bnZtOHpx\" target=\"_blank\" rel=\"nofollow noopener noreferrer\">&gt; Instagram<\/a><br \/>\n<div class=\"clear\"><\/div><\/div><br \/>\n<\/div>\n<h3>BOSNIA AND HERZEGOVINA<\/h3>\n<div class=\"accordion-container\"><div class=\"accordion-title\">SARAJEVO - Anti-age centar NATURA<span class=\"ac-indicator\"><\/span><\/div><div class=\"pane\"><b>Phone:<\/b> +387 61 977 071<br \/>\n<b>Address:<\/b> Kranjceviceva br. 18 Sarajevo, Bosnia and Herzegovina<br \/>\n<a href=\"https:\/\/www.facebook.com\/pg\/Anti-age-centar-Natura-2006060476320464\/about\/?ref=page_internal\" target=\"_blank\" rel=\"nofollow noopener noreferrer\">&gt; Facebook page<\/a><br \/>\n<div class=\"clear\"><\/div><\/div><div class=\"accordion-title\">BANJA LUKA - Cavita Studio<span class=\"ac-indicator\"><\/span><\/div><div class=\"pane\"><b>Phone:<\/b> +387 66 124 124<br \/>\n<b>Address:<\/b> Mladena Stojanovi\u0107a 117A Banja Luka, Bosnia and Herzegovina<br \/>\n<a href=\"https:\/\/www.facebook.com\/cavitabl\/\" target=\"_blank\" rel=\"nofollow noopener noreferrer\">&gt; Facebook page<\/a><br \/>\n<a href=\"http:\/\/www.cavitabl.com\/\" target=\"_blank\" rel=\"nofollow noopener noreferrer\">&gt; Web page<\/a><br \/>\n<div class=\"clear\"><\/div><\/div><br \/>\n<\/div>\n<h3>MONTENEGRO<\/h3>\n<div class=\"accordion-container\"><div class=\"accordion-title\">BAR - Beauty salon MARIKA<span class=\"ac-indicator\"><\/span><\/div><div class=\"pane\"><b>Phone:<\/b> +382 69 309 645<br \/>\n<b>Address:<\/b> Ulica Makedonska, zgrada E15, 85000, Bar, Montenegro<br \/>\n<a href=\"https:\/\/www.facebook.com\/studioljepotemarika\/\" target=\"_blank\" rel=\"nofollow noopener noreferrer\">&gt; Facebook page<\/a><br \/>\n<a href=\"http:\/\/www.studioljepote.com\/index.php\" target=\"_blank\" rel=\"nofollow noopener noreferrer\">&gt; Web page<\/a><br \/>\n<div class=\"clear\"><\/div><\/div><div class=\"accordion-title\">PODGORICA - Beauty salon MARIKA<span class=\"ac-indicator\"><\/span><\/div><div class=\"pane\"><b>Phone:<\/b> +382 69 309 645<br \/>\n<a href=\"https:\/\/www.facebook.com\/studioljepotemarika\/\" target=\"_blank\" rel=\"nofollow noopener noreferrer\">&gt; Facebook page<\/a><br \/>\n<div class=\"clear\"><\/div><\/div><br \/>\n<\/div>\n<h3>FRANCE<\/h3>\n<div class=\"accordion-container\"><div class=\"accordion-title\">BOULOGNE BILLANCOURT - Le BonBeau<span class=\"ac-indicator\"><\/span><\/div><div class=\"pane\"><b>Phone:<\/b> +33 6 59 89 40 39<br \/>\n<b>Address:<\/b> 21 rue de Seine<br \/>\n<a href=\"https:\/\/www.instagram.com\/lebonbeaubeaute\/\" target=\"_blank\" rel=\"nofollow noopener noreferrer\">&gt; Instagram<\/a><br \/>\n<div class=\"clear\"><\/div><\/div><br \/>\n<\/div>\n<h2>CONTACT US!<\/h2>\n<hr \/>\n\n<div class=\"wpcf7 no-js\" id=\"wpcf7-f1460-o1\" lang=\"hr\" dir=\"ltr\" data-wpcf7-id=\"1460\">\n<div class=\"screen-reader-response\"><p role=\"status\" aria-live=\"polite\" aria-atomic=\"true\"><\/p> <ul><\/ul><\/div>\n<form action=\"\/en\/wp-json\/wp\/v2\/pages\/48#wpcf7-f1460-o1\" method=\"post\" class=\"wpcf7-form init\" aria-label=\"Kontakt obrazac\" novalidate=\"novalidate\" data-status=\"init\">\n<fieldset class=\"hidden-fields-container\"><input type=\"hidden\" name=\"_wpcf7\" value=\"1460\" \/><input type=\"hidden\" name=\"_wpcf7_version\" value=\"6.1.5\" \/><input type=\"hidden\" name=\"_wpcf7_locale\" value=\"hr\" \/><input type=\"hidden\" name=\"_wpcf7_unit_tag\" value=\"wpcf7-f1460-o1\" \/><input type=\"hidden\" name=\"_wpcf7_container_post\" value=\"0\" \/><input type=\"hidden\" name=\"_wpcf7_posted_data_hash\" value=\"\" \/>\n<\/fieldset>\n<p>Select office (required): <span class=\"wpcf7-form-control-wrap\" data-name=\"poslovnica\"><select class=\"wpcf7-form-control wpcf7-select wpcf7-validates-as-required\" aria-required=\"true\" aria-invalid=\"false\" name=\"poslovnica\"><option value=\"Zagreb\">Zagreb<\/option><option value=\"Beograd\">Beograd<\/option><option value=\"Slovenija\">Slovenija<\/option><option value=\"Split\">Split<\/option><\/select><\/span>\n<\/p>\n<p>Your Name (required)\n<\/p>\n<p><span class=\"wpcf7-form-control-wrap\" data-name=\"your-name\"><input size=\"40\" maxlength=\"400\" class=\"wpcf7-form-control wpcf7-text wpcf7-validates-as-required\" aria-required=\"true\" aria-invalid=\"false\" value=\"\" type=\"text\" name=\"your-name\" \/><\/span>\n<\/p>\n<p>Your email (required)\n<\/p>\n<p><span class=\"wpcf7-form-control-wrap\" data-name=\"your-email\"><input size=\"40\" maxlength=\"400\" class=\"wpcf7-form-control wpcf7-email wpcf7-validates-as-required wpcf7-text wpcf7-validates-as-email\" aria-required=\"true\" aria-invalid=\"false\" value=\"\" type=\"email\" name=\"your-email\" \/><\/span>\n<\/p>\n<p>Subject (required)\n<\/p>\n<p><span class=\"wpcf7-form-control-wrap\" data-name=\"your-subject\"><input size=\"40\" maxlength=\"400\" class=\"wpcf7-form-control wpcf7-text wpcf7-validates-as-required\" aria-required=\"true\" aria-invalid=\"false\" value=\"\" type=\"text\" name=\"your-subject\" \/><\/span>\n<\/p>\n<p>Your message (required)\n<\/p>\n<p><span class=\"wpcf7-form-control-wrap\" data-name=\"your-message\"><textarea cols=\"40\" rows=\"10\" maxlength=\"2000\" class=\"wpcf7-form-control wpcf7-textarea wpcf7-validates-as-required\" aria-required=\"true\" aria-invalid=\"false\" name=\"your-message\"><\/textarea><\/span>\n<\/p>\n<p><span class=\"wpcf7-form-control-wrap\" data-name=\"acceptance-552\"><span class=\"wpcf7-form-control wpcf7-acceptance\"><span class=\"wpcf7-list-item\"><label><input type=\"checkbox\" name=\"acceptance-552\" value=\"1\" aria-invalid=\"false\" \/><span class=\"wpcf7-list-item-label\">*I agree to the terms and conditions of use. More on <a href=\"https:\/\/teenlifting.com.hr\/en\/terms-and-conditions\/\" target=\"_blank\">terms and conditions of use<\/a>.<\/span><\/label><\/span><\/span><\/span>\n<\/p>\n<p><span class=\"wpcf7-form-control-wrap\" data-name=\"acceptance-560\"><span class=\"wpcf7-form-control wpcf7-acceptance optional\"><span class=\"wpcf7-list-item\"><label><input type=\"checkbox\" name=\"acceptance-560\" value=\"1\" checked=\"checked\" aria-invalid=\"false\" \/><span class=\"wpcf7-list-item-label\">I want to receive TEENLIFTING\u00ae notifications.<\/span><\/label><\/span><\/span><\/span>\n<\/p>\n<p><input class=\"wpcf7-form-control wpcf7-submit has-spinner\" type=\"submit\" value=\"Send\" \/>\n<\/p><p style=\"display: none !important;\" class=\"akismet-fields-container\" data-prefix=\"_wpcf7_ak_\"><label>&#916;<textarea name=\"_wpcf7_ak_hp_textarea\" cols=\"45\" rows=\"8\" maxlength=\"100\"><\/textarea><\/label><input type=\"hidden\" id=\"ak_js_1\" name=\"_wpcf7_ak_js\" value=\"23\"\/><script>document.getElementById( \"ak_js_1\" ).setAttribute( \"value\", ( new Date() ).getTime() );<\/script><\/p><div class=\"wpcf7-response-output\" aria-hidden=\"true\"><\/div>\n<\/form>\n<\/div>\n\n<p>&nbsp;<\/p>\n","protected":false},"excerpt":{"rendered":"<p>FRANCHISE\u00a0TEENLIFTING &nbsp; CROATIA AUSTRIA SWITZERLAND ENGLAND SLOVENIA REPUBLIC OF SERBIA BOSNIA AND HERZEGOVINA MONTENEGRO FRANCE CONTACT US! &nbsp;<\/p>\n","protected":false},"author":3,"featured_media":0,"parent":0,"menu_order":7,"comment_status":"closed","ping_status":"closed","template":"","meta":{"om_disable_all_campaigns":false,"_monsterinsights_skip_tracking":false,"_monsterinsights_sitenote_active":false,"_monsterinsights_sitenote_note":"","_monsterinsights_sitenote_category":0,"_uf_show_specific_survey":0,"_uf_disable_surveys":false,"footnotes":""},"class_list":["post-48","page","type-page","status-publish","hentry"],"aioseo_notices":[],"yoast_head":"<!-- This site is optimized with the Yoast SEO plugin v27.4 - https:\/\/yoast.com\/product\/yoast-seo-wordpress\/ -->\n<title>Contact - Teenlifting<\/title>\n<meta name=\"robots\" content=\"index, follow, max-snippet:-1, max-image-preview:large, max-video-preview:-1\" \/>\n<link rel=\"canonical\" href=\"https:\/\/mail.bell-stim.com\/en\/contact\/\" \/>\n<meta property=\"og:locale\" content=\"en_US\" \/>\n<meta property=\"og:type\" content=\"article\" \/>\n<meta property=\"og:title\" content=\"Contact - Teenlifting\" \/>\n<meta property=\"og:description\" content=\"FRANCHISE\u00a0TEENLIFTING &nbsp; CROATIA AUSTRIA SWITZERLAND ENGLAND SLOVENIA REPUBLIC OF SERBIA BOSNIA AND HERZEGOVINA MONTENEGRO FRANCE CONTACT US! &nbsp;\" \/>\n<meta property=\"og:url\" content=\"https:\/\/mail.bell-stim.com\/en\/contact\/\" \/>\n<meta property=\"og:site_name\" content=\"Teenlifting\" \/>\n<meta property=\"article:modified_time\" content=\"2026-04-15T20:26:41+00:00\" \/>\n<meta name=\"twitter:card\" content=\"summary_large_image\" \/>\n<meta name=\"twitter:label1\" content=\"Est. reading time\" \/>\n\t<meta name=\"twitter:data1\" content=\"3 minutes\" \/>\n<script type=\"application\/ld+json\" class=\"yoast-schema-graph\">{\"@context\":\"https:\\\/\\\/schema.org\",\"@graph\":[{\"@type\":\"WebPage\",\"@id\":\"https:\\\/\\\/mail.bell-stim.com\\\/en\\\/contact\\\/\",\"url\":\"https:\\\/\\\/mail.bell-stim.com\\\/en\\\/contact\\\/\",\"name\":\"Contact - Teenlifting\",\"isPartOf\":{\"@id\":\"https:\\\/\\\/mail.bell-stim.com\\\/en\\\/#website\"},\"datePublished\":\"2016-03-30T19:43:55+00:00\",\"dateModified\":\"2026-04-15T20:26:41+00:00\",\"breadcrumb\":{\"@id\":\"https:\\\/\\\/mail.bell-stim.com\\\/en\\\/contact\\\/#breadcrumb\"},\"inLanguage\":\"en-US\",\"potentialAction\":[{\"@type\":\"ReadAction\",\"target\":[\"https:\\\/\\\/mail.bell-stim.com\\\/en\\\/contact\\\/\"]}]},{\"@type\":\"BreadcrumbList\",\"@id\":\"https:\\\/\\\/mail.bell-stim.com\\\/en\\\/contact\\\/#breadcrumb\",\"itemListElement\":[{\"@type\":\"ListItem\",\"position\":1,\"name\":\"Po\u010detna stranica\",\"item\":\"https:\\\/\\\/mail.bell-stim.com\\\/en\\\/\"},{\"@type\":\"ListItem\",\"position\":2,\"name\":\"Contact\"}]},{\"@type\":\"WebSite\",\"@id\":\"https:\\\/\\\/mail.bell-stim.com\\\/en\\\/#website\",\"url\":\"https:\\\/\\\/mail.bell-stim.com\\\/en\\\/\",\"name\":\"Teenlifting\",\"description\":\"Aktiviraj, ne plastificiraj!\",\"potentialAction\":[{\"@type\":\"SearchAction\",\"target\":{\"@type\":\"EntryPoint\",\"urlTemplate\":\"https:\\\/\\\/mail.bell-stim.com\\\/en\\\/?s={search_term_string}\"},\"query-input\":{\"@type\":\"PropertyValueSpecification\",\"valueRequired\":true,\"valueName\":\"search_term_string\"}}],\"inLanguage\":\"en-US\"}]}<\/script>\n<!-- \/ Yoast SEO plugin. -->","yoast_head_json":{"title":"Contact - Teenlifting","robots":{"index":"index","follow":"follow","max-snippet":"max-snippet:-1","max-image-preview":"max-image-preview:large","max-video-preview":"max-video-preview:-1"},"canonical":"https:\/\/mail.bell-stim.com\/en\/contact\/","og_locale":"en_US","og_type":"article","og_title":"Contact - Teenlifting","og_description":"FRANCHISE\u00a0TEENLIFTING &nbsp; CROATIA AUSTRIA SWITZERLAND ENGLAND SLOVENIA REPUBLIC OF SERBIA BOSNIA AND HERZEGOVINA MONTENEGRO FRANCE CONTACT US! &nbsp;","og_url":"https:\/\/mail.bell-stim.com\/en\/contact\/","og_site_name":"Teenlifting","article_modified_time":"2026-04-15T20:26:41+00:00","twitter_card":"summary_large_image","twitter_misc":{"Est. reading time":"3 minutes"},"schema":{"@context":"https:\/\/schema.org","@graph":[{"@type":"WebPage","@id":"https:\/\/mail.bell-stim.com\/en\/contact\/","url":"https:\/\/mail.bell-stim.com\/en\/contact\/","name":"Contact - Teenlifting","isPartOf":{"@id":"https:\/\/mail.bell-stim.com\/en\/#website"},"datePublished":"2016-03-30T19:43:55+00:00","dateModified":"2026-04-15T20:26:41+00:00","breadcrumb":{"@id":"https:\/\/mail.bell-stim.com\/en\/contact\/#breadcrumb"},"inLanguage":"en-US","potentialAction":[{"@type":"ReadAction","target":["https:\/\/mail.bell-stim.com\/en\/contact\/"]}]},{"@type":"BreadcrumbList","@id":"https:\/\/mail.bell-stim.com\/en\/contact\/#breadcrumb","itemListElement":[{"@type":"ListItem","position":1,"name":"Po\u010detna stranica","item":"https:\/\/mail.bell-stim.com\/en\/"},{"@type":"ListItem","position":2,"name":"Contact"}]},{"@type":"WebSite","@id":"https:\/\/mail.bell-stim.com\/en\/#website","url":"https:\/\/mail.bell-stim.com\/en\/","name":"Teenlifting","description":"Aktiviraj, ne plastificiraj!","potentialAction":[{"@type":"SearchAction","target":{"@type":"EntryPoint","urlTemplate":"https:\/\/mail.bell-stim.com\/en\/?s={search_term_string}"},"query-input":{"@type":"PropertyValueSpecification","valueRequired":true,"valueName":"search_term_string"}}],"inLanguage":"en-US"}]}},"_links":{"self":[{"href":"https:\/\/teenlifting.co.za\/en\/wp-json\/wp\/v2\/pages\/48","targetHints":{"allow":["GET"]}}],"collection":[{"href":"https:\/\/teenlifting.co.za\/en\/wp-json\/wp\/v2\/pages"}],"about":[{"href":"https:\/\/teenlifting.co.za\/en\/wp-json\/wp\/v2\/types\/page"}],"author":[{"embeddable":true,"href":"https:\/\/teenlifting.co.za\/en\/wp-json\/wp\/v2\/users\/3"}],"replies":[{"embeddable":true,"href":"https:\/\/teenlifting.co.za\/en\/wp-json\/wp\/v2\/comments?post=48"}],"version-history":[{"count":59,"href":"https:\/\/teenlifting.co.za\/en\/wp-json\/wp\/v2\/pages\/48\/revisions"}],"predecessor-version":[{"id":2998,"href":"https:\/\/teenlifting.co.za\/en\/wp-json\/wp\/v2\/pages\/48\/revisions\/2998"}],"wp:attachment":[{"href":"https:\/\/teenlifting.co.za\/en\/wp-json\/wp\/v2\/media?parent=48"}],"curies":[{"name":"wp","href":"https:\/\/api.w.org\/{rel}","templated":true}]}}