{"id":2712,"date":"2022-12-03T19:43:01","date_gmt":"2022-12-03T19:43:01","guid":{"rendered":"https:\/\/teenlifting.com.hr\/?page_id=2712"},"modified":"2025-04-01T15:31:17","modified_gmt":"2025-04-01T15:31:17","slug":"titulo","status":"publish","type":"page","link":"https:\/\/teenlifting.co.za\/es\/","title":{"rendered":"T\u00edtulo"},"content":{"rendered":"<div class=\"section-full-width section-light-bg\" style=\"background-color:#f7f7f7;\" id=\"teenlifting\"><div class=\"section-boxed\" style=\"color:#373737;\"><h2 class=\"section-title\" style=\"color:#252525;\">TEENLIFTING<\/h2><div class=\"services-wrapper services-boxed-photo cols-wrapper cols-2\"><div class=\"services-box col\"><a href=\"https:\/\/teenlifting.com.hr\/es\/teenlifting-en-el-rostro\/\"><div class=\"img-container\"><img decoding=\"async\" src=\"https:\/\/teenlifting.com.hr\/content\/uploads\/2016\/04\/teenlifting_lica_page.jpg\" alt=\"TEENLIFTING\u00ae aplicado en el rostro\"\/><\/div><\/a><div class=\"services-content\"><div class=\"sc-wraper\"><h3><a href=\"https:\/\/teenlifting.com.hr\/es\/teenlifting-en-el-rostro\/\">TEENLIFTING\u00ae aplicado en el rostro<\/a><\/h3><p>TEENLIFTING\u00ae es un m\u00e9todo de estimulaci\u00f3n muscular para la cara y el cuello, usando puntos de acupuntura qu\u00e9 adem\u00e1s del efecto estetico, mejora la circulaci\u00f3n en el tejido estimulado. Al mismo tiempo, al entrenar y fortalecer los m\u00fasculos, (ya que los m\u00fasculos son los que dan forma a la cara) se rejuvenece el rostro y el cuello. Con el m\u00e9todo TEENLIFTING\u00ae tambi\u00e9n rehabilitamos y drenamos la cara para lograr un estado relajado, sin tensi\u00f3n ni estr\u00e9s.\r\n<\/br><\/br>\r\n<a class=\"button\" href=\"https:\/\/teenlifting.com.hr\/es\/teenlifting-del-rostro\/\">Saber m\u00e1s<\/a><\/p><\/div><\/div><\/div><div class=\"services-box col nomargin\"><a href=\"https:\/\/teenlifting.com.hr\/es\/teenlifting-en-el-platisma\/\"><div class=\"img-container\"><img decoding=\"async\" src=\"https:\/\/teenlifting.com.hr\/content\/uploads\/2016\/09\/teenlifting_platizme_cover.jpg\" alt=\"TEENLIFTING aplicado en el platisma\"\/><\/div><\/a><div class=\"services-content\"><div class=\"sc-wraper\"><h3><a href=\"https:\/\/teenlifting.com.hr\/es\/teenlifting-en-el-platisma\/\">TEENLIFTING aplicado en el platisma<\/a><\/h3><p>TEENLIFTING aplicado en el platisma. A trav\u00e9s de la electroestimulaci\u00f3n de todos los m\u00fasculos del cuello, papada, boca y  mejillas, se consigue: tensar el cuello, hacer desaparecer la papada, estirar el ment\u00f3n y la boca, levantar las mejillas, estrechar el rostro y el cuello, levantar el tono muscular y cut\u00e1neo, reducir las bolsas, la hinchaz\u00f3n de los parpados, fortalecer la articulaci\u00f3n temporomandibular y eliminar el ronquido.\r\n<\/br><\/br>\r\n<a class=\"button\" href=\"https:\/\/teenlifting.com.hr\/es\/teenlifting-del-platisma\/\">Saber m\u00e1s<\/a><\/p><\/div><\/div><\/div><div class=\"clear\"><\/div><\/div>\n<\/div><\/div>\n<div class=\"testimonial-slider\" data-autoplay=\"true\"><div class=\"testimonial-container\"><div class=\"testimonial-wrapper\"><div class=\"testimonial-info\"><img decoding=\"async\" class=\"img-frame testimonial-img\" src=\"https:\/\/teenlifting.com.hr\/content\/uploads\/2016\/12\/nina_violic.jpg\" alt=\"NINA V.\" \/><div class=\"testimonials-details\"><h2>NINA V.<\/h2><span>ACTRIZ<\/span><\/div><\/div><blockquote><p>Me conecto y a disfrutar y relajarme: \u00a1Activar, no plastificar! \u00a1Sanja ha creado algo incre\u00edble que nos va a salvar todos de la cirug\u00eda pl\u00e1stica!<\/p><\/blockquote><\/div><\/div><div class=\"testimonial-container no-image\"><div class=\"testimonial-wrapper\"><div class=\"testimonial-info\"><div class=\"testimonials-details\"><h2>DIJANA S.<\/h2><span><\/span><\/div><\/div><blockquote><p>Despu\u00e9s del primer tratamiento la piel era visiblemente m\u00e1s suave que antes y tambi\u00e9n m\u00e1s radiante. Sent\u00ed que mis m\u00fasculos faciales eran m\u00e1s tensos y firmes.<\/p><\/blockquote><\/div><\/div><div class=\"testimonial-container no-image\"><div class=\"testimonial-wrapper\"><div class=\"testimonial-info\"><div class=\"testimonials-details\"><h2>DANIJELA G.<\/h2><span><\/span><\/div><\/div><blockquote><p>\u00a1Estoy encantada! \u00a1Estoy resplandeciente ya desde los primeros tratamientos! \u00a1Esta es mi primera y \u00fanica opci\u00f3n para mantener mi juventud y belleza!<\/p><\/blockquote><\/div><\/div><\/div>\n","protected":false},"excerpt":{"rendered":"","protected":false},"author":3,"featured_media":0,"parent":0,"menu_order":1,"comment_status":"closed","ping_status":"closed","template":"template-full-custom.php","meta":{"om_disable_all_campaigns":false,"_monsterinsights_skip_tracking":false,"_monsterinsights_sitenote_active":false,"_monsterinsights_sitenote_note":"","_monsterinsights_sitenote_category":0,"_uf_show_specific_survey":0,"_uf_disable_surveys":false,"footnotes":""},"class_list":["post-2712","page","type-page","status-publish","hentry"],"aioseo_notices":[],"yoast_head":"<!-- This site is optimized with the Yoast SEO plugin v27.4 - https:\/\/yoast.com\/product\/yoast-seo-wordpress\/ -->\n<title>T\u00edtulo - Teenlifting<\/title>\n<meta name=\"robots\" content=\"index, follow, max-snippet:-1, max-image-preview:large, max-video-preview:-1\" \/>\n<link rel=\"canonical\" href=\"https:\/\/mail.bell-stim.com\/es\/\" \/>\n<meta property=\"og:locale\" content=\"es_ES\" \/>\n<meta property=\"og:type\" content=\"article\" \/>\n<meta property=\"og:title\" content=\"T\u00edtulo - Teenlifting\" \/>\n<meta property=\"og:url\" content=\"https:\/\/mail.bell-stim.com\/es\/\" \/>\n<meta property=\"og:site_name\" content=\"Teenlifting\" \/>\n<meta property=\"article:modified_time\" content=\"2025-04-01T15:31:17+00:00\" \/>\n<meta name=\"twitter:card\" content=\"summary_large_image\" \/>\n<meta name=\"twitter:label1\" content=\"Est. reading time\" \/>\n\t<meta name=\"twitter:data1\" content=\"1 minute\" \/>\n<script type=\"application\/ld+json\" class=\"yoast-schema-graph\">{\"@context\":\"https:\\\/\\\/schema.org\",\"@graph\":[{\"@type\":\"WebPage\",\"@id\":\"https:\\\/\\\/mail.bell-stim.com\\\/es\\\/\",\"url\":\"https:\\\/\\\/mail.bell-stim.com\\\/es\\\/\",\"name\":\"T\u00edtulo - Teenlifting\",\"isPartOf\":{\"@id\":\"https:\\\/\\\/mail.bell-stim.com\\\/en\\\/#website\"},\"datePublished\":\"2022-12-03T19:43:01+00:00\",\"dateModified\":\"2025-04-01T15:31:17+00:00\",\"breadcrumb\":{\"@id\":\"https:\\\/\\\/mail.bell-stim.com\\\/es\\\/#breadcrumb\"},\"inLanguage\":\"es-ES\",\"potentialAction\":[{\"@type\":\"ReadAction\",\"target\":[\"https:\\\/\\\/mail.bell-stim.com\\\/es\\\/\"]}]},{\"@type\":\"BreadcrumbList\",\"@id\":\"https:\\\/\\\/mail.bell-stim.com\\\/es\\\/#breadcrumb\",\"itemListElement\":[{\"@type\":\"ListItem\",\"position\":1,\"name\":\"Po\u010detna stranica\",\"item\":\"https:\\\/\\\/mail.bell-stim.com\\\/es\\\/\"},{\"@type\":\"ListItem\",\"position\":2,\"name\":\"T\u00edtulo\"}]},{\"@type\":\"WebSite\",\"@id\":\"https:\\\/\\\/mail.bell-stim.com\\\/en\\\/#website\",\"url\":\"https:\\\/\\\/mail.bell-stim.com\\\/en\\\/\",\"name\":\"Teenlifting\",\"description\":\"Aktiviraj, ne plastificiraj!\",\"potentialAction\":[{\"@type\":\"SearchAction\",\"target\":{\"@type\":\"EntryPoint\",\"urlTemplate\":\"https:\\\/\\\/mail.bell-stim.com\\\/en\\\/?s={search_term_string}\"},\"query-input\":{\"@type\":\"PropertyValueSpecification\",\"valueRequired\":true,\"valueName\":\"search_term_string\"}}],\"inLanguage\":\"es-ES\"}]}<\/script>\n<!-- \/ Yoast SEO plugin. -->","yoast_head_json":{"title":"T\u00edtulo - Teenlifting","robots":{"index":"index","follow":"follow","max-snippet":"max-snippet:-1","max-image-preview":"max-image-preview:large","max-video-preview":"max-video-preview:-1"},"canonical":"https:\/\/mail.bell-stim.com\/es\/","og_locale":"es_ES","og_type":"article","og_title":"T\u00edtulo - Teenlifting","og_url":"https:\/\/mail.bell-stim.com\/es\/","og_site_name":"Teenlifting","article_modified_time":"2025-04-01T15:31:17+00:00","twitter_card":"summary_large_image","twitter_misc":{"Est. reading time":"1 minute"},"schema":{"@context":"https:\/\/schema.org","@graph":[{"@type":"WebPage","@id":"https:\/\/mail.bell-stim.com\/es\/","url":"https:\/\/mail.bell-stim.com\/es\/","name":"T\u00edtulo - Teenlifting","isPartOf":{"@id":"https:\/\/mail.bell-stim.com\/en\/#website"},"datePublished":"2022-12-03T19:43:01+00:00","dateModified":"2025-04-01T15:31:17+00:00","breadcrumb":{"@id":"https:\/\/mail.bell-stim.com\/es\/#breadcrumb"},"inLanguage":"es-ES","potentialAction":[{"@type":"ReadAction","target":["https:\/\/mail.bell-stim.com\/es\/"]}]},{"@type":"BreadcrumbList","@id":"https:\/\/mail.bell-stim.com\/es\/#breadcrumb","itemListElement":[{"@type":"ListItem","position":1,"name":"Po\u010detna stranica","item":"https:\/\/mail.bell-stim.com\/es\/"},{"@type":"ListItem","position":2,"name":"T\u00edtulo"}]},{"@type":"WebSite","@id":"https:\/\/mail.bell-stim.com\/en\/#website","url":"https:\/\/mail.bell-stim.com\/en\/","name":"Teenlifting","description":"Aktiviraj, ne plastificiraj!","potentialAction":[{"@type":"SearchAction","target":{"@type":"EntryPoint","urlTemplate":"https:\/\/mail.bell-stim.com\/en\/?s={search_term_string}"},"query-input":{"@type":"PropertyValueSpecification","valueRequired":true,"valueName":"search_term_string"}}],"inLanguage":"es-ES"}]}},"_links":{"self":[{"href":"https:\/\/teenlifting.co.za\/es\/wp-json\/wp\/v2\/pages\/2712","targetHints":{"allow":["GET"]}}],"collection":[{"href":"https:\/\/teenlifting.co.za\/es\/wp-json\/wp\/v2\/pages"}],"about":[{"href":"https:\/\/teenlifting.co.za\/es\/wp-json\/wp\/v2\/types\/page"}],"author":[{"embeddable":true,"href":"https:\/\/teenlifting.co.za\/es\/wp-json\/wp\/v2\/users\/3"}],"replies":[{"embeddable":true,"href":"https:\/\/teenlifting.co.za\/es\/wp-json\/wp\/v2\/comments?post=2712"}],"version-history":[{"count":14,"href":"https:\/\/teenlifting.co.za\/es\/wp-json\/wp\/v2\/pages\/2712\/revisions"}],"predecessor-version":[{"id":2978,"href":"https:\/\/teenlifting.co.za\/es\/wp-json\/wp\/v2\/pages\/2712\/revisions\/2978"}],"wp:attachment":[{"href":"https:\/\/teenlifting.co.za\/es\/wp-json\/wp\/v2\/media?parent=2712"}],"curies":[{"name":"wp","href":"https:\/\/api.w.org\/{rel}","templated":true}]}}