{"id":2804,"date":"2025-01-08T17:46:57","date_gmt":"2025-01-08T17:46:57","guid":{"rendered":"https:\/\/teenlifting.com.hr\/?page_id=2804"},"modified":"2025-03-26T18:09:40","modified_gmt":"2025-03-26T18:09:40","slug":"franchise","status":"publish","type":"page","link":"https:\/\/teenlifting.co.za\/fr\/franchise\/","title":{"rendered":"Franchise"},"content":{"rendered":"<div class=\"section-full-width section-light-bg\" style=\"background-color:#f7f7f7;\" id=\"franchiseteenlifting\u00ae\"><div class=\"section-boxed\" style=\"color:#373737;\"><h2 class=\"section-title\" style=\"color:#252525;\">Franchise TEENLIFTING\u00ae<\/h2><\/p>\n<h3 style=\"text-align: left;\"><a href=\"http:\/\/www.teenlifting.com.hr\/en\/contact\/\" target=\"_blank\" rel=\"noopener\">La franchise TEENLIFTING\u00ae <\/a> peut \u00eatre achet\u00e9e en R\u00e9publique de Croatie et \u00e0 l\u2019\u00e9tranger.<\/h3>\n<p style=\"text-align: left;\">Une franchise permet au franchis\u00e9 de cro\u00eetre et de d\u00e9velopper son entreprise plus rapidement avec un montant de capital engag\u00e9 plus faible. Pour les entrepreneurs en herbe, la franchise permet d\u2019utiliser les connaissances, l\u2019exp\u00e9rience et la marque du franchiseur, et pour les entreprises prosp\u00e8res, cela repr\u00e9sente un potentiel de croissance suppl\u00e9mentaire. La franchise signifie \u00e9galement que le franchis\u00e9 b\u00e9n\u00e9ficie d\u2019une s\u00e9curit\u00e9, de co\u00fbts d\u00e9finis, d\u2019un soutien et d\u2019un syst\u00e8me bien coordonn\u00e9 qui a surmont\u00e9 tous les probl\u00e8mes rencontr\u00e9s par les jeunes entreprises. TEENLIFTING\u00ae est une excellente opportunit\u00e9 d\u2019investissement, avec un service \u00e9prouv\u00e9 et un retour sur investissement rapide.<\/p>\n<h3 style=\"text-align: left;\"><\/h3>\n<p>&nbsp;<\/p>\n<div class=\"services-wrapper services-icon cols-wrapper cols-5\"><div class=\"services-title-box col\"><h2>QU\u2019EST-CE QU\u2019UNE FRANCHISE COMPREND ?<\/h2><p>Le nombre de franchis\u00e9s est limit\u00e9, ce qui contribue au caract\u00e8re unique et exclusif. Outre le droit d\u2019utilisation de la marque et les m\u00e9thodes prot\u00e9g\u00e9es, la franchise comprend :<\/p><\/div><div class=\"services-box col\"><div class=\"img-container\"><img decoding=\"async\" src=\"https:\/\/teenlifting.com.hr\/content\/uploads\/2016\/04\/znanje-01-1.png\" alt=\"EXP\u00c9RIENCE ET SOUTIEN EN AFFAIRES\"\/><\/div><div class=\"services-content\"><div class=\"sc-wraper\"><h3>EXP\u00c9RIENCE ET SOUTIEN EN AFFAIRES<\/h3><p>transfert d\u2019exp\u00e9rience professionnelle<\/p><\/div><\/div><\/div><div class=\"services-box col\"><div class=\"img-container\"><img decoding=\"async\" src=\"https:\/\/teenlifting.com.hr\/content\/uploads\/2016\/04\/trening-01-1.png\" alt=\"FORMATION ET GESTION DES AFFAIRES\"\/><\/div><div class=\"services-content\"><div class=\"sc-wraper\"><h3>FORMATION ET GESTION DES AFFAIRES<\/h3><p>formation du personnel et gestion du d\u00e9marrage d'entreprise<\/p><\/div><\/div><\/div><div class=\"services-box col\"><div class=\"img-container\"><img decoding=\"async\" src=\"https:\/\/teenlifting.com.hr\/content\/uploads\/2016\/04\/marketing-01-1.png\" alt=\"SOUTIEN EN MARKETING\"\/><\/div><div class=\"services-content\"><div class=\"sc-wraper\"><h3>SOUTIEN EN MARKETING<\/h3><p>pr\u00e9sence sur le site web et mat\u00e9riel de marketing<\/p><\/div><\/div><\/div><div class=\"services-box col nomargin\"><div class=\"img-container\"><img decoding=\"async\" src=\"https:\/\/teenlifting.com.hr\/content\/uploads\/2016\/04\/tehnologija-01-1.png\" alt=\"SOUTIEN TECHNOLOGIQUE\"\/><\/div><div class=\"services-content\"><div class=\"sc-wraper\"><h3>SOUTIEN TECHNOLOGIQUE<\/h3><p>stimulateurs TEENLIFTING\u00ae et \u00e9lectrodes TEENLIFTING\u00ae<\/p><\/div><\/div><\/div><div class=\"clear\"><\/div><\/div>\n<p>\n<\/div><\/div>\n<div class=\"section-full-width section-light2 parallax-scroll\" style=\"background-color:#ffffff; min-height:450px;\" id=\"teenlifting\"><div style=\"background-image:url(https:\/\/www.teenlifting.com.hr\/content\/uploads\/2016\/03\/teenlifting-centar-2.jpg); opacity:0.5; filter: alpha(opacity=50);\" class=\"full-bg-image\" ><\/div><div class=\"section-boxed\" style=\"color:#777777;\"><h2 class=\"section-title\" style=\"color:#252525;\">TEENLIFTING<\/h2><\/p>\n<h3 style=\"text-align: center;\">L\u2019un des avantages que nous offrons aux franchis\u00e9s est une plus grande efficacit\u00e9 et des \u00e9conomies sur leur temps et celui du client, car ils peuvent effectuer simultan\u00e9ment le TEENLIFTING et la plupart des autres services qu\u2019ils offrent.<\/h3>\n<p>\n<\/div><\/div>\n<div class=\"section-full-width section-light-bg\" style=\"background-color:#f7f7f7;\" id=\"lesfranchis\u00e9speuvent\u00eatre\"><div class=\"section-boxed\" style=\"color:#373737;\"><h2 class=\"section-title\" style=\"color:#252525;\">Les franchis\u00e9s peuvent \u00eatre:<\/h2><div class=\"services-wrapper services-boxed-photo cols-wrapper cols-2\"><div class=\"services-box col services-no-image\"><div class=\"services-content\"><div class=\"sc-wraper\"><h3>Des polycliniques<\/h3><p>Augmentez la qualit\u00e9 et \u00e9largissez la gamme de vos services avec les traitements TEENLIFTING \u2013 une m\u00e9thode unique de stimulation des muscles du visage et du cou \u00e0 des fins de rajeunissement et de r\u00e9habilitation.<\/p><\/div><\/div><\/div><div class=\"services-box col nomargin services-no-image\"><div class=\"services-content\"><div class=\"sc-wraper\"><h3>Des cabinets dentaires<\/h3><p>Avec les traitements TEENLIFTING, vous offrez aux patients un traitement unique de renforcement des os du visage et des muscles de l\u2019articulation de la m\u00e2choire, avec un traitement agr\u00e9able de rajeunissement naturel de l\u2019ensemble du visage et du cou.<\/p><\/div><\/div><\/div><div class=\"clear\"><\/div><\/div>\n<div class=\"services-wrapper services-boxed-photo cols-wrapper cols-2\"><div class=\"services-box col services-no-image\"><div class=\"services-content\"><div class=\"sc-wraper\"><h3>Des centres de bien-\u00eatre et de spa<\/h3><p>Rendez vos invit\u00e9s encore plus heureux, plus jeunes et en meilleure sant\u00e9 avec d\u2019agr\u00e9ables traitements TEENLIFTING pens\u00e9s pour rajeunir le visage, le cou, le menton, la bouche, les joues, les yeux et le front.<\/p><\/div><\/div><\/div><div class=\"services-box col nomargin services-no-image\"><div class=\"services-content\"><div class=\"sc-wraper\"><h3>Des instituts de beaut\u00e9<\/h3><p>En introduisant les traitements TEENLIFTING, vous \u00e9largissez la gamme de services de soins du visage et du cou et offrez aux clients un traitement unique avec des r\u00e9sultats de premier ordre, ce qui entra\u00eene une augmentation du nombre de clients et une expansion de l\u2019entreprise.<\/p><\/div><\/div><\/div><div class=\"clear\"><\/div><\/div>\n<p>\n<\/div><\/div>\n<div class=\"section-full-width section-light-bg\" style=\"background-color:#ffffff;\" id=\"pourquoichoisirlafranchiseteenlifting\u00ae\"><div class=\"section-boxed\" style=\"color:#373737;\"><h2 class=\"section-title\" style=\"color:#252525;\">Pourquoi choisir la franchise TEENLIFTING\u00ae ?<\/h2><\/p>\n<p style=\"text-align: left;\">Les m\u00e9thodes de r\u00e9duction du double menton disponibles sur le march\u00e9 sont : la radiofr\u00e9quence du double menton, le traitement au laser du double menton, l\u2019intervention chirurgicale d\u2019ablation du double menton. TEENLIFTING\u00ae diff\u00e8re de toutes ces m\u00e9thodes : c\u2019est la seule m\u00e9thode qui travaille \u00e0 la fois sur le muscle et la peau, ce qui am\u00e9liore la sant\u00e9 de la personne et ce, sans \u00eatre douloureux. Il s\u2019agit d\u2019une m\u00e9thode unique sur le march\u00e9 mondial car elle utilise des \u00e9lectrodes de forme sp\u00e9ciale pour stimuler de grands groupes musculaires. Il est r\u00e9alis\u00e9 avec un appareil et des \u00e9lectrodes pour l\u2019\u00e9lectrostimulation des muscles et des points d\u2019acupuncture. L\u2019\u00e9lectrostimulation stimule le muscle platysma tout comme le muscle abdominal est stimul\u00e9 lorsqu\u2019une personne exerce ses abdominaux.<br \/>\nAvec la disparition du double menton, l\u2019exc\u00e8s de peau sur le cou est r\u00e9duit, les rides nasog\u00e9niennes sont r\u00e9duites et les joues sont repulp\u00e9es.<br \/>\nLe nombre de franchis\u00e9s par ville est limit\u00e9, ce qui contribue \u00e0 l&#8217;exclusivit\u00e9 de TEENLIFTING. Pas de concurrence !<br \/>\nFaites partie de l\u2019histoire de TEENLIFTING !<br \/>\nSi vous \u00eates int\u00e9ress\u00e9, envoyez-nous un message et nous vous contacterons dans les plus brefs d\u00e9lais !\n<\/p>\n<p>\n<\/div><\/div>\n<div class=\"section-full-width section-light-bg\" style=\"background-color:#f7f7f7;\" id=\"faitespartiedel\u2019histoiredeteenlifting\"><div class=\"section-boxed\" style=\"color:#373737;\"><h2 class=\"section-title\" style=\"color:#252525;\">Faites partie de l\u2019histoire de TEENLIFTING!<\/h2><\/p>\n<h3>Si vous \u00eates int\u00e9ress\u00e9, envoyez-nous un message et nous vous contacterons dans les plus brefs d\u00e9lais!<\/h3>\n\n<div class=\"wpcf7 no-js\" id=\"wpcf7-f2904-o1\" lang=\"hr\" dir=\"ltr\" data-wpcf7-id=\"2904\">\n<div class=\"screen-reader-response\"><p role=\"status\" aria-live=\"polite\" aria-atomic=\"true\"><\/p> <ul><\/ul><\/div>\n<form action=\"\/fr\/wp-json\/wp\/v2\/pages\/2804#wpcf7-f2904-o1\" method=\"post\" class=\"wpcf7-form init\" aria-label=\"Contact form\" novalidate=\"novalidate\" data-status=\"init\">\n<fieldset class=\"hidden-fields-container\"><input type=\"hidden\" name=\"_wpcf7\" value=\"2904\" \/><input type=\"hidden\" name=\"_wpcf7_version\" value=\"6.1.5\" \/><input type=\"hidden\" name=\"_wpcf7_locale\" value=\"hr\" \/><input type=\"hidden\" name=\"_wpcf7_unit_tag\" value=\"wpcf7-f2904-o1\" \/><input type=\"hidden\" name=\"_wpcf7_container_post\" value=\"0\" \/><input type=\"hidden\" name=\"_wpcf7_posted_data_hash\" value=\"\" \/>\n<\/fieldset>\n<p>Nom et pr\u00e9nom*<br \/>\n<span class=\"wpcf7-form-control-wrap\" data-name=\"your-name\"><input size=\"40\" maxlength=\"400\" class=\"wpcf7-form-control wpcf7-text wpcf7-validates-as-required\" aria-required=\"true\" aria-invalid=\"false\" value=\"\" type=\"text\" name=\"your-name\" \/><\/span>\n<\/p>\n<p>Nom de l'entreprise*<br \/>\n<span class=\"wpcf7-form-control-wrap\" data-name=\"your-firm\"><input size=\"40\" maxlength=\"400\" class=\"wpcf7-form-control wpcf7-text wpcf7-validates-as-required\" aria-required=\"true\" aria-invalid=\"false\" value=\"\" type=\"text\" name=\"your-firm\" \/><\/span>\n<\/p>\n<p>Ville*<br \/>\n<span class=\"wpcf7-form-control-wrap\" data-name=\"your-city\"><input size=\"40\" maxlength=\"400\" class=\"wpcf7-form-control wpcf7-text wpcf7-validates-as-required\" aria-required=\"true\" aria-invalid=\"false\" value=\"\" type=\"text\" name=\"your-city\" \/><\/span>\n<\/p>\n<p>Numero de t\u00e9l\u00e9phone*<br \/>\n<span class=\"wpcf7-form-control-wrap\" data-name=\"tel-255\"><input size=\"40\" maxlength=\"400\" class=\"wpcf7-form-control wpcf7-tel wpcf7-validates-as-required wpcf7-text wpcf7-validates-as-tel\" aria-required=\"true\" aria-invalid=\"false\" value=\"\" type=\"tel\" name=\"tel-255\" \/><\/span>\n<\/p>\n<p>E-mail*<br \/>\n<span class=\"wpcf7-form-control-wrap\" data-name=\"your-email\"><input size=\"40\" maxlength=\"400\" class=\"wpcf7-form-control wpcf7-email wpcf7-validates-as-required wpcf7-text wpcf7-validates-as-email\" aria-required=\"true\" aria-invalid=\"false\" value=\"\" type=\"email\" name=\"your-email\" \/><\/span>\n<\/p>\n<p><span class=\"wpcf7-form-control-wrap\" data-name=\"acceptance-552\"><span class=\"wpcf7-form-control wpcf7-acceptance\"><span class=\"wpcf7-list-item\"><label><input type=\"checkbox\" name=\"acceptance-552\" value=\"1\" aria-invalid=\"false\" \/><span class=\"wpcf7-list-item-label\">*J'accepte les permes et conditions d'utilisation. En savoir plus sur <a href=\"https:\/\/teenlifting.com.hr\/en\/terms-and-conditions\/\" target=\"_blank\">les termes et conditions d'utilisation<\/a>.<\/span><\/label><\/span><\/span><\/span>\n<\/p>\n<p><span class=\"wpcf7-form-control-wrap\" data-name=\"acceptance-560\"><span class=\"wpcf7-form-control wpcf7-acceptance optional\"><span class=\"wpcf7-list-item\"><label><input type=\"checkbox\" name=\"acceptance-560\" value=\"1\" checked=\"checked\" aria-invalid=\"false\" \/><span class=\"wpcf7-list-item-label\">Je sauhaite recevoir les notifications TEENLIFTING.<\/span><\/label><\/span><\/span><\/span>\n<\/p>\n<p>*Champs obligatories\n<\/p>\n<p><input class=\"wpcf7-form-control wpcf7-submit has-spinner\" type=\"submit\" value=\"Envoyer\" \/>\n<\/p><p style=\"display: none !important;\" class=\"akismet-fields-container\" data-prefix=\"_wpcf7_ak_\"><label>&#916;<textarea name=\"_wpcf7_ak_hp_textarea\" cols=\"45\" rows=\"8\" maxlength=\"100\"><\/textarea><\/label><input type=\"hidden\" id=\"ak_js_1\" name=\"_wpcf7_ak_js\" value=\"165\"\/><script>document.getElementById( \"ak_js_1\" ).setAttribute( \"value\", ( new Date() ).getTime() );<\/script><\/p><div class=\"wpcf7-response-output\" aria-hidden=\"true\"><\/div>\n<\/form>\n<\/div>\n\n<p>\n<\/div><\/div>\n","protected":false},"excerpt":{"rendered":"","protected":false},"author":3,"featured_media":0,"parent":0,"menu_order":5,"comment_status":"closed","ping_status":"closed","template":"template-full-custom.php","meta":{"om_disable_all_campaigns":false,"_monsterinsights_skip_tracking":false,"_monsterinsights_sitenote_active":false,"_monsterinsights_sitenote_note":"","_monsterinsights_sitenote_category":0,"_uf_show_specific_survey":0,"_uf_disable_surveys":false,"footnotes":""},"class_list":["post-2804","page","type-page","status-publish","hentry"],"aioseo_notices":[],"yoast_head":"<!-- This site is optimized with the Yoast SEO plugin v27.4 - https:\/\/yoast.com\/product\/yoast-seo-wordpress\/ -->\n<title>Franchise - Teenlifting<\/title>\n<meta name=\"robots\" content=\"index, follow, max-snippet:-1, max-image-preview:large, max-video-preview:-1\" \/>\n<link rel=\"canonical\" href=\"https:\/\/mail.teenlifting.co.za\/fr\/franchise\/\" \/>\n<meta property=\"og:locale\" content=\"fr_FR\" \/>\n<meta property=\"og:type\" content=\"article\" \/>\n<meta property=\"og:title\" content=\"Franchise - Teenlifting\" \/>\n<meta property=\"og:url\" content=\"https:\/\/mail.teenlifting.co.za\/fr\/franchise\/\" \/>\n<meta property=\"og:site_name\" content=\"Teenlifting\" \/>\n<meta property=\"article:modified_time\" content=\"2025-03-26T18:09:40+00:00\" \/>\n<meta name=\"twitter:card\" content=\"summary_large_image\" \/>\n<meta name=\"twitter:label1\" content=\"Est. reading time\" \/>\n\t<meta name=\"twitter:data1\" content=\"3 minutes\" \/>\n<script type=\"application\/ld+json\" class=\"yoast-schema-graph\">{\"@context\":\"https:\\\/\\\/schema.org\",\"@graph\":[{\"@type\":\"WebPage\",\"@id\":\"https:\\\/\\\/mail.teenlifting.co.za\\\/fr\\\/franchise\\\/\",\"url\":\"https:\\\/\\\/mail.teenlifting.co.za\\\/fr\\\/franchise\\\/\",\"name\":\"Franchise - Teenlifting\",\"isPartOf\":{\"@id\":\"https:\\\/\\\/mail.bell-stim.com\\\/en\\\/#website\"},\"datePublished\":\"2025-01-08T17:46:57+00:00\",\"dateModified\":\"2025-03-26T18:09:40+00:00\",\"breadcrumb\":{\"@id\":\"https:\\\/\\\/mail.teenlifting.co.za\\\/fr\\\/franchise\\\/#breadcrumb\"},\"inLanguage\":\"fr-FR\",\"potentialAction\":[{\"@type\":\"ReadAction\",\"target\":[\"https:\\\/\\\/mail.teenlifting.co.za\\\/fr\\\/franchise\\\/\"]}]},{\"@type\":\"BreadcrumbList\",\"@id\":\"https:\\\/\\\/mail.teenlifting.co.za\\\/fr\\\/franchise\\\/#breadcrumb\",\"itemListElement\":[{\"@type\":\"ListItem\",\"position\":1,\"name\":\"Po\u010detna stranica\",\"item\":\"https:\\\/\\\/mail.bell-stim.com\\\/fr\\\/\"},{\"@type\":\"ListItem\",\"position\":2,\"name\":\"Franchise\"}]},{\"@type\":\"WebSite\",\"@id\":\"https:\\\/\\\/mail.bell-stim.com\\\/en\\\/#website\",\"url\":\"https:\\\/\\\/mail.bell-stim.com\\\/en\\\/\",\"name\":\"Teenlifting\",\"description\":\"Aktiviraj, ne plastificiraj!\",\"potentialAction\":[{\"@type\":\"SearchAction\",\"target\":{\"@type\":\"EntryPoint\",\"urlTemplate\":\"https:\\\/\\\/mail.bell-stim.com\\\/en\\\/?s={search_term_string}\"},\"query-input\":{\"@type\":\"PropertyValueSpecification\",\"valueRequired\":true,\"valueName\":\"search_term_string\"}}],\"inLanguage\":\"fr-FR\"}]}<\/script>\n<!-- \/ Yoast SEO plugin. -->","yoast_head_json":{"title":"Franchise - Teenlifting","robots":{"index":"index","follow":"follow","max-snippet":"max-snippet:-1","max-image-preview":"max-image-preview:large","max-video-preview":"max-video-preview:-1"},"canonical":"https:\/\/mail.teenlifting.co.za\/fr\/franchise\/","og_locale":"fr_FR","og_type":"article","og_title":"Franchise - Teenlifting","og_url":"https:\/\/mail.teenlifting.co.za\/fr\/franchise\/","og_site_name":"Teenlifting","article_modified_time":"2025-03-26T18:09:40+00:00","twitter_card":"summary_large_image","twitter_misc":{"Est. reading time":"3 minutes"},"schema":{"@context":"https:\/\/schema.org","@graph":[{"@type":"WebPage","@id":"https:\/\/mail.teenlifting.co.za\/fr\/franchise\/","url":"https:\/\/mail.teenlifting.co.za\/fr\/franchise\/","name":"Franchise - Teenlifting","isPartOf":{"@id":"https:\/\/mail.bell-stim.com\/en\/#website"},"datePublished":"2025-01-08T17:46:57+00:00","dateModified":"2025-03-26T18:09:40+00:00","breadcrumb":{"@id":"https:\/\/mail.teenlifting.co.za\/fr\/franchise\/#breadcrumb"},"inLanguage":"fr-FR","potentialAction":[{"@type":"ReadAction","target":["https:\/\/mail.teenlifting.co.za\/fr\/franchise\/"]}]},{"@type":"BreadcrumbList","@id":"https:\/\/mail.teenlifting.co.za\/fr\/franchise\/#breadcrumb","itemListElement":[{"@type":"ListItem","position":1,"name":"Po\u010detna stranica","item":"https:\/\/mail.bell-stim.com\/fr\/"},{"@type":"ListItem","position":2,"name":"Franchise"}]},{"@type":"WebSite","@id":"https:\/\/mail.bell-stim.com\/en\/#website","url":"https:\/\/mail.bell-stim.com\/en\/","name":"Teenlifting","description":"Aktiviraj, ne plastificiraj!","potentialAction":[{"@type":"SearchAction","target":{"@type":"EntryPoint","urlTemplate":"https:\/\/mail.bell-stim.com\/en\/?s={search_term_string}"},"query-input":{"@type":"PropertyValueSpecification","valueRequired":true,"valueName":"search_term_string"}}],"inLanguage":"fr-FR"}]}},"_links":{"self":[{"href":"https:\/\/teenlifting.co.za\/fr\/wp-json\/wp\/v2\/pages\/2804","targetHints":{"allow":["GET"]}}],"collection":[{"href":"https:\/\/teenlifting.co.za\/fr\/wp-json\/wp\/v2\/pages"}],"about":[{"href":"https:\/\/teenlifting.co.za\/fr\/wp-json\/wp\/v2\/types\/page"}],"author":[{"embeddable":true,"href":"https:\/\/teenlifting.co.za\/fr\/wp-json\/wp\/v2\/users\/3"}],"replies":[{"embeddable":true,"href":"https:\/\/teenlifting.co.za\/fr\/wp-json\/wp\/v2\/comments?post=2804"}],"version-history":[{"count":8,"href":"https:\/\/teenlifting.co.za\/fr\/wp-json\/wp\/v2\/pages\/2804\/revisions"}],"predecessor-version":[{"id":2965,"href":"https:\/\/teenlifting.co.za\/fr\/wp-json\/wp\/v2\/pages\/2804\/revisions\/2965"}],"wp:attachment":[{"href":"https:\/\/teenlifting.co.za\/fr\/wp-json\/wp\/v2\/media?parent=2804"}],"curies":[{"name":"wp","href":"https:\/\/api.w.org\/{rel}","templated":true}]}}