{"id":2806,"date":"2025-01-08T17:50:12","date_gmt":"2025-01-08T17:50:12","guid":{"rendered":"https:\/\/teenlifting.com.hr\/?page_id=2806"},"modified":"2025-03-26T18:20:29","modified_gmt":"2025-03-26T18:20:29","slug":"a-propos-de-nous","status":"publish","type":"page","link":"https:\/\/teenlifting.co.za\/fr\/a-propos-de-nous\/","title":{"rendered":"\u00c0 propos de nous"},"content":{"rendered":"<div class=\"section-full-width section-light-bg\" style=\"background-color:#f7f7f7;\" id=\"l39\u00e9quipeteenlifting\"><div class=\"section-boxed\" style=\"color:#373737;\"><h2 class=\"section-title\" style=\"color:#252525;\">L&#39;\u00e9quipe TEENLIFTING<\/h2><p><img decoding=\"async\" class=\"img-frame alignleft\" src=\"https:\/\/teenlifting.com.hr\/content\/uploads\/2016\/03\/sanja.jpg\" \/>Sanja Malba\u0161a Go\u0161ovi\u0107, m\u00e9decin g\u00e9n\u00e9raliste, sp\u00e9cialiste acupuncteur et cosm\u00e9tologue, a d\u00e9velopp\u00e9 en 1990 une m\u00e9thode sous la marque TEENLIFTING\u00ae, qu&#8217;elle continue de d\u00e9velopper. Sur le march\u00e9 mondial, il s&#8217;agit d&#8217;unem\u00e9thode naturelle unique de stimulation simultan\u00e9e de tous les muscles du corps et du visage. Cette m\u00e9thode stimule ainsi de grands groupes musculaire au moyen d&#8217;\u00e9lectrodes sp\u00e9cialement con\u00e7ues et d&#8217;\u00e9lectrodes standards, plac\u00e9es suivant une m\u00e9thode non standard afin d\u2019obtenir des r\u00e9sultats meilleurs et plus efficaces. Le syst\u00e8me TEENLIFTING\u00ae est prot\u00e9g\u00e9 en Croatie, dans l&#8217;Union europ\u00e9enne, en Chine, aux \u00c9tats-Unis et dans d&#8217;autres pays.<\/p>\n<p>Aujourd&#8217;hui, en collaboration avec le m\u00e9decin, une \u00e9quipe experte de physioth\u00e9rapeutes travaille au centre TEENLIFTING de Zagreb et offre des services de qualit\u00e9 sup\u00e9rieure. Nous souhaitons satisfaire tous nos clients au moyen d&#8217;une innovation constante et d&#8217;une am\u00e9lioration des r\u00e9sultats et de la qualit\u00e9 des services. Le succ\u00e8s et les excellents r\u00e9sultats de TEENLIFTING sont d\u00e9montr\u00e9s par nos clients fid\u00e8les et de longue date. En 2016, nous avons ouvert une entreprise pour les franchises TEENLIFTING dans le but d&#8217;\u00e9tendre le syst\u00e8me TEENLIFTING tout en maintenant la qualit\u00e9 des services et des op\u00e9rations de meilleure qualit\u00e9. Nous avons \u00e9t\u00e9 encourag\u00e9s dans cette d\u00e9marche par le succ\u00e8s pass\u00e9 des franchises. Les centres TEENLIFTING sont pr\u00e9sents \u00e0 Belgrade, Ljubljana, Split et Zagreb. Notre objectif \u00e0 l\u2019avenir est d\u2019\u00e9tendre le syst\u00e8me TEENLIFTING aux pays du monde entier.<\/p>\n<p>La stimulation TEENLIFTING\u00ae est une \u00e9lectrostimulation des muscles du visage et du cou, du corps et du bassin. Elle renforce les muscles, stimule des points d&#8217;acupuncture, restaure, draine et am\u00e9liore la circulation des tissus stimul\u00e9s, rajeunit, remet en forme, lifte et cr\u00e9e un \u00e9tat de relaxation profond.<\/p>\n<p>&nbsp;<\/p>\n<p>Les appareils TEENLIFTING\u00ae pour l&#8217;\u00e9lectrostimulation musculaire, la revitalisation musculaire et la stimulation des points d&#8217;acupuncture obtiennent d&#8217;excellents r\u00e9sultats dans les domaines suivants :<\/p>\n<ul style=\"padding-left: 60px;\">\n<li>beaut\u00e9 (rajeunissement du visage et du corps)<\/li>\n<li>pr\u00e9vention (entretien du bon \u00e9tat musculaire du visage et du corps chez les sportifs, les personnes \u00e2g\u00e9es et autres)<\/li>\n<li>r\u00e9tablissement (traitement des migraines, maux de t\u00eate, sinusite, n\u00e9vralgie, paralysie de Bell (nerf facial), myalgie, traitement des troubles de la circulation p\u00e9riph\u00e9rique, spasmes, paralysie c\u00e9r\u00e9brale, atrophie musculaire, arthrose du genou et de la hanche, douleurs de la colonne lombaire et cervicale, incontinence , impuissance, etc.)<\/li>\n<\/ul>\n<p>\n<\/div><\/div>\n<div class=\"section-full-width section-light-bg\" style=\"background-color:#ffffff;\" id=\"missionetvision\"><div class=\"section-boxed\" style=\"color:#373737;\"><h2 class=\"section-title\" style=\"color:#252525;\">Mission et vision<\/h2><p><strong>Mission:<\/strong> TEENLIFTING est une m\u00e9thode globale avec une signature nationale. Gr\u00e2ce \u00e0 une innovation permanente et \u00e0 l&#8217;am\u00e9lioration constante des m\u00e9thodes, nous voulons incarner le premier choix de nos clients qui souhaitent conserver un visage jeune et pr\u00e9server le tonus de tous les muscles du corps, \u00e0 des fins cosm\u00e9tiques et de r\u00e9tablissement, de mani\u00e8re saine.<\/p>\n<p><strong>Vision:<\/strong> TEENLIFTING est une histoire de muscles. Notre objectif est de permettre et de faire prendre conscience \u00e0 chaque femme et homme du monde entier qu&#8217;ils peuvent pr\u00e9server leur apparence, leur beaut\u00e9 et leur sant\u00e9 uniques de mani\u00e8re naturelle et saine, en utilisant la m\u00e9thode TEENLIFTING.<\/p>\n<p>\n<\/div><\/div>\n","protected":false},"excerpt":{"rendered":"","protected":false},"author":3,"featured_media":0,"parent":0,"menu_order":6,"comment_status":"closed","ping_status":"closed","template":"template-full-custom.php","meta":{"om_disable_all_campaigns":false,"_monsterinsights_skip_tracking":false,"_monsterinsights_sitenote_active":false,"_monsterinsights_sitenote_note":"","_monsterinsights_sitenote_category":0,"_uf_show_specific_survey":0,"_uf_disable_surveys":false,"footnotes":""},"class_list":["post-2806","page","type-page","status-publish","hentry"],"aioseo_notices":[],"yoast_head":"<!-- This site is optimized with the Yoast SEO plugin v27.4 - https:\/\/yoast.com\/product\/yoast-seo-wordpress\/ -->\n<title>\u00c0 propos de nous - Teenlifting<\/title>\n<meta name=\"robots\" content=\"index, follow, max-snippet:-1, max-image-preview:large, max-video-preview:-1\" \/>\n<link rel=\"canonical\" href=\"https:\/\/mail.teenlifting.eu\/fr\/a-propos-de-nous\/\" \/>\n<meta property=\"og:locale\" content=\"fr_FR\" \/>\n<meta property=\"og:type\" content=\"article\" \/>\n<meta property=\"og:title\" content=\"\u00c0 propos de nous - Teenlifting\" \/>\n<meta property=\"og:url\" content=\"https:\/\/mail.teenlifting.eu\/fr\/a-propos-de-nous\/\" \/>\n<meta property=\"og:site_name\" content=\"Teenlifting\" \/>\n<meta property=\"article:modified_time\" content=\"2025-03-26T18:20:29+00:00\" \/>\n<meta property=\"og:image\" content=\"https:\/\/teenlifting.com.hr\/content\/uploads\/2016\/03\/sanja.jpg\" \/>\n<meta name=\"twitter:card\" content=\"summary_large_image\" \/>\n<meta name=\"twitter:label1\" content=\"Est. reading time\" \/>\n\t<meta name=\"twitter:data1\" content=\"3 minutes\" \/>\n<script type=\"application\/ld+json\" class=\"yoast-schema-graph\">{\"@context\":\"https:\\\/\\\/schema.org\",\"@graph\":[{\"@type\":\"WebPage\",\"@id\":\"https:\\\/\\\/mail.teenlifting.eu\\\/fr\\\/a-propos-de-nous\\\/\",\"url\":\"https:\\\/\\\/mail.teenlifting.eu\\\/fr\\\/a-propos-de-nous\\\/\",\"name\":\"\u00c0 propos de nous - Teenlifting\",\"isPartOf\":{\"@id\":\"https:\\\/\\\/mail.bell-stim.com\\\/en\\\/#website\"},\"primaryImageOfPage\":{\"@id\":\"https:\\\/\\\/mail.teenlifting.eu\\\/fr\\\/a-propos-de-nous\\\/#primaryimage\"},\"image\":{\"@id\":\"https:\\\/\\\/mail.teenlifting.eu\\\/fr\\\/a-propos-de-nous\\\/#primaryimage\"},\"thumbnailUrl\":\"https:\\\/\\\/teenlifting.com.hr\\\/content\\\/uploads\\\/2016\\\/03\\\/sanja.jpg\",\"datePublished\":\"2025-01-08T17:50:12+00:00\",\"dateModified\":\"2025-03-26T18:20:29+00:00\",\"breadcrumb\":{\"@id\":\"https:\\\/\\\/mail.teenlifting.eu\\\/fr\\\/a-propos-de-nous\\\/#breadcrumb\"},\"inLanguage\":\"fr-FR\",\"potentialAction\":[{\"@type\":\"ReadAction\",\"target\":[\"https:\\\/\\\/mail.teenlifting.eu\\\/fr\\\/a-propos-de-nous\\\/\"]}]},{\"@type\":\"ImageObject\",\"inLanguage\":\"fr-FR\",\"@id\":\"https:\\\/\\\/mail.teenlifting.eu\\\/fr\\\/a-propos-de-nous\\\/#primaryimage\",\"url\":\"https:\\\/\\\/teenlifting.com.hr\\\/content\\\/uploads\\\/2016\\\/03\\\/sanja.jpg\",\"contentUrl\":\"https:\\\/\\\/teenlifting.com.hr\\\/content\\\/uploads\\\/2016\\\/03\\\/sanja.jpg\"},{\"@type\":\"BreadcrumbList\",\"@id\":\"https:\\\/\\\/mail.teenlifting.eu\\\/fr\\\/a-propos-de-nous\\\/#breadcrumb\",\"itemListElement\":[{\"@type\":\"ListItem\",\"position\":1,\"name\":\"Po\u010detna stranica\",\"item\":\"https:\\\/\\\/mail.bell-stim.com\\\/fr\\\/\"},{\"@type\":\"ListItem\",\"position\":2,\"name\":\"\u00c0 propos de nous\"}]},{\"@type\":\"WebSite\",\"@id\":\"https:\\\/\\\/mail.bell-stim.com\\\/en\\\/#website\",\"url\":\"https:\\\/\\\/mail.bell-stim.com\\\/en\\\/\",\"name\":\"Teenlifting\",\"description\":\"Aktiviraj, ne plastificiraj!\",\"potentialAction\":[{\"@type\":\"SearchAction\",\"target\":{\"@type\":\"EntryPoint\",\"urlTemplate\":\"https:\\\/\\\/mail.bell-stim.com\\\/en\\\/?s={search_term_string}\"},\"query-input\":{\"@type\":\"PropertyValueSpecification\",\"valueRequired\":true,\"valueName\":\"search_term_string\"}}],\"inLanguage\":\"fr-FR\"}]}<\/script>\n<!-- \/ Yoast SEO plugin. -->","yoast_head_json":{"title":"\u00c0 propos de nous - Teenlifting","robots":{"index":"index","follow":"follow","max-snippet":"max-snippet:-1","max-image-preview":"max-image-preview:large","max-video-preview":"max-video-preview:-1"},"canonical":"https:\/\/mail.teenlifting.eu\/fr\/a-propos-de-nous\/","og_locale":"fr_FR","og_type":"article","og_title":"\u00c0 propos de nous - Teenlifting","og_url":"https:\/\/mail.teenlifting.eu\/fr\/a-propos-de-nous\/","og_site_name":"Teenlifting","article_modified_time":"2025-03-26T18:20:29+00:00","og_image":[{"url":"https:\/\/teenlifting.com.hr\/content\/uploads\/2016\/03\/sanja.jpg","type":"","width":"","height":""}],"twitter_card":"summary_large_image","twitter_misc":{"Est. reading time":"3 minutes"},"schema":{"@context":"https:\/\/schema.org","@graph":[{"@type":"WebPage","@id":"https:\/\/mail.teenlifting.eu\/fr\/a-propos-de-nous\/","url":"https:\/\/mail.teenlifting.eu\/fr\/a-propos-de-nous\/","name":"\u00c0 propos de nous - Teenlifting","isPartOf":{"@id":"https:\/\/mail.bell-stim.com\/en\/#website"},"primaryImageOfPage":{"@id":"https:\/\/mail.teenlifting.eu\/fr\/a-propos-de-nous\/#primaryimage"},"image":{"@id":"https:\/\/mail.teenlifting.eu\/fr\/a-propos-de-nous\/#primaryimage"},"thumbnailUrl":"https:\/\/teenlifting.com.hr\/content\/uploads\/2016\/03\/sanja.jpg","datePublished":"2025-01-08T17:50:12+00:00","dateModified":"2025-03-26T18:20:29+00:00","breadcrumb":{"@id":"https:\/\/mail.teenlifting.eu\/fr\/a-propos-de-nous\/#breadcrumb"},"inLanguage":"fr-FR","potentialAction":[{"@type":"ReadAction","target":["https:\/\/mail.teenlifting.eu\/fr\/a-propos-de-nous\/"]}]},{"@type":"ImageObject","inLanguage":"fr-FR","@id":"https:\/\/mail.teenlifting.eu\/fr\/a-propos-de-nous\/#primaryimage","url":"https:\/\/teenlifting.com.hr\/content\/uploads\/2016\/03\/sanja.jpg","contentUrl":"https:\/\/teenlifting.com.hr\/content\/uploads\/2016\/03\/sanja.jpg"},{"@type":"BreadcrumbList","@id":"https:\/\/mail.teenlifting.eu\/fr\/a-propos-de-nous\/#breadcrumb","itemListElement":[{"@type":"ListItem","position":1,"name":"Po\u010detna stranica","item":"https:\/\/mail.bell-stim.com\/fr\/"},{"@type":"ListItem","position":2,"name":"\u00c0 propos de nous"}]},{"@type":"WebSite","@id":"https:\/\/mail.bell-stim.com\/en\/#website","url":"https:\/\/mail.bell-stim.com\/en\/","name":"Teenlifting","description":"Aktiviraj, ne plastificiraj!","potentialAction":[{"@type":"SearchAction","target":{"@type":"EntryPoint","urlTemplate":"https:\/\/mail.bell-stim.com\/en\/?s={search_term_string}"},"query-input":{"@type":"PropertyValueSpecification","valueRequired":true,"valueName":"search_term_string"}}],"inLanguage":"fr-FR"}]}},"_links":{"self":[{"href":"https:\/\/teenlifting.co.za\/fr\/wp-json\/wp\/v2\/pages\/2806","targetHints":{"allow":["GET"]}}],"collection":[{"href":"https:\/\/teenlifting.co.za\/fr\/wp-json\/wp\/v2\/pages"}],"about":[{"href":"https:\/\/teenlifting.co.za\/fr\/wp-json\/wp\/v2\/types\/page"}],"author":[{"embeddable":true,"href":"https:\/\/teenlifting.co.za\/fr\/wp-json\/wp\/v2\/users\/3"}],"replies":[{"embeddable":true,"href":"https:\/\/teenlifting.co.za\/fr\/wp-json\/wp\/v2\/comments?post=2806"}],"version-history":[{"count":7,"href":"https:\/\/teenlifting.co.za\/fr\/wp-json\/wp\/v2\/pages\/2806\/revisions"}],"predecessor-version":[{"id":2967,"href":"https:\/\/teenlifting.co.za\/fr\/wp-json\/wp\/v2\/pages\/2806\/revisions\/2967"}],"wp:attachment":[{"href":"https:\/\/teenlifting.co.za\/fr\/wp-json\/wp\/v2\/media?parent=2806"}],"curies":[{"name":"wp","href":"https:\/\/api.w.org\/{rel}","templated":true}]}}