{"id":2810,"date":"2025-01-08T18:01:30","date_gmt":"2025-01-08T18:01:30","guid":{"rendered":"https:\/\/teenlifting.com.hr\/?page_id=2810"},"modified":"2025-03-28T11:20:18","modified_gmt":"2025-03-28T11:20:18","slug":"teenlifting-du-visage","status":"publish","type":"page","link":"https:\/\/teenlifting.co.za\/fr\/teenlifting-du-visage\/","title":{"rendered":"Teenlifting du visage"},"content":{"rendered":"<div class=\"section-full-width section-light-bg\" style=\"background-color:#f7f7f7;\" id=\"teenlifting\u00aeduvisagedudoublementonetducoupourlesfemmesetleshommes\"><div class=\"section-boxed\" style=\"color:#373737;\"><h2 class=\"section-title\" style=\"color:#252525;\">TEENLIFTING\u00ae du visage, du double menton et du cou pour les femmes et les hommes<\/h2><\/p>\n<p style=\"text-align: left;\">TEENLIFTING est r\u00e9alis\u00e9 avec un appareil d\u2019\u00e9lectrostimulation des muscles et permet l\u2019application de la m\u00e9decine physique en cosm\u00e9tique, avec d\u2019excellents r\u00e9sultats en r\u00e9tablissement, th\u00e9rapie et prophylaxie : maux de t\u00eate, migraines, restauration de la masse osseuse de la m\u00e2choire, sinusite, n\u00e9vralgie, par\u00e9sie, par\u00e9sie de Bell (nerf facial) et myalgie.<\/p>\n<div class=\"services-wrapper services-boxed-photo cols-wrapper cols-3\"><div class=\"services-box col\"><div class=\"img-container\"><img decoding=\"async\" src=\"https:\/\/teenlifting.com.hr\/content\/uploads\/2016\/09\/misici_2.jpg\" alt=\"Muscles circulaires des yeux et de la bouche\"\/><\/div><div class=\"services-content\"><div class=\"sc-wraper\"><h3>Muscles circulaires des yeux et de la bouche<\/h3><\/div><\/div><\/div><div class=\"services-box col\"><div class=\"img-container\"><img decoding=\"async\" src=\"https:\/\/teenlifting.com.hr\/content\/uploads\/2016\/09\/misici_3.jpg\" alt=\"Muscle platysma\"\/><\/div><div class=\"services-content\"><div class=\"sc-wraper\"><h3>Muscle platysma<\/h3><\/div><\/div><\/div><div class=\"services-box col nomargin\"><div class=\"img-container\"><img decoding=\"async\" src=\"https:\/\/teenlifting.com.hr\/content\/uploads\/2016\/09\/misici_1.jpg\" alt=\"Muscles du visage et du cou\"\/><\/div><div class=\"services-content\"><div class=\"sc-wraper\"><h3>Muscles du visage et du cou<\/h3><\/div><\/div><\/div><div class=\"clear\"><\/div><\/div>\n<p>&nbsp;<\/p>\n<p><strong>TEENLIFTING du visage, du double menton et du cou:<\/strong><\/p>\n<p>&nbsp;<\/p>\n<div class=\"cols-wrapper cols-4\">\n<div class=\"col\">\n<ul>\n<li>raffermissement de la peau<\/li>\n<li>\u00e9limination des rides du visage<\/li>\n<li>\u00e9limination des rides autour des yeux<\/li>\n<li>\u00e9limination des rides autour des l\u00e8vres<\/li>\n<li>drainage lymphatique<\/li>\n<\/ul>\n<\/div>\n<div class=\"col\">\n<ul>\n<li>mise en forme<\/li>\n<li>rajeunissement non invasif<\/li>\n<li>rajeunissement du visage, du double menton et du cou<\/li>\n<li>traitement anti-\u00e2ge<\/li>\n<li>rajeunissement non chirurgical<\/li>\n<\/ul>\n<\/div>\n<div class=\"col\">\n<ul>\n<li>\u00e9lectrostimulation de tous les muscles du visage et du cou en m\u00eame temps<\/li>\n<li>stimulation des points d\u2019acupuncture<\/li>\n<li>exercice des muscles faciaux<\/li>\n<li>lifting du visage et du cou<\/li>\n<li>lifting du visage<\/li>\n<\/ul>\n<\/div>\n<div class=\"col nomargin\">\n<ul>\n<li>augmentation du tonus de la peau<\/li>\n<li>r\u00e9g\u00e9n\u00e9ration tissulaire<\/li>\n<li>restauration d&#8217;une expression faciale jeune<\/li>\n<li>perte de poids<\/li>\n<li>d\u00e9toxification des tissus<\/li>\n<li>effet anti-stress<\/li>\n<\/ul>\n<\/div>\n<\/div>\n<p>\n<\/div><\/div>\n<div class=\"section-full-width section-light-bg konzultacije_vizual\" style=\"background-color:#ffffff;\" id=\"section-1\"><div class=\"section-boxed\" style=\"color:#373737;\"><p><img loading=\"lazy\" decoding=\"async\" class=\"img-frame aligncenter\" src=\"https:\/\/teenlifting.com.hr\/content\/uploads\/2025\/01\/Konzultacije_FRA_web-1.jpg\" alt=\"\" width=\"1920\" height=\"1080\" \/><\/p>\n<\/div><\/div>\n<div class=\"section-full-width section-light-bg\" style=\"background-color:#f7f7f7;\" id=\"ensavoirplussurteenlifting\"><div class=\"section-boxed\" style=\"color:#373737;\"><h2 class=\"section-title\" style=\"color:#252525;\">En savoir plus sur TEENLIFTING<\/h2><\/p>\n<div class=\"cols-wrapper cols-2\">\n<div class=\"col\">\n<p>&nbsp;<\/p>\n<h2>Pourquoi leur stimulation simultan\u00e9e est-elle importante ?<\/h2>\n<p>Les muscles sont anatomiquement interconnect\u00e9s, de sorte que leur contraction synchronis\u00e9e est importante pour obtenir des r\u00e9sultats optimaux, \u00e9liminer les rides du visage et raffermir le visage.<\/p>\n<p>&nbsp;<\/p>\n<blockquote>\n<p>Pourquoi TEENLIFTING stimule chaque muscle avec 100 % des fibres musculaires et pas seulement d\u2019une petite partie de 5 \u00e0 20 % comme avec l\u2019\u00e9lectrostimulation classique ?<\/p>\n<\/blockquote>\n<p>&nbsp;<\/p>\n<p>Parce que la stimulation est plus agr\u00e9able tout en obtenant des r\u00e9sultats optimaux et en \u00e9liminant les rides. Une stimulation partielle et seulement \u00e0 certains sites du corps est trop intense pour ces sites et en m\u00eame temps trop faible pour l&#8217;ensemble du muscle ou du groupe musculaire.<\/p>\n<h2>Comment y parvient-on ?<\/h2>\n<p>Avec des \u00e9lectrodes TEENLIFTING uniques con\u00e7ues pour des r\u00e9gions anatomiques individuelles de groupes musculaires ou pour des muscles individuels.<\/p>\n<p>&nbsp;<\/p>\n<blockquote>\n<p>Y a-t-il une diff\u00e9rence entre l\u2019\u00e9lectrostimulation TEENLIFTING et les autres \u00e9lectrostimulations sur le march\u00e9 ?<\/p>\n<\/blockquote>\n<p>&nbsp;<\/p>\n<p>Oui. Cette m\u00e9thode diff\u00e8re \u00e9galement dans la combinaison de l\u2019exercice et de la stimulation. Diverses stimulations sont effectu\u00e9es pour tous les muscles du visage et du cou. Chaque muscle a sa force initiale (en ce qui concerne l\u2019intensit\u00e9 et le caract\u00e8re des expressions faciales, l\u2019\u00e2ge, etc.), cependant, l\u2019anatomie et la fonction de chaque muscle n\u00e9cessitent certaines combinaisons de stimulation, qui sont communes \u00e0 tous. Par exemple, le muscle platysma, les muscles circulaires de l\u2019\u0153il et de la bouche sont beaucoup plus faibles que les autres muscles d&#8217;expression, et donc des combinaisons et des ajustements sont n\u00e9cessaires pour un r\u00e9sultat optimal et un raffermissement du visage.<\/p>\n<h2>Quand est-il conseill\u00e9 de commencer la stimulation TEENLIFTING ?<\/h2>\n<p>Il n\u2019est jamais trop t\u00f4t ou trop tard pour exercer vos muscles. Il est id\u00e9al de commencer avant l\u2019\u00e2ge de 30 ans, car elle permet de garder la forme ferme et petite du visage, avant que celui-ci ne se d\u00e9tende. Plus t\u00f4t vous commencez, plus vite vous pouvez voir les r\u00e9sultats.<br \/>\nIl n\u2019y a pas de limite d\u2019\u00e2ge sup\u00e9rieure pour la stimulation TEENLIFTING.<\/p>\n<h2>Quand peut-on voir les premiers r\u00e9sultats ?<\/h2>\n<p>Les premiers r\u00e9sultats sont visibles d\u00e8s la premi\u00e8re s\u00e9ance : le visage est rafra\u00eechit.<\/p>\n<p>Chaque s\u00e9ance ult\u00e9rieure permet d&#8217;obtenir des r\u00e9sultats plus visibles :<\/p>\n<ul style=\"padding-left: 60px;\">\n<li>raffermissement du front<\/li>\n<li>lifting des sourcils et des paupi\u00e8res sup\u00e9rieures<\/li>\n<li>disparition des rides autour des yeux<\/li>\n<li>mise en forme du visage<\/li>\n<li>l\u00e8vres plus pulpeuses et plus saillantes<\/li>\n<li>disparition des rides autour des l\u00e8vres (rides nasog\u00e9niennes)<\/li>\n<li>raffermissement du double menton et du cou<\/li>\n<li>raffermissement du visage<\/li>\n<\/ul>\n<p>&nbsp;<\/p>\n<blockquote>\n<p>Le plus important est de faire le premier traitement de votre vie le plus t\u00f4t possible. Apr\u00e8s cette exp\u00e9rience compl\u00e8tement nouvelle, un plan est \u00e9labor\u00e9 pour stimuler tous les muscles d&#8217;expression tout au long de l\u2019ann\u00e9e.<\/p>\n<\/blockquote>\n<p>&nbsp;<\/p>\n<\/div>\n<div class=\"col nomargin\">\n<p>&nbsp;<\/p>\n<p>Les clients dans la cinquantaine et plus peuvent s\u2019attendre \u00e0 des r\u00e9sultats initiaux plus lents, qui d\u00e9pendent de l\u2019\u00e9lasticit\u00e9 et de l\u2019\u00e9tat de la peau, bien que ce ne soit pas non plus une r\u00e8gle.<\/p>\n<p>Lors du TEENLIFTING, la peau peut \u00eatre trait\u00e9e et nourrie avec tous les traitements cosm\u00e9tiques pour la peau (RF, LPG, laser, IPL, AHA, etc.).<\/p>\n<p>Tous les traitements de la peau peuvent \u00e9ventuellement acc\u00e9l\u00e9rer l&#8217;apparition d\u2019une nouvelle forme musculaire, mais aucun traitement de la peau ne peut sculpter un muscle.<\/p>\n<p>Si la peau n\u2019est pas du tout trait\u00e9e, elle va naturellement \u00ab  se resserrer \u00bb et se modeler en quelques jours ou quelques mois. La peau se renouvelle quotidiennement et le renouvellement \u00ab complet \u00bb de la peau dure 30 jours dans la trentaine et se prolonge avec l\u2019\u00e2ge pour atteindre jusqu\u2019\u00e0 60 jours \u00e0 partir de 70 ans. C\u2019est pourquoi le r\u00e9sultat est beaucoup plus perceptible une semaine apr\u00e8s la derni\u00e8re s\u00e9ance de stimulation.<\/p>\n<h2>\u00c0 quelle fr\u00e9quence le traitement doit-il \u00eatre effectu\u00e9 ?<\/h2>\n<p>Il est logique que le muscle soit r\u00e9guli\u00e8rement maintenu dans le meilleur \u00e9tat possible. Plus vous la stimulez, meilleurs sont les r\u00e9sultats. Cependant, comme il s\u2019agit de petits muscles faciaux, m\u00eame avec des traitements moins fr\u00e9quents, les r\u00e9sultats sont excellents. (Par exemple, les clients satisfaits de longue date dans d\u2019autres pays viennent trois fois par an et font deux \u00e0 trois traitements doubles.)<\/p>\n<p>&nbsp;<\/p>\n<blockquote>\n<p>Que se passe-t-il en cas d&#8217;arr\u00eat des stimulations TEENLIFTING ?<\/p>\n<\/blockquote>\n<p>&nbsp;<\/p>\n<p>Si vous arr\u00eatez le traitement apr\u00e8s un certain temps, les muscles conservent leur force et leur forme pendant longtemps. \u00c9tant donn\u00e9 que l\u2019\u00e9lectrostimulation ne \u00ab construit \u00bb pas les muscles et n\u2019augmente pas leur volume, il n\u2019y a pas d\u2019apparition d\u2019un \u00ab \u00e9tat pire \u00bb apr\u00e8s la stimulation.<\/p>\n<h2>L\u2019effet de la stimulation TEENLIFTING sur les articulations de la m\u00e2choire et les maux de t\u00eate.<\/h2>\n<p>Devant les deux oreilles, il y a deux articulations de la m\u00e2choire (ATM, articulations temporo-mandibulaires), qui relient l\u2019os temporal \u00e0 la m\u00e2choire inf\u00e9rieure. Celles-ci sont fix\u00e9es par des tendons, des ligaments et des muscles qui sont responsables du mouvement de l\u2019articulation.<\/p>\n<p>L\u2019un des troubles de l\u2019ATM est le resserrement musculaire, un spasme de certains muscles de la m\u00e2choire, caus\u00e9 par une composante psychologique \u2013 le stress. L\u2019un des sympt\u00f4mes de ces spasmes est un mal de t\u00eate, qui ne r\u00e9pond pas au traitement habituel. Le mal de t\u00eate survient le matin (apr\u00e8s un spasme musculaire intense nocturne pendant le sommeil) ou apr\u00e8s des situations stressantes pendant la journ\u00e9e.<\/p>\n<p>TEENLIFTING apaise la douleur et les maux de t\u00eate en exer\u00e7ant tous les muscles, \u00ab brise \u00bb les spasmes et la douleur de certains muscles, et stimule le d\u00e9bit sanguin et la circulation vers les muscles, la peau et les os de la m\u00e2choire.<\/p>\n<p>&nbsp;<\/p>\n<blockquote>\n<p>L\u2019impact de TEENLIFTING sur la restauration de la masse osseuse de la m\u00e2choire et du visage.<\/p>\n<\/blockquote>\n<p>&nbsp;<\/p>\n<p>La composition et l\u2019\u00e9quilibre m\u00e9tabolique des os d\u00e9pendent de l\u2019activit\u00e9 des muscles, du moment de la pression et de la stimulation des attaches tendineuses \u00e0 l\u2019os. L\u2019activit\u00e9 musculaire ralentit le processus de l\u2019ost\u00e9oporose en stimulant constamment la formation osseuse (dont d\u00e9pend physiologiquement le renouvellement osseux), mais elle est \u00e9galement cruciale \u00e0 un \u00e2ge plus jeune.<\/p>\n<p>\u00c0 un \u00e2ge plus jeune, l&#8217;activit\u00e9 musculaire augmente la \u00ab quantit\u00e9 principale d&#8217;os de base \u00bb attendue par les processus d&#8217;ost\u00e9oporose et d&#8217;ost\u00e9op\u00e9nie. Plus la \u00ab quantit\u00e9 principale \u00bb est grande, plus le \u00ab reste \u00bb de l\u2019os est gros. La perte progressive de la masse osseuse commence \u00e0 un \u00e2ge sup\u00e9rieur \u00e0 30 ans. La masse osseuse \u00e0 cet \u00e2ge rev\u00eat donc une importance d\u00e9cisive pour la masse osseuse des personnes \u00e2g\u00e9es.<\/p>\n<p>L&#8217;ost\u00e9oporose post-m\u00e9nopausique intense survient chez les femmes 15 \u00e0 20 ans apr\u00e8s la m\u00e9nopause.<\/p>\n<p>C&#8217;est pour cette raison que TEENLIFTING devient l&#8217;un des traitements cl\u00e9s pour la pr\u00e9vention et l&#8217;apaisement de l&#8217;ost\u00e9oporose des os de la m\u00e2choire et du visage.<\/p>\n<\/div>\n<\/div>\n<div class=\"info-box\" style=\"text-align: center;\">\n<p>Les contre-indications \u00e0 TEENLIFTING sont\u00a0: stimulateur cardiaque, \u00e9pilepsie, grossesse, interventions chirurgicales (au cours des six derniers mois).<\/p>\n<\/div>\n<p>\n<\/div><\/div>\n<div class=\"section-full-width section-dark\" style=\"background-color:#ffffff;\" id=\"avez-vousdesquestionsousouhaitez-vousprendreunrande-vous\"><div class=\"section-boxed\" style=\"color:#373737;\"><h2 class=\"section-title\" style=\"color:#373737;\">Avez-Vous des questions ou souhaitez-vous prendre un rande-vous?<\/h2><h4 style=\"color:#373737;\" class=\"sub-title\">N'h\u00e9sitez pas \u00e0 nous contacter!<\/h4><\/p>\n<p style=\"text-align: center;\"><a class=\"button\" href=\"https:\/\/teenlifting.com.hr\/fr\/contact\/\" target=\"_blank\">ENVOYER<\/a><\/p>\n<p>\n<\/div><\/div>\n","protected":false},"excerpt":{"rendered":"","protected":false},"author":3,"featured_media":0,"parent":0,"menu_order":0,"comment_status":"closed","ping_status":"closed","template":"template-full-custom.php","meta":{"om_disable_all_campaigns":false,"_monsterinsights_skip_tracking":false,"_monsterinsights_sitenote_active":false,"_monsterinsights_sitenote_note":"","_monsterinsights_sitenote_category":0,"_uf_show_specific_survey":0,"_uf_disable_surveys":false,"footnotes":""},"class_list":["post-2810","page","type-page","status-publish","hentry"],"aioseo_notices":[],"yoast_head":"<!-- This site is optimized with the Yoast SEO plugin v27.4 - https:\/\/yoast.com\/product\/yoast-seo-wordpress\/ -->\n<title>Teenlifting du visage - Teenlifting<\/title>\n<meta name=\"robots\" content=\"index, follow, max-snippet:-1, max-image-preview:large, max-video-preview:-1\" \/>\n<link rel=\"canonical\" href=\"https:\/\/mail.bell-stim.com\/fr\/teenlifting-du-visage\/\" \/>\n<meta property=\"og:locale\" content=\"fr_FR\" \/>\n<meta property=\"og:type\" content=\"article\" \/>\n<meta property=\"og:title\" content=\"Teenlifting du visage - Teenlifting\" \/>\n<meta property=\"og:url\" content=\"https:\/\/mail.bell-stim.com\/fr\/teenlifting-du-visage\/\" \/>\n<meta property=\"og:site_name\" content=\"Teenlifting\" \/>\n<meta property=\"article:modified_time\" content=\"2025-03-28T11:20:18+00:00\" \/>\n<meta property=\"og:image\" content=\"https:\/\/teenlifting.com.hr\/content\/uploads\/2025\/01\/Konzultacije_FRA_web-1.jpg\" \/>\n<meta name=\"twitter:card\" content=\"summary_large_image\" \/>\n<meta name=\"twitter:label1\" content=\"Est. reading time\" \/>\n\t<meta name=\"twitter:data1\" content=\"7 minutes\" \/>\n<script type=\"application\/ld+json\" class=\"yoast-schema-graph\">{\"@context\":\"https:\\\/\\\/schema.org\",\"@graph\":[{\"@type\":\"WebPage\",\"@id\":\"https:\\\/\\\/mail.bell-stim.com\\\/fr\\\/teenlifting-du-visage\\\/\",\"url\":\"https:\\\/\\\/mail.bell-stim.com\\\/fr\\\/teenlifting-du-visage\\\/\",\"name\":\"Teenlifting du visage - Teenlifting\",\"isPartOf\":{\"@id\":\"https:\\\/\\\/mail.bell-stim.com\\\/en\\\/#website\"},\"primaryImageOfPage\":{\"@id\":\"https:\\\/\\\/mail.bell-stim.com\\\/fr\\\/teenlifting-du-visage\\\/#primaryimage\"},\"image\":{\"@id\":\"https:\\\/\\\/mail.bell-stim.com\\\/fr\\\/teenlifting-du-visage\\\/#primaryimage\"},\"thumbnailUrl\":\"https:\\\/\\\/teenlifting.com.hr\\\/content\\\/uploads\\\/2025\\\/01\\\/Konzultacije_FRA_web-1.jpg\",\"datePublished\":\"2025-01-08T18:01:30+00:00\",\"dateModified\":\"2025-03-28T11:20:18+00:00\",\"breadcrumb\":{\"@id\":\"https:\\\/\\\/mail.bell-stim.com\\\/fr\\\/teenlifting-du-visage\\\/#breadcrumb\"},\"inLanguage\":\"fr-FR\",\"potentialAction\":[{\"@type\":\"ReadAction\",\"target\":[\"https:\\\/\\\/mail.bell-stim.com\\\/fr\\\/teenlifting-du-visage\\\/\"]}]},{\"@type\":\"ImageObject\",\"inLanguage\":\"fr-FR\",\"@id\":\"https:\\\/\\\/mail.bell-stim.com\\\/fr\\\/teenlifting-du-visage\\\/#primaryimage\",\"url\":\"https:\\\/\\\/teenlifting.com.hr\\\/content\\\/uploads\\\/2025\\\/01\\\/Konzultacije_FRA_web-1.jpg\",\"contentUrl\":\"https:\\\/\\\/teenlifting.com.hr\\\/content\\\/uploads\\\/2025\\\/01\\\/Konzultacije_FRA_web-1.jpg\"},{\"@type\":\"BreadcrumbList\",\"@id\":\"https:\\\/\\\/mail.bell-stim.com\\\/fr\\\/teenlifting-du-visage\\\/#breadcrumb\",\"itemListElement\":[{\"@type\":\"ListItem\",\"position\":1,\"name\":\"Po\u010detna stranica\",\"item\":\"https:\\\/\\\/mail.bell-stim.com\\\/fr\\\/\"},{\"@type\":\"ListItem\",\"position\":2,\"name\":\"Teenlifting du visage\"}]},{\"@type\":\"WebSite\",\"@id\":\"https:\\\/\\\/mail.bell-stim.com\\\/en\\\/#website\",\"url\":\"https:\\\/\\\/mail.bell-stim.com\\\/en\\\/\",\"name\":\"Teenlifting\",\"description\":\"Aktiviraj, ne plastificiraj!\",\"potentialAction\":[{\"@type\":\"SearchAction\",\"target\":{\"@type\":\"EntryPoint\",\"urlTemplate\":\"https:\\\/\\\/mail.bell-stim.com\\\/en\\\/?s={search_term_string}\"},\"query-input\":{\"@type\":\"PropertyValueSpecification\",\"valueRequired\":true,\"valueName\":\"search_term_string\"}}],\"inLanguage\":\"fr-FR\"}]}<\/script>\n<!-- \/ Yoast SEO plugin. -->","yoast_head_json":{"title":"Teenlifting du visage - Teenlifting","robots":{"index":"index","follow":"follow","max-snippet":"max-snippet:-1","max-image-preview":"max-image-preview:large","max-video-preview":"max-video-preview:-1"},"canonical":"https:\/\/mail.bell-stim.com\/fr\/teenlifting-du-visage\/","og_locale":"fr_FR","og_type":"article","og_title":"Teenlifting du visage - Teenlifting","og_url":"https:\/\/mail.bell-stim.com\/fr\/teenlifting-du-visage\/","og_site_name":"Teenlifting","article_modified_time":"2025-03-28T11:20:18+00:00","og_image":[{"url":"https:\/\/teenlifting.com.hr\/content\/uploads\/2025\/01\/Konzultacije_FRA_web-1.jpg","type":"","width":"","height":""}],"twitter_card":"summary_large_image","twitter_misc":{"Est. reading time":"7 minutes"},"schema":{"@context":"https:\/\/schema.org","@graph":[{"@type":"WebPage","@id":"https:\/\/mail.bell-stim.com\/fr\/teenlifting-du-visage\/","url":"https:\/\/mail.bell-stim.com\/fr\/teenlifting-du-visage\/","name":"Teenlifting du visage - Teenlifting","isPartOf":{"@id":"https:\/\/mail.bell-stim.com\/en\/#website"},"primaryImageOfPage":{"@id":"https:\/\/mail.bell-stim.com\/fr\/teenlifting-du-visage\/#primaryimage"},"image":{"@id":"https:\/\/mail.bell-stim.com\/fr\/teenlifting-du-visage\/#primaryimage"},"thumbnailUrl":"https:\/\/teenlifting.com.hr\/content\/uploads\/2025\/01\/Konzultacije_FRA_web-1.jpg","datePublished":"2025-01-08T18:01:30+00:00","dateModified":"2025-03-28T11:20:18+00:00","breadcrumb":{"@id":"https:\/\/mail.bell-stim.com\/fr\/teenlifting-du-visage\/#breadcrumb"},"inLanguage":"fr-FR","potentialAction":[{"@type":"ReadAction","target":["https:\/\/mail.bell-stim.com\/fr\/teenlifting-du-visage\/"]}]},{"@type":"ImageObject","inLanguage":"fr-FR","@id":"https:\/\/mail.bell-stim.com\/fr\/teenlifting-du-visage\/#primaryimage","url":"https:\/\/teenlifting.com.hr\/content\/uploads\/2025\/01\/Konzultacije_FRA_web-1.jpg","contentUrl":"https:\/\/teenlifting.com.hr\/content\/uploads\/2025\/01\/Konzultacije_FRA_web-1.jpg"},{"@type":"BreadcrumbList","@id":"https:\/\/mail.bell-stim.com\/fr\/teenlifting-du-visage\/#breadcrumb","itemListElement":[{"@type":"ListItem","position":1,"name":"Po\u010detna stranica","item":"https:\/\/mail.bell-stim.com\/fr\/"},{"@type":"ListItem","position":2,"name":"Teenlifting du visage"}]},{"@type":"WebSite","@id":"https:\/\/mail.bell-stim.com\/en\/#website","url":"https:\/\/mail.bell-stim.com\/en\/","name":"Teenlifting","description":"Aktiviraj, ne plastificiraj!","potentialAction":[{"@type":"SearchAction","target":{"@type":"EntryPoint","urlTemplate":"https:\/\/mail.bell-stim.com\/en\/?s={search_term_string}"},"query-input":{"@type":"PropertyValueSpecification","valueRequired":true,"valueName":"search_term_string"}}],"inLanguage":"fr-FR"}]}},"_links":{"self":[{"href":"https:\/\/teenlifting.co.za\/fr\/wp-json\/wp\/v2\/pages\/2810","targetHints":{"allow":["GET"]}}],"collection":[{"href":"https:\/\/teenlifting.co.za\/fr\/wp-json\/wp\/v2\/pages"}],"about":[{"href":"https:\/\/teenlifting.co.za\/fr\/wp-json\/wp\/v2\/types\/page"}],"author":[{"embeddable":true,"href":"https:\/\/teenlifting.co.za\/fr\/wp-json\/wp\/v2\/users\/3"}],"replies":[{"embeddable":true,"href":"https:\/\/teenlifting.co.za\/fr\/wp-json\/wp\/v2\/comments?post=2810"}],"version-history":[{"count":12,"href":"https:\/\/teenlifting.co.za\/fr\/wp-json\/wp\/v2\/pages\/2810\/revisions"}],"predecessor-version":[{"id":2976,"href":"https:\/\/teenlifting.co.za\/fr\/wp-json\/wp\/v2\/pages\/2810\/revisions\/2976"}],"wp:attachment":[{"href":"https:\/\/teenlifting.co.za\/fr\/wp-json\/wp\/v2\/media?parent=2810"}],"curies":[{"name":"wp","href":"https:\/\/api.w.org\/{rel}","templated":true}]}}