{"id":2819,"date":"2025-01-08T18:02:40","date_gmt":"2025-01-08T18:02:40","guid":{"rendered":"https:\/\/teenlifting.com.hr\/?page_id=2819"},"modified":"2025-03-28T11:03:32","modified_gmt":"2025-03-28T11:03:32","slug":"teenlifting-du-platysma","status":"publish","type":"page","link":"https:\/\/teenlifting.co.za\/fr\/teenlifting-du-platysma\/","title":{"rendered":"Teenlifting du platysma"},"content":{"rendered":"<div class=\"section-full-width section-light-bg\" style=\"background-color:#f7f7f7;\" id=\"teenlifting\u00aeduplatysma\"><div class=\"section-boxed\" style=\"color:#373737;\"><h2 class=\"section-title\" style=\"color:#252525;\">TEENLIFTING\u00ae du platysma<\/h2><p>TEENLIFTING\u00ae du platysma diff\u00e8re de toutes les m\u00e9thodes cosm\u00e9tiques car cette m\u00e9thode agit sur les muscles, la peau et les os en m\u00eame temps, ce qui am\u00e9liore \u00e9galement la sant\u00e9 de la personne, sans \u00eatre douloureux. Sur le march\u00e9 mondial, c&#8217;est une m\u00e9thode innovante unique car elle utilise des \u00e9lectrodes sp\u00e9cialement con\u00e7ues pour stimuler de grands groupes musculaires. Les \u00e9lectrostimulations musculaires du platysma qui sont propos\u00e9es sur le march\u00e9 ne stimulent que partiellement et cela seulement \u00e0 des endroits pr\u00e9cis et isol\u00e9s. Cette stimulation est trop intense pour ces zones, tout en \u00e9tant trop faible pour l&#8217;ensemble du muscle et pour obtenir des r\u00e9sultats optimaux. On utilise le dispositif d&#8217;\u00e9lectrostimulation des muscles et des points d&#8217;acupuncture.<br \/>\nTEENLIFTING du platysma est une \u00e9lectrostimulation de tous les muscles du cou, du double menton, de la bouche et des joues dans le but de : raffermir le cou, faire dispara\u00eetre le double menton, sculpter le menton et la bouche, relever les joues, resserrer le visage et le cou, augmenter la tonicit\u00e9 des muscles et de la peau, r\u00e9duire les cernes, diminuer le gonflement des paupi\u00e8res, renforcer l&#8217;articulation de la m\u00e2choire et r\u00e9duire le ronflement.<\/p>\n<p>&nbsp;<\/p>\n<div class=\"services-wrapper services-boxed-photo cols-wrapper cols-3\"><div class=\"services-box col\"><div class=\"img-container\"><img decoding=\"async\" src=\"https:\/\/teenlifting.com.hr\/content\/uploads\/2016\/09\/misici_2.jpg\" alt=\"Muscles circulaires des yeux et de la bouche\"\/><\/div><div class=\"services-content\"><div class=\"sc-wraper\"><h3>Muscles circulaires des yeux et de la bouche<\/h3><\/div><\/div><\/div><div class=\"services-box col\"><div class=\"img-container\"><img decoding=\"async\" src=\"https:\/\/teenlifting.com.hr\/content\/uploads\/2016\/09\/misici_3.jpg\" alt=\"Muscle platysma\"\/><\/div><div class=\"services-content\"><div class=\"sc-wraper\"><h3>Muscle platysma<\/h3><\/div><\/div><\/div><div class=\"services-box col nomargin\"><div class=\"img-container\"><img decoding=\"async\" src=\"https:\/\/teenlifting.com.hr\/content\/uploads\/2016\/09\/misici_1.jpg\" alt=\"Muscles du visage et du cou\"\/><\/div><div class=\"services-content\"><div class=\"sc-wraper\"><h3>Muscles du visage et du cou<\/h3><\/div><\/div><\/div><div class=\"clear\"><\/div><\/div>\n<p>Le muscle platysma (musculus platysma \u2013 le muscle large du cou) dispose d&#8217;une structure extr\u00eamement d\u00e9licate, a une grande surface et couvre le cou devant et sur les c\u00f4t\u00e9s. Le muscle part de l&#8217;\u00e9paule et du d\u00e9collet\u00e9 profond \u00e0 l&#8217;avant (fascia du muscle delto\u00efde et du muscle pectoral majeur) et aide \u00e0 abaisser la m\u00e2choire inf\u00e9rieure et \u00e0 tirer l&#8217;angle des l\u00e8vres vers le bas. Le muscle se termine en se croisant sur le menton, se fondant avec les muscles du visage, se m\u00ealant \u00e0 la peau au niveau de l&#8217;angle des l\u00e8vres et des os de la m\u00e2choire inf\u00e9rieure. Le resserrement de ce muscle tire la peau vers le haut. \u00c0 l&#8217;avant, le platysma ne couvre pas le tiers inf\u00e9rieur du cou.<br \/>\nLe platysma sert \u00e0 exprimer la tension ou le stress. La contraction cr\u00e9e des plis verticaux sur le cou.<br \/>\nLe platysma commence \u00e0 se rel\u00e2cher en raison de sa structure d\u00e9licate d\u00e8s l&#8217;\u00e2ge de 20 ans et, par rapport aux autres muscles, il n\u00e9cessite le plus un traitement plus fr\u00e9quent. Ce sont autant d&#8217;obstacles \u00e0 la volont\u00e9 de renforcer le platysma rapidement et d&#8217;obtenir un r\u00e9sultat qui dure le plus longtemps possible.<br \/>\nLa mani\u00e8re de le stimuler est essentielle pour obtenir des r\u00e9sultats dans la r\u00e9duction du double menton et le rel\u00e8vement de la partie inf\u00e9rieure du visage.<\/p>\n<p>\n<\/div><\/div>\n<div class=\"section-full-width section-light-bg\" style=\"background-color:#ffffff;\" id=\"saviez-vousqueleprobl\u00e8meesth\u00e9tiquelepluscourantapr\u00e8s25ansestledoublementonetlerel\u00e2chementaffaissementdelapartieinf\u00e9rieureduvisage\"><div class=\"section-boxed\" style=\"color:#373737;\"><h2 class=\"section-title\" style=\"color:#252525;\">Saviez-vous que le probl\u00e8me esth\u00e9tique le plus courant apr\u00e8s 25 ans est le double menton et le rel\u00e2chement (affaissement) de la partie inf\u00e9rieure du visage ?<\/h2><p>Les rides commencent \u00e0 nous inqui\u00e9ter seulement plus tard car elles apparaissent dans la trentaine. Beaucoup pensent que le double menton est principalement caus\u00e9 par un exc\u00e8s de poids et un \u00e2ge avanc\u00e9, mais avec la diminution de l&#8217;hormone de croissance d\u00e8s la vingtaine, le double menton commence \u00e0 se rel\u00e2cher. La m\u00e9thode mondiale de l&#8217;innovatrice m\u00e9decin Sanja Malba\u0161e Go\u0161ovi\u0107, \u00e9lectrostimulation TEENLIFTING du platysma, agit comme un fitness pour votre visage. Le TEENLIFTING du platysma permet d&#8217;obtenir une augmentation visible du tonus musculaire et de la peau:<br \/>\nr\u00e9duction du double menton avec lifting des l\u00e8vres et des joues, et resserrement du visage et du cou. Le platysma est un muscle qui couvre tout le cou, le double menton et le bas du visage.<br \/>\nLes \u00e9lectrostimulations du muscle platysma qui sont propos\u00e9es sur le march\u00e9 le stimulent partiellement et seulement \u00e0 des endroits individuels. Cette stimulation est trop intense pour ces zones, tout en \u00e9tant trop faible pour l&#8217;ensemble du muscle et pour obtenir des r\u00e9sultats optimaux.<br \/>\nAvec ses \u00e9lectrodes uniques cibl\u00e9es et agissant en simultan\u00e9, le TEENLIFTING du platysma, du double menton, du cou et de la partie inf\u00e9rieure du visage a un effet synchronis\u00e9 sur l&#8217;ensemble du muscle platysma, du muscle circulaire de la bouche, ainsi que des muscles du menton et des joues. De mani\u00e8re naturelle et saine, le double menton dispara\u00eet sans intervention chirurgicale, au moyen d&#8217;une stimulation agr\u00e9able et indolore.<br \/>\nEn rel\u00e2chant la partie inf\u00e9rieure du visage, la peau se d\u00e9tend, s&#8217;affaisse, le profil de la m\u00e2choire inf\u00e9rieure n&#8217;est plus accentu\u00e9, des \u00ab poches \u00bb apparaissent sur la partie inf\u00e9rieure du visage sous les coins des l\u00e8vres, les rides entre les l\u00e8vres et les joues se creusent (rides nasolabiales). Tout ces changements affectent l&#8217;apparence et l&#8217;expression de l&#8217;ensemble du visage. Le double menton se manifeste le plus souvent chez les personnes sujettes \u00e0 la prise de poids et chez les personnes \u00e2g\u00e9es, mais ce n&#8217;est pas toujours le cas : il devient de plus en plus fr\u00e9quent chez les personnes jeunes et d&#8217;\u00e2ge moyen, repr\u00e9sentant un grand probl\u00e8me esth\u00e9tique.<\/p>\n<p>&nbsp;<\/p>\n<p><strong>Les probl\u00e8mes esth\u00e9tiques au niveau du double menton sont caus\u00e9s par: <\/strong><\/p>\n<ol style=\"padding-left: 60px;\">\n<li>la r\u00e9duction physiologique et naturelle de la production des hormones qui stimulent le tonus musculaire et cutan\u00e9 (par exemple, l&#8217;hormone de croissance diminue brusquement d\u00e8s l&#8217;\u00e2ge de 20 ans, etc.)<\/li>\n<li>accumulation de tissu adipeux au niveau du cou, sous le menton<\/li>\n<li>rel\u00e2chement du muscle platysma (une fine couche de muscle situ\u00e9e sous la peau du menton, du bas de la joue, du double menton et du cou) et du muscle omo-hyo\u00efdien<\/li>\n<li>perte d&#8217;\u00e9lasticit\u00e9 de la peau dans cette partie du cou. La peau du cou est moins vascularis\u00e9e, avec peu de glandes s\u00e9bac\u00e9es et sudoripares, elle est fine et d\u00e9licate et tend \u00e0 rougir. Si la couche corn\u00e9e est trop s\u00e8che, la peau devient rugueuse et raide.<\/li>\n<\/ol>\n<p>\n<\/div><\/div>\n<div class=\"section-full-width section-light-bg\" style=\"background-color:#f7f7f7;\" id=\"ensavoirplussurleteenliftingduplatysma\"><div class=\"section-boxed\" style=\"color:#373737;\"><h2 class=\"section-title\" style=\"color:#252525;\">En savoir plus sur le TEENLIFTING du platysma<\/h2><\/p>\n<div class=\"cols-wrapper cols-2\">\n<div class=\"col\">\n<p>&nbsp;<\/p>\n<h2>Quand s&#8217;attendre \u00e0 des r\u00e9sultats visibles ?<\/h2>\n<p><strong>(sculpture et rel\u00e8vement des joues, l\u00e8vres plus pleines et plus saillantes, disparition des rides autour des l\u00e8vres, r\u00e9duction des cernes et l\u00e9ger gonflement des paupi\u00e8res, raffermissement du menton et du cou, et raffermissement et resserrement du visage)<\/strong><\/p>\n<p>Apr\u00e8s plusieurs stimulations de TEENLIFTING du platysma, on peut ressentir des \u00ab fibres musculaires \u00bb (inflammation des muscles) dans la zone sous la m\u00e2choire inf\u00e9rieure ou dans la partie inf\u00e9rieure de la joue. L&#8217;apparition des fibres musculaires est unique \u00e0 chacun et d\u00e9pend du tonus musculaire initial, de l&#8217;intensit\u00e9 de la stimulation, de la dur\u00e9e et de la fr\u00e9quence du traitement. Si cela se produit, il est possible de continuer avec des s\u00e9ances suppl\u00e9mentaires, mais avec une stimulation d&#8217;intensit\u00e9 l\u00e9g\u00e8rement inf\u00e9rieure, ou de faire une pause de quelques jours.<\/p>\n<p>Bien que les muscles platysma et d&#8217;autres soient stimul\u00e9s de mani\u00e8re intensive, les premiers r\u00e9sultats visibles d\u00e9pendent de la peau qui se trouve sur la partie inf\u00e9rieure du visage et du double menton sous forme de sac suspendu. La circulation intensive et le drainage am\u00e9liorent la qualit\u00e9 de la peau. La peau du double menton et du cou est fine et sensible, en raison des dommages caus\u00e9s par l&#8217;exposition au soleil. Les rides horizontales au milieu du cou, qui sont parall\u00e8les, s&#8217;ouvrent avec le TEENLIFTING du platysma, et leur vitesse de disparition d\u00e9pend du nombre de s\u00e9ances, de l&#8217;\u00e2ge, de la qualit\u00e9 de la peau, etc.<\/p>\n<p>Une peau plus \u00e9lastique s&#8217;adaptera imm\u00e9diatement \u00e0 la nouvelle forme du cou, du double menton et du visage.<\/p>\n<p>C&#8217;est pourquoi il est recommand\u00e9 de commencer la stimulation TEENLIFTING avant 30 ans, car le rel\u00e2chement du platysma commencent seulement, la peau est \u00e9lastique et les r\u00e9sultats se voient plus rapidement. En maintenant le tonus musculaire avec 20 \u00e0 40 s\u00e9ances par an, il est possible d&#8217;avoir un cou, un double menton, une bouche et des joues parfaits jusqu&#8217;\u00e0 la fin de sa vie.<\/p>\n<p>Les r\u00e9sultats \u00e0 cet \u00e2ge, ainsi qu&#8217;\u00e0 un \u00e2ge plus avanc\u00e9, peuvent \u00eatre ralentis par l&#8217;ob\u00e9sit\u00e9. Le tissu adipeux ne peut pas \u00eatre \u00e9limin\u00e9 par le TEENLIFTING du platysma.<\/p>\n<p>Les clients d&#8217;une cinquantaine d&#8217;ann\u00e9e et plus peuvent s&#8217;attendre \u00e0 des r\u00e9sultats initiaux plus lents, qui d\u00e9pendent justement de l&#8217;\u00e9lasticit\u00e9 de la peau. Mais cela n&#8217;est pas n\u00e9cessairement une r\u00e8gle.<\/p>\n<p>Lors du TEENLIFTING, la peau peut \u00eatre trait\u00e9e et nourrie avec tous les traitements cosm\u00e9tiques pour la peau (RF, LPG, laser, IPL, AHA, etc.).<\/p>\n<p>&nbsp;<\/p>\n<blockquote>\n<p>Tous les traitements de la peau peuvent \u00e9ventuellement acc\u00e9l\u00e9rer l&#8217;apparition d\u2019une nouvelle forme musculaire, mais aucun traitement de la peau ne peut sculpter un muscle.<\/p>\n<\/blockquote>\n<p>&nbsp;<\/p>\n<p>Si la peau n\u2019est pas du tout trait\u00e9e, elle va naturellement \u00ab se resserrer \u00bb et se modeler en quelques jours ou quelques mois. La peau se renouvelle quotidiennement, et le renouvellement \u00ab complet \u00bb de la peau dure 30 jours dans la trentaine et se prolonge avec l\u2019\u00e2ge pour atteindre jusqu\u2019\u00e0 60 jours \u00e0 partir de 70 ans. C\u2019est pourquoi le r\u00e9sultat est beaucoup plus perceptible dans 5 ou 6 jours apr\u00e8s la derni\u00e8re s\u00e9ance. Il est possible qu&#8217;imm\u00e9diatement apr\u00e8s la stimulation, la peau \u00ab pende \u00bb \u00e0 certains endroits. Cela s&#8217;explique par les muscles qui se contractent et se forment rapidement, et par la peau qui reste \u00ab vide \u00bb, c&#8217;est-\u00e0-dire sans le soutien d&#8217;un muscle d\u00e9tendu. Il semble ainsi y avoir plus de peau.<\/p>\n<p>Si vous arr\u00eatez le traitement apr\u00e8s un certain temps, les muscles conservent leur force et leur forme pendant longtemps. \u00c9tant donn\u00e9 que l\u2019\u00e9lectrostimulation ne \u00ab construit \u00bb pas les muscles et n\u2019augmente pas leur volume, il n\u2019y a pas d\u2019apparition d\u2019un \u00ab \u00e9tat pire \u00bb apr\u00e8s la stimulation.<\/p>\n<\/div>\n<div class=\"col nomargin\">\n<p>&nbsp;<\/p>\n<p>AVERTISSEMENT \u00c0 TOUTES LES PERSONNES:<\/p>\n<ul style=\"padding-left: 60px;\">\n<li>qui sont au r\u00e9gime et essaient de perdre du poids<\/li>\n<li>pour qui la perte de poids se produit spontan\u00e9ment<\/li>\n<li>qui commencent les s\u00e9ances juste apr\u00e8s avoir perdu cinq kilos ou plus : la fr\u00e9quence des s\u00e9ances doit \u00eatre ralentie !<\/li>\n<\/ul>\n<p>FR\u00c9QUENCE ID\u00c9ALE DES S\u00c9ANCES:<\/p>\n<ul style=\"padding-left: 60px;\">\n<li>Quatre fois par an, dix stimulations cons\u00e9cutives (quotidiennement ou tous les deux jours), avec un entretien une fois par semaine les autres mois<\/li>\n<\/ul>\n<p>FR\u00c9QUENCE MOYENNE DES S\u00c9ANCES:<\/p>\n<ul style=\"padding-left: 60px;\">\n<li>Deux fois par an, dix stimulations cons\u00e9cutives, avec un entretien une fois par mois<\/li>\n<li>Trois fois par an, cinq stimulations cons\u00e9cutives, sans entretiens mensuels<\/li>\n<\/ul>\n<p>FR\u00c9QUENCE MINIMALE DES S\u00c9ANCES:<\/p>\n<ul style=\"padding-left: 60px;\">\n<li>Deux \u00e0 trois stimulations doubles (week-end), deux fois par an.\n<\/li>\n<\/ul>\n<p>Les premiers r\u00e9sultats peuvent \u00eatre attendus apr\u00e8s la cinqui\u00e8me s\u00e9ance, bien que les jeunes constatent d\u00e9j\u00e0 les r\u00e9sultats apr\u00e8s la premi\u00e8re s\u00e9ance.<\/p>\n<p>&nbsp;<\/p>\n<blockquote>\n<p>Comment TEENLIFTING du platysma am\u00e9liore votre sant\u00e9 ?<br \/>\nL\u2019effet de la stimulation TEENLIFTING sur les articulations de la m\u00e2choire et les maux de t\u00eate<\/p>\n<\/blockquote>\n<p>&nbsp;<\/p>\n<p>Devant les deux oreilles, il y a deux articulations de la m\u00e2choire (ATM, articulations temporo-mandibulaires), qui relient l\u2019os temporal \u00e0 la m\u00e2choire inf\u00e9rieure. Celles-ci sont fix\u00e9es par des tendons, des ligaments et des muscles qui sont responsables du mouvement de l\u2019articulation.<\/p>\n<p>L\u2019un des troubles de l\u2019ATM est le resserrement musculaire, un spasme de certains muscles de la m\u00e2choire, caus\u00e9 par une composante psychologique \u2013 le stress. L\u2019un des sympt\u00f4mes de ces spasmes est un mal de t\u00eate, qui ne r\u00e9pond pas au traitement habituel. Le mal de t\u00eate survient le matin (apr\u00e8s un spasme musculaire intense nocturne pendant le sommeil) ou apr\u00e8s des situations stressantes pendant la journ\u00e9e.<\/p>\n<p>TEENLIFTING apaise la douleur et les maux de t\u00eate en exer\u00e7ant tous les muscles, \u00ab brise \u00bb les spasmes et la douleur de certains muscles, et stimule le d\u00e9bit sanguin et la circulation vers les muscles, la peau et les os de la m\u00e2choire.<\/p>\n<h2>L\u2019impact de TEENLIFTING du platysma sur le renouvellement de la masse osseuse de la m\u00e2choire et du visage<\/h2>\n<p>La composition et l\u2019\u00e9quilibre m\u00e9tabolique des os d\u00e9pendent de l\u2019activit\u00e9 des muscles, du moment de la pression et de la stimulation des attaches tendineuses \u00e0 l\u2019os. L\u2019activit\u00e9 musculaire ralentit le processus de l\u2019ost\u00e9oporose en stimulant constamment la formation osseuse (dont d\u00e9pend physiologiquement le renouvellement osseux).<\/p>\n<p>C&#8217;est pour cette raison que TEENLIFTING du platysma devient l&#8217;un des traitements cl\u00e9s pour la pr\u00e9vention et l&#8217;apaisement de l&#8217;ost\u00e9oporose des os de la m\u00e2choire et du visage.<\/p>\n<h2>L&#8217;impact de la stimulation TEENLIFTING du platysma sur la diminution du ronflement<br \/>\nLa cause du ronflement est le r\u00e9tr\u00e9cissement du passage de l&#8217;air par le nez et\/ou la bouche.<\/h2>\n<p>TEENLIFTING du platysma r\u00e9duit avec succ\u00e8s le ronflement dans les cas o\u00f9:<\/p>\n<ul style=\"padding-left: 60px;\">\n<li>la cause du r\u00e9tr\u00e9cissement du passage nasal est due au gonflement de la membrane muqueuse en cas d&#8217;allergies ou d&#8217;inflammation des voies respiratoires sup\u00e9rieures. TEENLIFTING du platysma draine intens\u00e9ment les tissus gonfl\u00e9s.<\/li>\n<li>la cause du r\u00e9tr\u00e9cissement du passage par la bouche est due \u00e0 un tonus musculaire r\u00e9duit de la langue et du pharynx, ce qui permet \u00e0 la langue de tomber en arri\u00e8re dans les voies respiratoires. Cela peut \u00eatre la cons\u00e9quence du vieillissement, de l&#8217;alcool, des somnif\u00e8res, etc. Le TEENLIFTING du platysma renforce le tonus des muscles de la langue et du pharynx, emp\u00eachant ainsi leur d\u00e9placement.<\/li>\n<\/ul>\n<\/div>\n<\/div>\n<div class=\"info-box\" style=\"text-align: center;\"><span class=\"box-icon\">\u00a0<\/span>Les contre-indications \u00e0 TEENLIFTING sont : stimulateur cardiaque, \u00e9pilepsie, grossesse, interventions chirurgicales (au cours des six derniers mois).<\/div>\n<p>\n<\/div><\/div>\n<div class=\"section-full-width section-dark\" style=\"background-color:#ffffff;\" id=\"avez-vousdesquestionsousouhaitez-vousprendreunrande-vous\"><div class=\"section-boxed\" style=\"color:#373737;\"><h2 class=\"section-title\" style=\"color:#373737;\">Avez-Vous des questions ou souhaitez-vous prendre un rande-vous?<\/h2><h4 style=\"color:#373737;\" class=\"sub-title\">N'h\u00e9sitez pas \u00e0 nous contacter!<\/h4><\/p>\n<p style=\"text-align: center;\"><a class=\"button\" href=\"https:\/\/teenlifting.com.hr\/fr\/contact\/\" target=\"_blank\">ENVOYER<\/a><\/p>\n<p>\n<\/div><\/div>\n","protected":false},"excerpt":{"rendered":"","protected":false},"author":3,"featured_media":0,"parent":0,"menu_order":0,"comment_status":"closed","ping_status":"closed","template":"template-full-custom.php","meta":{"om_disable_all_campaigns":false,"_monsterinsights_skip_tracking":false,"_monsterinsights_sitenote_active":false,"_monsterinsights_sitenote_note":"","_monsterinsights_sitenote_category":0,"_uf_show_specific_survey":0,"_uf_disable_surveys":false,"footnotes":""},"class_list":["post-2819","page","type-page","status-publish","hentry"],"aioseo_notices":[],"yoast_head":"<!-- This site is optimized with the Yoast SEO plugin v27.4 - https:\/\/yoast.com\/product\/yoast-seo-wordpress\/ -->\n<title>Teenlifting du platysma - Teenlifting<\/title>\n<meta name=\"robots\" content=\"index, follow, max-snippet:-1, max-image-preview:large, max-video-preview:-1\" \/>\n<link rel=\"canonical\" href=\"https:\/\/mail.bell-stim.com\/fr\/teenlifting-du-platysma\/\" \/>\n<meta property=\"og:locale\" content=\"fr_FR\" \/>\n<meta property=\"og:type\" content=\"article\" \/>\n<meta property=\"og:title\" content=\"Teenlifting du platysma - Teenlifting\" \/>\n<meta property=\"og:url\" content=\"https:\/\/mail.bell-stim.com\/fr\/teenlifting-du-platysma\/\" \/>\n<meta property=\"og:site_name\" content=\"Teenlifting\" \/>\n<meta property=\"article:modified_time\" content=\"2025-03-28T11:03:32+00:00\" \/>\n<meta name=\"twitter:card\" content=\"summary_large_image\" \/>\n<meta name=\"twitter:label1\" content=\"Est. reading time\" \/>\n\t<meta name=\"twitter:data1\" content=\"12 minutes\" \/>\n<script type=\"application\/ld+json\" class=\"yoast-schema-graph\">{\"@context\":\"https:\\\/\\\/schema.org\",\"@graph\":[{\"@type\":\"WebPage\",\"@id\":\"https:\\\/\\\/mail.bell-stim.com\\\/fr\\\/teenlifting-du-platysma\\\/\",\"url\":\"https:\\\/\\\/mail.bell-stim.com\\\/fr\\\/teenlifting-du-platysma\\\/\",\"name\":\"Teenlifting du platysma - Teenlifting\",\"isPartOf\":{\"@id\":\"https:\\\/\\\/mail.bell-stim.com\\\/en\\\/#website\"},\"datePublished\":\"2025-01-08T18:02:40+00:00\",\"dateModified\":\"2025-03-28T11:03:32+00:00\",\"breadcrumb\":{\"@id\":\"https:\\\/\\\/mail.bell-stim.com\\\/fr\\\/teenlifting-du-platysma\\\/#breadcrumb\"},\"inLanguage\":\"fr-FR\",\"potentialAction\":[{\"@type\":\"ReadAction\",\"target\":[\"https:\\\/\\\/mail.bell-stim.com\\\/fr\\\/teenlifting-du-platysma\\\/\"]}]},{\"@type\":\"BreadcrumbList\",\"@id\":\"https:\\\/\\\/mail.bell-stim.com\\\/fr\\\/teenlifting-du-platysma\\\/#breadcrumb\",\"itemListElement\":[{\"@type\":\"ListItem\",\"position\":1,\"name\":\"Po\u010detna stranica\",\"item\":\"https:\\\/\\\/mail.bell-stim.com\\\/fr\\\/\"},{\"@type\":\"ListItem\",\"position\":2,\"name\":\"Teenlifting du platysma\"}]},{\"@type\":\"WebSite\",\"@id\":\"https:\\\/\\\/mail.bell-stim.com\\\/en\\\/#website\",\"url\":\"https:\\\/\\\/mail.bell-stim.com\\\/en\\\/\",\"name\":\"Teenlifting\",\"description\":\"Aktiviraj, ne plastificiraj!\",\"potentialAction\":[{\"@type\":\"SearchAction\",\"target\":{\"@type\":\"EntryPoint\",\"urlTemplate\":\"https:\\\/\\\/mail.bell-stim.com\\\/en\\\/?s={search_term_string}\"},\"query-input\":{\"@type\":\"PropertyValueSpecification\",\"valueRequired\":true,\"valueName\":\"search_term_string\"}}],\"inLanguage\":\"fr-FR\"}]}<\/script>\n<!-- \/ Yoast SEO plugin. -->","yoast_head_json":{"title":"Teenlifting du platysma - Teenlifting","robots":{"index":"index","follow":"follow","max-snippet":"max-snippet:-1","max-image-preview":"max-image-preview:large","max-video-preview":"max-video-preview:-1"},"canonical":"https:\/\/mail.bell-stim.com\/fr\/teenlifting-du-platysma\/","og_locale":"fr_FR","og_type":"article","og_title":"Teenlifting du platysma - Teenlifting","og_url":"https:\/\/mail.bell-stim.com\/fr\/teenlifting-du-platysma\/","og_site_name":"Teenlifting","article_modified_time":"2025-03-28T11:03:32+00:00","twitter_card":"summary_large_image","twitter_misc":{"Est. reading time":"12 minutes"},"schema":{"@context":"https:\/\/schema.org","@graph":[{"@type":"WebPage","@id":"https:\/\/mail.bell-stim.com\/fr\/teenlifting-du-platysma\/","url":"https:\/\/mail.bell-stim.com\/fr\/teenlifting-du-platysma\/","name":"Teenlifting du platysma - Teenlifting","isPartOf":{"@id":"https:\/\/mail.bell-stim.com\/en\/#website"},"datePublished":"2025-01-08T18:02:40+00:00","dateModified":"2025-03-28T11:03:32+00:00","breadcrumb":{"@id":"https:\/\/mail.bell-stim.com\/fr\/teenlifting-du-platysma\/#breadcrumb"},"inLanguage":"fr-FR","potentialAction":[{"@type":"ReadAction","target":["https:\/\/mail.bell-stim.com\/fr\/teenlifting-du-platysma\/"]}]},{"@type":"BreadcrumbList","@id":"https:\/\/mail.bell-stim.com\/fr\/teenlifting-du-platysma\/#breadcrumb","itemListElement":[{"@type":"ListItem","position":1,"name":"Po\u010detna stranica","item":"https:\/\/mail.bell-stim.com\/fr\/"},{"@type":"ListItem","position":2,"name":"Teenlifting du platysma"}]},{"@type":"WebSite","@id":"https:\/\/mail.bell-stim.com\/en\/#website","url":"https:\/\/mail.bell-stim.com\/en\/","name":"Teenlifting","description":"Aktiviraj, ne plastificiraj!","potentialAction":[{"@type":"SearchAction","target":{"@type":"EntryPoint","urlTemplate":"https:\/\/mail.bell-stim.com\/en\/?s={search_term_string}"},"query-input":{"@type":"PropertyValueSpecification","valueRequired":true,"valueName":"search_term_string"}}],"inLanguage":"fr-FR"}]}},"_links":{"self":[{"href":"https:\/\/teenlifting.co.za\/fr\/wp-json\/wp\/v2\/pages\/2819","targetHints":{"allow":["GET"]}}],"collection":[{"href":"https:\/\/teenlifting.co.za\/fr\/wp-json\/wp\/v2\/pages"}],"about":[{"href":"https:\/\/teenlifting.co.za\/fr\/wp-json\/wp\/v2\/types\/page"}],"author":[{"embeddable":true,"href":"https:\/\/teenlifting.co.za\/fr\/wp-json\/wp\/v2\/users\/3"}],"replies":[{"embeddable":true,"href":"https:\/\/teenlifting.co.za\/fr\/wp-json\/wp\/v2\/comments?post=2819"}],"version-history":[{"count":8,"href":"https:\/\/teenlifting.co.za\/fr\/wp-json\/wp\/v2\/pages\/2819\/revisions"}],"predecessor-version":[{"id":2975,"href":"https:\/\/teenlifting.co.za\/fr\/wp-json\/wp\/v2\/pages\/2819\/revisions\/2975"}],"wp:attachment":[{"href":"https:\/\/teenlifting.co.za\/fr\/wp-json\/wp\/v2\/media?parent=2819"}],"curies":[{"name":"wp","href":"https:\/\/api.w.org\/{rel}","templated":true}]}}