{"id":2827,"date":"2025-01-08T18:13:09","date_gmt":"2025-01-08T18:13:09","guid":{"rendered":"https:\/\/teenlifting.com.hr\/?page_id=2827"},"modified":"2025-03-28T10:45:46","modified_gmt":"2025-03-28T10:45:46","slug":"stimulation-pelvienne-bellstim","status":"publish","type":"page","link":"https:\/\/teenlifting.co.za\/fr\/stimulation-pelvienne-bellstim\/","title":{"rendered":"Stimulation pelvienne BellStim"},"content":{"rendered":"<div class=\"section-full-width section-light-bg\" style=\"background-color:#f7f7f7;\" id=\"stimulationpelviennebellstim\u00ae\"><div class=\"section-boxed\" style=\"color:#373737;\"><h2 class=\"section-title\" style=\"color:#252525;\">Stimulation pelvienne BellStim\u00ae<\/h2><p>BellStim pelvien est un traitement non chirurgical et non invasif pour renforcer les muscles du plancher pelvien, les muscles des hanches et les organes pelviens internes (vagin, vessie, etc.), avec un meilleur d\u00e9bit sanguin et un drainage de tous les tissus.<\/p>\n<p>Lors de la consultation (obligatoire et gratuite) pour le BellStim pelvien, le client remplit un questionnaire qui nous aide \u00e0 diagnostiquer les affections pelviennes (type d\u2019incontinence, prolapsus ut\u00e9rin, douleur \u00e0 la hanche, etc.) et nous permet de mieux suivre les am\u00e9liorations pendant le traitement.<\/p>\n<p>Le client doit apporter toutes les constatations m\u00e9dicales avec lui lors de la consultation.<\/p>\n<p>&nbsp;<\/p>\n<table class=\"table\">\n<thead>\n<tr>\n<th>SITES TRAIT\u00c9S<\/th>\n<th>R\u00c9ACTIONS ET R\u00c9SULTATS ATTENDUS<\/th>\n<\/tr>\n<\/thead>\n<tbody>\n<tr>\n<td>SPHINCTER DE VESSIE<\/td>\n<td>Une sensation de renforcement et de contr\u00f4le pendant la journ\u00e9e et la nuit, jusqu&#8217;au contr\u00f4le complet du sphincter<\/td>\n<\/tr>\n<tr>\n<td>MUSCLE DE LA VESSIE<\/td>\n<td>Un meilleur contr\u00f4le du moment du besoin soudain et insupportable d\u2019uriner, jusqu\u2019au contr\u00f4le complet de la miction<\/td>\n<\/tr>\n<tr>\n<td>BASSIN ET HANCHES<\/td>\n<td>Plus de fermet\u00e9, de stabilit\u00e9, de mobilit\u00e9 et de vitesse de mouvement, une sensation de l\u00e9g\u00e8ret\u00e9 \u00e0 l\u2019int\u00e9rieur du bassin lui-m\u00eame (sans sensation de ballonnement et de gonflement)<\/td>\n<\/tr>\n<tr>\n<td>HANCHES<\/td>\n<td>Augmentation de la mobilit\u00e9, de la fermet\u00e9 et de la stabilit\u00e9, disparition de la douleur, augmentation de la vitesse de mouvement<\/td>\n<\/tr>\n<tr>\n<td>UT\u00c9RUS<\/td>\n<td>Augmentation de la circulation, du drainage et du d\u00e9bit sanguin<\/td>\n<\/tr>\n<tr>\n<td>PROSTATE<\/td>\n<td>Augmentation de la circulation, du drainage et du d\u00e9bit sanguin<\/td>\n<\/tr>\n<tr>\n<td>ANUS<\/td>\n<td>Renforcement du contr\u00f4le du sphincter de l\u2019anus<\/td>\n<\/tr>\n<tr>\n<td>MUSCLES DU C\u00d4LON<\/td>\n<td>Renforcement des muscles du c\u00f4lon, selles r\u00e9guli\u00e8res<\/td>\n<\/tr>\n<tr>\n<td>PARTIES CAUDALE ET LOMBAIRE DE LA COLONNE VERT\u00c9BRALE<\/td>\n<td>Disparition de la douleur avec une stabilit\u00e9 et une mobilit\u00e9 am\u00e9lior\u00e9es<\/td>\n<\/tr>\n<tr>\n<td>VEINES ET GANGLIONS LYMPHATIQUES DU BASSIN<\/td>\n<td>Disparition du gonflement des jambes et du bassin, stimulation de la circulation des jambes, jambes plus chaudes, disparition des crampes aux jambes, augmentation du drainage lymphatique du bassin et des jambes, stimulation de la circulation des veines.<\/td>\n<\/tr>\n<tr>\n<td>FEMMES \u2013 EXCITABILIT\u00c9 SEXUELLE<\/td>\n<td>Orgasme plus fort, plus long et meilleur<\/td>\n<\/tr>\n<tr>\n<td>HOMMES \u2013 EXCITABILIT\u00c9 SEXUELLE<\/td>\n<td>\u00c9rection plus ferme, plus longue et contr\u00f4l\u00e9e, apparition d\u2019\u00e9rections spontan\u00e9es<\/td>\n<\/tr>\n<tr>\n<td>FORME ET FERMET\u00c9 DE L\u2019INT\u00c9RIEUR DES CUISSES ET DES FESSES<\/td>\n<td>Forme meilleure et plus ferme de l\u2019int\u00e9rieur des cuisses, de l\u2019abdomen et des fesses.<\/td>\n<\/tr>\n<tr>\n<td>LE PREMIER CHAKRA \u2013 MULADHARA<\/td>\n<td>Un sommeil de meilleure qualit\u00e9, plus de confiance en soi.<\/td>\n<\/tr>\n<\/tbody>\n<\/table>\n<p>\n<\/div><\/div>\n<div class=\"section-full-width section-light-bg\" style=\"background-color:#ffffff;\" id=\"combiendetraitementssontn\u00e9cessairesetquandlespremiersr\u00e9sultatssont-ilsvisibles\"><div class=\"section-boxed\" style=\"color:#373737;\"><h2 class=\"section-title\" style=\"color:#252525;\">Combien de traitements sont n\u00e9cessaires et quand les premiers r\u00e9sultats sont-ils visibles ?<\/h2><p>Il est recommand\u00e9 de commencer par dix traitements, qui peuvent \u00eatre effectu\u00e9s quotidiennement ou moins souvent, selon l\u2019objectif. L\u2019am\u00e9lioration de certains sympt\u00f4mes (r\u00e9veil nocturne d\u00fb \u00e0 la miction, augmentation de la fr\u00e9quence de la d\u00e9f\u00e9cation, plus grande quantit\u00e9 d\u2019urine, sensation de l\u00e9g\u00e8ret\u00e9 dans le bassin, etc.) est surtout constat\u00e9e apr\u00e8s les premiers traitements. L\u2019am\u00e9lioration d\u00e9pend de l\u2019\u00e9tat initial du client et des facteurs de risque (ob\u00e9sit\u00e9, mauvaise condition physique, etc.).<\/p>\n<\/div><\/div>\n<div class=\"section-full-width section-light-bg\" style=\"background-color:#f7f7f7;\" id=\"ensavoirplussurbellstimpelvien\"><div class=\"section-boxed\" style=\"color:#373737;\"><h2 class=\"section-title\" style=\"color:#252525;\">En savoir plus sur BellStim pelvien<\/h2><\/p>\n<div class=\"cols-wrapper cols-2\">\n<div class=\"col\">\n<p>&nbsp;<\/p>\n<h2>Fuite d\u2019urine, incapacit\u00e9 \u00e0 retenir l\u2019urine \u2013 incontinence urinaire<\/h2>\n<p style=\"text-align: left;\">Mode de vie plus intense, stress constant et s\u00e9dentarit\u00e9 sont devenus notre quotidien. Les recherches montrent que les enfants et les jeunes ne sont pas suffisamment actifs physiquement. Cela affecte de mani\u00e8re permanente toute leur vie, car \u00e0 un \u00e2ge avanc\u00e9, il n\u2019est pas possible de compenser les nombreux effets pr\u00e9ventifs de l&#8217;activit\u00e9 physique sur tous les organes et syst\u00e8mes du corps. C\u2019est la raison pour laquelle les limites d\u2019\u00e2ge de certains sympt\u00f4mes et maladies se d\u00e9placent de plus en plus t\u00f4t. Fuites d\u2019urine, incapacit\u00e9 \u00e0 retenir l\u2019urine \u2013 l\u2019incontinence urinaire est exactement un exemple o\u00f9 la limite d\u2019\u00e2ge chez les femmes est descendue \u00e0 environ 40 ans.<\/p>\n<p>&nbsp;<\/p>\n<blockquote>\n<p>L\u2019apparition de l&#8217;incontinence recule gr\u00e2ce \u00e0 la stimulation BellStim.<\/p>\n<\/blockquote>\n<p>&nbsp;<\/p>\n<h2>Sympt\u00f4mes:<\/h2>\n<ul style=\"padding-left: 60px; text-align: left;\">\n<li>r\u00e9veil nocturne d\u00fb \u00e0 la miction<\/li>\n<li>mictions fr\u00e9quentes pendant la journ\u00e9e<\/li>\n<li>miction en \u00e9ternuant et pendant l&#8217;effort.<\/li>\n<\/ul>\n<p style=\"text-align: left;\">La miction caus\u00e9e par les \u00e9ternuements et l&#8217;effort dispara\u00eet apr\u00e8s les premiers traitements. Un r\u00e9sultat tr\u00e8s positif de l\u2019\u00e9lectrostimulation est le renforcement et la mise en forme des muscles de l\u2019abdomen, des fesses et des hanches. Il est recommand\u00e9 de commencer la r\u00e9habilitation d\u00e8s que possible avant que le sac musculaire complet qui maintient les organes du bassin (vessie, ut\u00e9rus et c\u00f4lon) se soit rel\u00e2ch\u00e9, car les r\u00e9sultats de toutes les autres m\u00e9thodes et exercices actifs (exercices de Kegel) sont beaucoup plus lents ou inefficaces. La raison en est qu\u2019avec BellStim, nous stimulons les muscles du plancher pelvien cibles et leur contraction synchronis\u00e9e avec les muscles des jambes, de l\u2019abdomen et du dos.<\/p>\n<\/div>\n<div class=\"col nomargin\">\n<p>&nbsp;<\/p>\n<h2>Causes de l\u2019incontinence urinaire:<\/h2>\n<ul style=\"padding-left: 60px;\">\n<li>inflammation chronique de l\u2019ur\u00e8tre<\/li>\n<li>ob\u00e9sit\u00e9<\/li>\n<li>travail physique difficile<\/li>\n<li>traumatisme de la naissance<\/li>\n<li>maladies chroniques accompagn\u00e9es d\u2019une toux forte et prolong\u00e9e<\/li>\n<li>faiblesse du tissu conjonctif et la constitution<\/li>\n<li>prolapsus ut\u00e9rin<\/li>\n<li>hypertrophie de la prostate, cancer de la prostate<\/li>\n<li>m\u00e9nopause<\/li>\n<li>interventions chirurgicales dans la cavit\u00e9 pelvienne<\/li>\n<li>scl\u00e9rose en plaques, maladie de Parkinson, accident vasculaire c\u00e9r\u00e9bral, l\u00e9sions de la colonne vert\u00e9brale<\/li>\n<li>diab\u00e8te sucr\u00e9<\/li>\n<li>effet de certains m\u00e9dicaments (antid\u00e9presseurs, anticholinergiques).<\/li>\n<\/ul>\n<h2>TYPES d\u2019incontinence urinaire:<\/h2>\n<ul style=\"padding-left: 60px;\">\n<li>Plus fr\u00e9quente chez les femmes, l&#8217;incontinence d&#8217;effort est une cons\u00e9quence de l\u2019affaiblissement des muscles du plancher pelvien. Au d\u00e9but, les fuites d\u2019urine se produisent en toussant, en \u00e9ternuant, en riant ou en sautant, puis l\u2019\u00e9tat s\u2019aggrave, jusqu\u2019\u00e0 ce que l\u2019urine s\u2019\u00e9coule en position couch\u00e9e.<\/li>\n<li>L\u2019incontinence par imp\u00e9riosit\u00e9 est un \u00e9coulement soudain d\u2019urine accompagn\u00e9 d\u2019une besoin brusque et irr\u00e9pressible d\u2019uriner. Celle-ci peut \u00eatre provoqu\u00e9e par le bruit de l\u2019eau et du lavage des mains. Les personnes touch\u00e9es doivent souvent aller uriner et les quantit\u00e9s d\u2019urine sont faibles.<\/li>\n<li>L&#8217;incontinence mixte est une combinaison d\u2019incontinence d\u2019effort et d\u2019incontinence par imp\u00e9riosit\u00e9.<\/li>\n<li>L&#8217;incontinence par regorgement se produit lorsque la vessie est trop \u00e9tir\u00e9e et qu\u2019il est impossible de la vider, provoquant des mictions fr\u00e9quentes et incontr\u00f4l\u00e9es. La vessie peut \u00eatre si grosse qu\u2019elle peut \u00eatre ressentie au-dessus de l\u2019os pubien.<\/li>\n<li>L&#8217;incontinence neurog\u00e8ne survient dans certaines maladies neurologiques ou dans l\u2019affaiblissement de la fonction du sphincter urinaire.<\/li>\n<\/ul>\n<p style=\"text-align: left;\"><\/div>\n<\/div>\n<div class=\"info-box\" style=\"text-align: center;\"><span class=\"box-icon\">\u00a0<\/span>Les contre-indications \u00e0 BellStim sont : stimulateur cardiaque, \u00e9pilepsie, grossesse, interventions chirurgicales (au cours des six derniers mois).<\/div>\n<p>\n<\/div><\/div>\n<div class=\"section-full-width section-dark\" style=\"background-color:#ffffff;\" id=\"avez-vousdesquestionsousouhaitez-vousprendreunrande-vous\"><div class=\"section-boxed\" style=\"color:#373737;\"><h2 class=\"section-title\" style=\"color:#373737;\">Avez-Vous des questions ou souhaitez-vous prendre un rande-vous?<\/h2><h4 style=\"color:#373737;\" class=\"sub-title\">N'h\u00e9sitez pas \u00e0 nous contacter!<\/h4><\/p>\n<p style=\"text-align: center;\"><a class=\"button\" href=\"https:\/\/teenlifting.com.hr\/fr\/contact\/\" target=\"_blank\">ENVOYER<\/a><\/p>\n<p>\n<\/div><\/div>\n","protected":false},"excerpt":{"rendered":"","protected":false},"author":3,"featured_media":0,"parent":0,"menu_order":0,"comment_status":"closed","ping_status":"closed","template":"template-full-custom.php","meta":{"om_disable_all_campaigns":false,"_monsterinsights_skip_tracking":false,"_monsterinsights_sitenote_active":false,"_monsterinsights_sitenote_note":"","_monsterinsights_sitenote_category":0,"_uf_show_specific_survey":0,"_uf_disable_surveys":false,"footnotes":""},"class_list":["post-2827","page","type-page","status-publish","hentry"],"aioseo_notices":[],"yoast_head":"<!-- This site is optimized with the Yoast SEO plugin v27.4 - https:\/\/yoast.com\/product\/yoast-seo-wordpress\/ -->\n<title>Stimulation pelvienne BellStim - Teenlifting<\/title>\n<meta name=\"robots\" content=\"index, follow, max-snippet:-1, max-image-preview:large, max-video-preview:-1\" \/>\n<link rel=\"canonical\" href=\"https:\/\/mail.bell-stim.com\/fr\/stimulation-pelvienne-bellstim\/\" \/>\n<meta property=\"og:locale\" content=\"fr_FR\" \/>\n<meta property=\"og:type\" content=\"article\" \/>\n<meta property=\"og:title\" content=\"Stimulation pelvienne BellStim - Teenlifting\" \/>\n<meta property=\"og:url\" content=\"https:\/\/mail.bell-stim.com\/fr\/stimulation-pelvienne-bellstim\/\" \/>\n<meta property=\"og:site_name\" content=\"Teenlifting\" \/>\n<meta property=\"article:modified_time\" content=\"2025-03-28T10:45:46+00:00\" \/>\n<meta name=\"twitter:card\" content=\"summary_large_image\" \/>\n<meta name=\"twitter:label1\" content=\"Est. reading time\" \/>\n\t<meta name=\"twitter:data1\" content=\"6 minutes\" \/>\n<script type=\"application\/ld+json\" class=\"yoast-schema-graph\">{\"@context\":\"https:\\\/\\\/schema.org\",\"@graph\":[{\"@type\":\"WebPage\",\"@id\":\"https:\\\/\\\/mail.bell-stim.com\\\/fr\\\/stimulation-pelvienne-bellstim\\\/\",\"url\":\"https:\\\/\\\/mail.bell-stim.com\\\/fr\\\/stimulation-pelvienne-bellstim\\\/\",\"name\":\"Stimulation pelvienne BellStim - Teenlifting\",\"isPartOf\":{\"@id\":\"https:\\\/\\\/mail.bell-stim.com\\\/en\\\/#website\"},\"datePublished\":\"2025-01-08T18:13:09+00:00\",\"dateModified\":\"2025-03-28T10:45:46+00:00\",\"breadcrumb\":{\"@id\":\"https:\\\/\\\/mail.bell-stim.com\\\/fr\\\/stimulation-pelvienne-bellstim\\\/#breadcrumb\"},\"inLanguage\":\"fr-FR\",\"potentialAction\":[{\"@type\":\"ReadAction\",\"target\":[\"https:\\\/\\\/mail.bell-stim.com\\\/fr\\\/stimulation-pelvienne-bellstim\\\/\"]}]},{\"@type\":\"BreadcrumbList\",\"@id\":\"https:\\\/\\\/mail.bell-stim.com\\\/fr\\\/stimulation-pelvienne-bellstim\\\/#breadcrumb\",\"itemListElement\":[{\"@type\":\"ListItem\",\"position\":1,\"name\":\"Po\u010detna stranica\",\"item\":\"https:\\\/\\\/mail.bell-stim.com\\\/fr\\\/\"},{\"@type\":\"ListItem\",\"position\":2,\"name\":\"Stimulation pelvienne BellStim\"}]},{\"@type\":\"WebSite\",\"@id\":\"https:\\\/\\\/mail.bell-stim.com\\\/en\\\/#website\",\"url\":\"https:\\\/\\\/mail.bell-stim.com\\\/en\\\/\",\"name\":\"Teenlifting\",\"description\":\"Aktiviraj, ne plastificiraj!\",\"potentialAction\":[{\"@type\":\"SearchAction\",\"target\":{\"@type\":\"EntryPoint\",\"urlTemplate\":\"https:\\\/\\\/mail.bell-stim.com\\\/en\\\/?s={search_term_string}\"},\"query-input\":{\"@type\":\"PropertyValueSpecification\",\"valueRequired\":true,\"valueName\":\"search_term_string\"}}],\"inLanguage\":\"fr-FR\"}]}<\/script>\n<!-- \/ Yoast SEO plugin. -->","yoast_head_json":{"title":"Stimulation pelvienne BellStim - Teenlifting","robots":{"index":"index","follow":"follow","max-snippet":"max-snippet:-1","max-image-preview":"max-image-preview:large","max-video-preview":"max-video-preview:-1"},"canonical":"https:\/\/mail.bell-stim.com\/fr\/stimulation-pelvienne-bellstim\/","og_locale":"fr_FR","og_type":"article","og_title":"Stimulation pelvienne BellStim - Teenlifting","og_url":"https:\/\/mail.bell-stim.com\/fr\/stimulation-pelvienne-bellstim\/","og_site_name":"Teenlifting","article_modified_time":"2025-03-28T10:45:46+00:00","twitter_card":"summary_large_image","twitter_misc":{"Est. reading time":"6 minutes"},"schema":{"@context":"https:\/\/schema.org","@graph":[{"@type":"WebPage","@id":"https:\/\/mail.bell-stim.com\/fr\/stimulation-pelvienne-bellstim\/","url":"https:\/\/mail.bell-stim.com\/fr\/stimulation-pelvienne-bellstim\/","name":"Stimulation pelvienne BellStim - Teenlifting","isPartOf":{"@id":"https:\/\/mail.bell-stim.com\/en\/#website"},"datePublished":"2025-01-08T18:13:09+00:00","dateModified":"2025-03-28T10:45:46+00:00","breadcrumb":{"@id":"https:\/\/mail.bell-stim.com\/fr\/stimulation-pelvienne-bellstim\/#breadcrumb"},"inLanguage":"fr-FR","potentialAction":[{"@type":"ReadAction","target":["https:\/\/mail.bell-stim.com\/fr\/stimulation-pelvienne-bellstim\/"]}]},{"@type":"BreadcrumbList","@id":"https:\/\/mail.bell-stim.com\/fr\/stimulation-pelvienne-bellstim\/#breadcrumb","itemListElement":[{"@type":"ListItem","position":1,"name":"Po\u010detna stranica","item":"https:\/\/mail.bell-stim.com\/fr\/"},{"@type":"ListItem","position":2,"name":"Stimulation pelvienne BellStim"}]},{"@type":"WebSite","@id":"https:\/\/mail.bell-stim.com\/en\/#website","url":"https:\/\/mail.bell-stim.com\/en\/","name":"Teenlifting","description":"Aktiviraj, ne plastificiraj!","potentialAction":[{"@type":"SearchAction","target":{"@type":"EntryPoint","urlTemplate":"https:\/\/mail.bell-stim.com\/en\/?s={search_term_string}"},"query-input":{"@type":"PropertyValueSpecification","valueRequired":true,"valueName":"search_term_string"}}],"inLanguage":"fr-FR"}]}},"_links":{"self":[{"href":"https:\/\/teenlifting.co.za\/fr\/wp-json\/wp\/v2\/pages\/2827","targetHints":{"allow":["GET"]}}],"collection":[{"href":"https:\/\/teenlifting.co.za\/fr\/wp-json\/wp\/v2\/pages"}],"about":[{"href":"https:\/\/teenlifting.co.za\/fr\/wp-json\/wp\/v2\/types\/page"}],"author":[{"embeddable":true,"href":"https:\/\/teenlifting.co.za\/fr\/wp-json\/wp\/v2\/users\/3"}],"replies":[{"embeddable":true,"href":"https:\/\/teenlifting.co.za\/fr\/wp-json\/wp\/v2\/comments?post=2827"}],"version-history":[{"count":6,"href":"https:\/\/teenlifting.co.za\/fr\/wp-json\/wp\/v2\/pages\/2827\/revisions"}],"predecessor-version":[{"id":2972,"href":"https:\/\/teenlifting.co.za\/fr\/wp-json\/wp\/v2\/pages\/2827\/revisions\/2972"}],"wp:attachment":[{"href":"https:\/\/teenlifting.co.za\/fr\/wp-json\/wp\/v2\/media?parent=2827"}],"curies":[{"name":"wp","href":"https:\/\/api.w.org\/{rel}","templated":true}]}}