{"id":1518,"date":"2017-01-26T20:19:26","date_gmt":"2017-01-26T20:19:26","guid":{"rendered":"http:\/\/www.teenlifting.com.hr\/sl\/?page_id=1518"},"modified":"2017-02-12T11:43:43","modified_gmt":"2017-02-12T11:43:43","slug":"domov","status":"publish","type":"page","link":"https:\/\/teenlifting.co.za\/sl\/","title":{"rendered":"Domov"},"content":{"rendered":"<div class=\"section-full-width section-light-bg\" style=\"background-color:#f7f7f7;\" id=\"teenliftingtretmaji\"><div class=\"section-boxed\" style=\"color:#373737;\"><h2 class=\"section-title\" style=\"color:#252525;\">TEENLIFTING tretmaji<\/h2><\/p>\n<h2>Revolucionarni antiage tretmaji s katerimi se ja\u010da tonus, <a href=\"http:\/\/www.teenlifting.com.hr\/sl\/teenlifting-obraza\/\">oblikuje obraz<\/a> in <a href=\"http:\/\/www.teenlifting.com.hr\/sl\/teenlifting-telesa\/\">telo<\/a> ter krepi va\u0161e zdravje. TEENLIFTING je zgodba o mi\u0161icah.<\/h2>\n<p>TEENLIFTING\u00ae vsebuje: trening, lifting, pomlajevanje, oblikovanje, stimulacijo akupunkturnih to\u010dk, drena\u017eo, pove\u010dano prekrvavitev stimuliranih tkiv, krepitev kostne mase, uporabo fizikalne medicine v kozmetiki z isto\u010dasnimi odli\u010dnimi rezultati rehabilitacije in profilakse vseh sklepov in mi\u0161ic.<\/p>\n<p>&nbsp;<\/p>\n<div class=\"services-wrapper services-boxed-photo cols-wrapper cols-4\"><div class=\"services-box col\"><a href=\"http:\/\/www.teenlifting.com.hr\/sl\/teenlifting-obraza\/\"><div class=\"img-container\"><img decoding=\"async\" src=\"https:\/\/www.teenlifting.com.hr\/content\/uploads\/2016\/09\/teenlifting_lica_box-1.jpg\" alt=\"TEENLIFTING Obraza\"\/><\/div><\/a><div class=\"services-content\"><div class=\"sc-wraper\"><h3><a href=\"http:\/\/www.teenlifting.com.hr\/sl\/teenlifting-obraza\/\">TEENLIFTING Obraza<\/a><\/h3><p>TEENLIFTING obraza je elektrostimulacija vseh mi\u0161ic obraza in vratu z namenom napenjanja \u010dela, dviga obrvi in vek, dviga li\u010dnic, izgube podo\u010dnjakov, polnjenja ustnic in brade, izgube podbradka,  napenjanja vratu in o\u017eanja celotnega obraza.\r\n<\/br><\/br>\r\n<a class=\"button\" href=\"http:\/\/www.teenlifting.com.hr\/sl\/teenlifting-obraza\/\">Preberi ve\u010d<\/a><\/p><\/div><\/div><\/div><div class=\"services-box col\"><a href=\"http:\/\/www.teenlifting.com.hr\/sl\/teenlifting-telesa\/\"><div class=\"img-container\"><img decoding=\"async\" src=\"https:\/\/www.teenlifting.com.hr\/content\/uploads\/2016\/09\/teenlifting_tijela_box.jpg\" alt=\"TEENLIFTING Telesa\"\/><\/div><\/a><div class=\"services-content\"><div class=\"sc-wraper\"><h3><a href=\"http:\/\/www.teenlifting.com.hr\/sl\/teenlifting-telesa\/\">TEENLIFTING Telesa<\/a><\/h3><p>TEENLIFTING  telesa je elektrostimulacija vseh mi\u0161ic telesa z  namenom oblikovanja, izgube celulita, huj\u0161anja, odstranitve bole\u010din, drena\u017ee, detoksikacije organizma, izbolj\u0161ane prekrvavitve in oksigenacije vseh tkiv.\r\n<\/br><\/br>\r\n<a class=\"button\" href=\"http:\/\/www.teenlifting.com.hr\/sl\/teenlifting-telesa\/\">Preberi ve\u010d<\/a><\/p><\/div><\/div><\/div><div class=\"services-box col\"><a href=\"http:\/\/www.teenlifting.com.hr\/sl\/teenlifting-medenice\/\"><div class=\"img-container\"><img decoding=\"async\" src=\"https:\/\/www.teenlifting.com.hr\/content\/uploads\/2016\/09\/teenlifting_zdjelice_box-1.jpg\" alt=\"TEENLIFTING Medenice\"\/><\/div><\/a><div class=\"services-content\"><div class=\"sc-wraper\"><h3><a href=\"http:\/\/www.teenlifting.com.hr\/sl\/teenlifting-medenice\/\">TEENLIFTING Medenice<\/a><\/h3><p>TEENLIFTING  medenice je elektrostimulacija vseh mi\u0161ic medenice in notranjih organov z namenom re\u0161itve te\u017eav z inkontinenco, impotenco, bole\u010din v kolkih in hrbtenici, dviga maternice, drena\u017ee in oblikovanja trebuha, zadnjice in bokov.\r\n<\/br><\/br>\r\n<a class=\"button\" href=\"http:\/\/www.teenlifting.com.hr\/sl\/teenlifting-medenice\/\">Preberi ve\u010d<\/a><\/p><\/div><\/div><\/div><div class=\"services-box col nomargin\"><a href=\"http:\/\/www.teenlifting.com.hr\/sl\/teenlifting-platizme\/\"><div class=\"img-container\"><img decoding=\"async\" src=\"https:\/\/www.teenlifting.com.hr\/content\/uploads\/2016\/09\/teenlifting_platizme_box.jpg\" alt=\"TEENLIFTING Platizme\"\/><\/div><\/a><div class=\"services-content\"><div class=\"sc-wraper\"><h3><a href=\"http:\/\/www.teenlifting.com.hr\/sl\/teenlifting-platizme\/\">TEENLIFTING Platizme<\/a><\/h3><p>TEENLIFTING platizme je elektrostimulacija vseh mi\u0161ic vratu, podbradka, ust in lic z namenom napenjanja vratu, izgube podbradka, poudarjanja brade in ustnic, dvigovanja lic, o\u017eanja lic in vratu ter izbolj\u0161anja tonusa mi\u0161ic in ko\u017ee.\r\n<\/br><\/br>\r\n<a class=\"button\" href=\"http:\/\/www.teenlifting.com.hr\/sl\/teenlifting-platizme\/\">Preberi ve\u010d<\/a><\/p><\/div><\/div><\/div><div class=\"clear\"><\/div><\/div>\n<p>\n<\/div><\/div>\n<div class=\"section-full-width section-light2 parallax-scroll\" style=\"background-color:#ffffff; min-height:450px;\" id=\"postanitena\u0160partner\"><div style=\"background-image:url(https:\/\/www.teenlifting.com.hr\/content\/uploads\/2016\/03\/teenlifting-centar-2.jpg); opacity:0.5; filter: alpha(opacity=50);\" class=\"full-bg-image\" ><\/div><div class=\"section-boxed\" style=\"color:#777777;\"><h2 class=\"section-title\" style=\"color:#252525;\">POSTANITE NA\u0160 PARTNER<\/h2><h4 style=\"color:#252525;\" class=\"sub-title\">TEENLIFTING FRAN\u0160IZA<\/h4><\/p>\n<p style=\"text-align: center;\"><a class=\"button\" href=\"http:\/\/www.teenlifting.com.hr\/sl\/fransizo\/\">PREBERI VE\u010c<\/a><\/p>\n<p>\n<\/div><\/div>\n<div class=\"testimonial-slider\" data-autoplay=\"true\"><div class=\"testimonial-container\"><div class=\"testimonial-wrapper\"><div class=\"testimonial-info\"><img decoding=\"async\" class=\"img-frame testimonial-img\" src=\"https:\/\/teenlifting.com.hr\/content\/uploads\/2017\/02\/zvezdana.jpg\" alt=\"ZVEZDANA MLAKAR\" \/><div class=\"testimonials-details\"><h2>ZVEZDANA MLAKAR<\/h2><span>Filmska in gledaliska igralka<\/span><\/div><\/div><blockquote><p>Ne morem si pomagati, moram deliti z vami!\r\nPravkar sem videla svojo fotko izpred dveh let, shujsan, upadel obraz sem imela, o\u010di nekje globoko v jamicah...Potem sem za\u010dela hoditi na TEENLIFTING, ni\u010d umetnega, nobenih polnil in botoxa ni na meni. Globoke gube na \u010delu so se stanj\u0161ale, pa vendar so tam, tudi okrog o\u010di...Pa vendar je moj obraz svez, mehak, naraven.<\/p><\/blockquote><\/div><\/div><div class=\"testimonial-container\"><div class=\"testimonial-wrapper\"><div class=\"testimonial-info\"><img decoding=\"async\" class=\"img-frame testimonial-img\" src=\"https:\/\/teenlifting.com.hr\/content\/uploads\/2017\/02\/testimoniali_radni.jpg\" alt=\"MAJA MARTINA MERLJAK\" \/><div class=\"testimonials-details\"><h2>MAJA MARTINA MERLJAK<\/h2><span>Igralka<\/span><\/div><\/div><blockquote><p>Na TEENLIFTING - Metodo dr. Sanje Malba\u0161a Go\u0161ovi\u0107, za vzdr\u017eevanje mladostnega, vitalnega videza prisegam zato, ker je preprosto logi\u010dna. \u010ce mi\u0161ice, kjerkoli na telesu, z vadbo krepi\u0161, bodo ohranile svojo primarno, mladostno obliko. Elektrostimulacija je metoda stara pribli\u017eno toliko kot elektrika, a niti ena od vseh elektrostimulativnih metod, ki so trenutno na tr\u017ei\u0161\u010du, nima nikakr\u0161ne zveze s Teenliftingom - sem preizkusila vse. Izjemna jakost, velikost ter prava oblika razli\u010dnih, za vsako skupino mi\u0161ic posebej prilagojenih neto\u010dkastih elektrod, izdelanih po dolgoletnih pikolovksih raziskavah in izku\u0161njah dr. Sanje Malba\u0161a Go\u0161ovi\u0107, zagotavljajo tako reko\u010d kiparsko obravnavo mi\u0161ic, ki ji enostavno ni para. Izklju\u010dno tak\u0161na obravnava pa prine\u0161a prave, vidne rezultate.<\/p><\/blockquote><\/div><\/div><div class=\"testimonial-container\"><div class=\"testimonial-wrapper\"><div class=\"testimonial-info\"><img decoding=\"async\" class=\"img-frame testimonial-img\" src=\"https:\/\/teenlifting.com.hr\/content\/uploads\/2017\/02\/tina-gorenjak.jpg\" alt=\"TINA GORENJAK\" \/><div class=\"testimonials-details\"><h2>TINA GORENJAK<\/h2><span>Igralka<\/span><\/div><\/div><blockquote><p>Pred dvema letoma sem za\u010dela z nekaj zaporednimi tretmaji in guba je resni\u010dno izginila. Kot bi jo zlikali. S stimulacijo namre\u010d krepimo mi\u0161ice obraza, ki ponovno za\u010dnejo delati, postanejo napete in aktivne in tako napet in zglajen postane celoten obraz. Po vsakem nadaljnjem tretmaju sem vedno \u010dutila, kakor da je moj obraz kot majhen natreniran atlet, na katerem vsaka mi\u0161ica \u010dvrsto stoji na svojem mestu. Meni osebno je pomembno tudi to, da na tretmaje ni potrebno hoditi pogosto in redno. Efekt \u201eobraznega fitnesa\u201c se ne izgubi. Vsakokrat, ko pride\u0161 na \u201etrening\u201c, se mi\u0161ice samo ponovno okrepijo in celoten obraz je ponovno sve\u017e in mladosten. <\/p><\/blockquote><\/div><\/div><div class=\"testimonial-container\"><div class=\"testimonial-wrapper\"><div class=\"testimonial-info\"><img decoding=\"async\" class=\"img-frame testimonial-img\" src=\"https:\/\/teenlifting.com.hr\/content\/uploads\/2016\/12\/josipa_lisac.jpg\" alt=\"JOSIPA LISAC\" \/><div class=\"testimonials-details\"><h2>JOSIPA LISAC<\/h2><span>Pevka<\/span><\/div><\/div><blockquote><p>Videti sem bolje kot pred 10 leti. Ko gledam svoje starej\u0161e fotografije, opa\u017eam, da je nekaj druga\u010de, ampak to niso leta!<\/p><\/blockquote><\/div><\/div><div class=\"testimonial-container\"><div class=\"testimonial-wrapper\"><div class=\"testimonial-info\"><img decoding=\"async\" class=\"img-frame testimonial-img\" src=\"https:\/\/teenlifting.com.hr\/content\/uploads\/2016\/12\/tarik_filipovic.jpg\" alt=\"TARIK FILIPOVI\u0106\" \/><div class=\"testimonials-details\"><h2>TARIK FILIPOVI\u0106<\/h2><span>igralec in voditelj<\/span><\/div><\/div><blockquote><p>Navdu\u0161en sem nad metodo elektrostimulacije TEENLIFTING, ker govorimo o fitnesu obraza. Celo mi igralci, ki moramo imeti izrazno mimiko obraza, imamo probleme z gubami.<\/p><\/blockquote><\/div><\/div><\/div>\n<p>&nbsp;<\/p>\n","protected":false},"excerpt":{"rendered":"<p>&nbsp;<\/p>\n","protected":false},"author":3,"featured_media":0,"parent":0,"menu_order":1,"comment_status":"closed","ping_status":"closed","template":"template-full-custom.php","meta":{"om_disable_all_campaigns":false,"_monsterinsights_skip_tracking":false,"_monsterinsights_sitenote_active":false,"_monsterinsights_sitenote_note":"","_monsterinsights_sitenote_category":0,"_uf_show_specific_survey":0,"_uf_disable_surveys":false,"footnotes":""},"class_list":["post-1518","page","type-page","status-publish","hentry"],"aioseo_notices":[],"yoast_head":"<!-- This site is optimized with the Yoast SEO plugin v27.4 - https:\/\/yoast.com\/product\/yoast-seo-wordpress\/ -->\n<title>Domov - Teenlifting<\/title>\n<meta name=\"robots\" content=\"index, follow, max-snippet:-1, max-image-preview:large, max-video-preview:-1\" \/>\n<link rel=\"canonical\" href=\"https:\/\/mail.bell-stim.com\/sl\/\" \/>\n<meta property=\"og:locale\" content=\"sl_SI\" \/>\n<meta property=\"og:type\" content=\"article\" \/>\n<meta property=\"og:title\" content=\"Domov - Teenlifting\" \/>\n<meta property=\"og:description\" content=\"&nbsp;\" \/>\n<meta property=\"og:url\" content=\"https:\/\/mail.bell-stim.com\/sl\/\" \/>\n<meta property=\"og:site_name\" content=\"Teenlifting\" \/>\n<meta property=\"article:modified_time\" content=\"2017-02-12T11:43:43+00:00\" \/>\n<meta name=\"twitter:card\" content=\"summary_large_image\" \/>\n<meta name=\"twitter:label1\" content=\"Est. reading time\" \/>\n\t<meta name=\"twitter:data1\" content=\"1 minuta\" \/>\n<script type=\"application\/ld+json\" class=\"yoast-schema-graph\">{\"@context\":\"https:\\\/\\\/schema.org\",\"@graph\":[{\"@type\":\"WebPage\",\"@id\":\"https:\\\/\\\/mail.bell-stim.com\\\/sl\\\/\",\"url\":\"https:\\\/\\\/mail.bell-stim.com\\\/sl\\\/\",\"name\":\"Domov - Teenlifting\",\"isPartOf\":{\"@id\":\"https:\\\/\\\/mail.bell-stim.com\\\/en\\\/#website\"},\"datePublished\":\"2017-01-26T20:19:26+00:00\",\"dateModified\":\"2017-02-12T11:43:43+00:00\",\"breadcrumb\":{\"@id\":\"https:\\\/\\\/mail.bell-stim.com\\\/sl\\\/#breadcrumb\"},\"inLanguage\":\"sl-SI\",\"potentialAction\":[{\"@type\":\"ReadAction\",\"target\":[\"https:\\\/\\\/mail.bell-stim.com\\\/sl\\\/\"]}]},{\"@type\":\"BreadcrumbList\",\"@id\":\"https:\\\/\\\/mail.bell-stim.com\\\/sl\\\/#breadcrumb\",\"itemListElement\":[{\"@type\":\"ListItem\",\"position\":1,\"name\":\"Po\u010detna stranica\",\"item\":\"https:\\\/\\\/mail.bell-stim.com\\\/sl\\\/\"},{\"@type\":\"ListItem\",\"position\":2,\"name\":\"Domov\"}]},{\"@type\":\"WebSite\",\"@id\":\"https:\\\/\\\/mail.bell-stim.com\\\/en\\\/#website\",\"url\":\"https:\\\/\\\/mail.bell-stim.com\\\/en\\\/\",\"name\":\"Teenlifting\",\"description\":\"Aktiviraj, ne plastificiraj!\",\"potentialAction\":[{\"@type\":\"SearchAction\",\"target\":{\"@type\":\"EntryPoint\",\"urlTemplate\":\"https:\\\/\\\/mail.bell-stim.com\\\/en\\\/?s={search_term_string}\"},\"query-input\":{\"@type\":\"PropertyValueSpecification\",\"valueRequired\":true,\"valueName\":\"search_term_string\"}}],\"inLanguage\":\"sl-SI\"}]}<\/script>\n<!-- \/ Yoast SEO plugin. -->","yoast_head_json":{"title":"Domov - Teenlifting","robots":{"index":"index","follow":"follow","max-snippet":"max-snippet:-1","max-image-preview":"max-image-preview:large","max-video-preview":"max-video-preview:-1"},"canonical":"https:\/\/mail.bell-stim.com\/sl\/","og_locale":"sl_SI","og_type":"article","og_title":"Domov - Teenlifting","og_description":"&nbsp;","og_url":"https:\/\/mail.bell-stim.com\/sl\/","og_site_name":"Teenlifting","article_modified_time":"2017-02-12T11:43:43+00:00","twitter_card":"summary_large_image","twitter_misc":{"Est. reading time":"1 minuta"},"schema":{"@context":"https:\/\/schema.org","@graph":[{"@type":"WebPage","@id":"https:\/\/mail.bell-stim.com\/sl\/","url":"https:\/\/mail.bell-stim.com\/sl\/","name":"Domov - Teenlifting","isPartOf":{"@id":"https:\/\/mail.bell-stim.com\/en\/#website"},"datePublished":"2017-01-26T20:19:26+00:00","dateModified":"2017-02-12T11:43:43+00:00","breadcrumb":{"@id":"https:\/\/mail.bell-stim.com\/sl\/#breadcrumb"},"inLanguage":"sl-SI","potentialAction":[{"@type":"ReadAction","target":["https:\/\/mail.bell-stim.com\/sl\/"]}]},{"@type":"BreadcrumbList","@id":"https:\/\/mail.bell-stim.com\/sl\/#breadcrumb","itemListElement":[{"@type":"ListItem","position":1,"name":"Po\u010detna stranica","item":"https:\/\/mail.bell-stim.com\/sl\/"},{"@type":"ListItem","position":2,"name":"Domov"}]},{"@type":"WebSite","@id":"https:\/\/mail.bell-stim.com\/en\/#website","url":"https:\/\/mail.bell-stim.com\/en\/","name":"Teenlifting","description":"Aktiviraj, ne plastificiraj!","potentialAction":[{"@type":"SearchAction","target":{"@type":"EntryPoint","urlTemplate":"https:\/\/mail.bell-stim.com\/en\/?s={search_term_string}"},"query-input":{"@type":"PropertyValueSpecification","valueRequired":true,"valueName":"search_term_string"}}],"inLanguage":"sl-SI"}]}},"_links":{"self":[{"href":"https:\/\/teenlifting.co.za\/sl\/wp-json\/wp\/v2\/pages\/1518","targetHints":{"allow":["GET"]}}],"collection":[{"href":"https:\/\/teenlifting.co.za\/sl\/wp-json\/wp\/v2\/pages"}],"about":[{"href":"https:\/\/teenlifting.co.za\/sl\/wp-json\/wp\/v2\/types\/page"}],"author":[{"embeddable":true,"href":"https:\/\/teenlifting.co.za\/sl\/wp-json\/wp\/v2\/users\/3"}],"replies":[{"embeddable":true,"href":"https:\/\/teenlifting.co.za\/sl\/wp-json\/wp\/v2\/comments?post=1518"}],"version-history":[{"count":6,"href":"https:\/\/teenlifting.co.za\/sl\/wp-json\/wp\/v2\/pages\/1518\/revisions"}],"predecessor-version":[{"id":1644,"href":"https:\/\/teenlifting.co.za\/sl\/wp-json\/wp\/v2\/pages\/1518\/revisions\/1644"}],"wp:attachment":[{"href":"https:\/\/teenlifting.co.za\/sl\/wp-json\/wp\/v2\/media?parent=1518"}],"curies":[{"name":"wp","href":"https:\/\/api.w.org\/{rel}","templated":true}]}}